{"id":34508,"date":"2018-04-12T08:34:15","date_gmt":"2018-04-12T08:34:15","guid":{"rendered":"https:\/\/2018.lanterne.ch\/pl\/trouver-un-club\/"},"modified":"2018-05-29T17:14:46","modified_gmt":"2018-05-29T17:14:46","slug":"trouver-un-club","status":"publish","type":"page","link":"https:\/\/www.lanterne-magique.org\/pl\/trouver-un-club\/","title":{"rendered":"Znajd\u017a klub"},"content":{"rendered":"","protected":false},"excerpt":{"rendered":"","protected":false},"author":1,"featured_media":0,"parent":0,"menu_order":0,"comment_status":"closed","ping_status":"closed","template":"page-clubs.php","meta":{"_acf_changed":false,"_monsterinsights_skip_tracking":false,"_monsterinsights_sitenote_active":false,"_monsterinsights_sitenote_note":"","_monsterinsights_sitenote_category":0,"footnotes":""},"class_list":["post-34508","page","type-page","status-publish","hentry"],"acf":{"intro":"","subtitle":"Je\u015bli chcesz dowiedzie\u0107 si\u0119 czego\u015b wi\u0119cej na temat projektu Magiczna Latarnia w twojej okolicy, skontaktuj si\u0119 z dzia\u0142aj\u0105cym tam klubem.","extra_buttons":[{"title":"Otw\u00f3rz klub","link":"https:\/\/www.lanterne-magique.org\/pl\/on-a-besoin-de-vous\/ouvrir-un-club\/"}]},"_links":{"self":[{"href":"https:\/\/www.lanterne-magique.org\/pl\/wp-json\/wp\/v2\/pages\/34508","targetHints":{"allow":["GET"]}}],"collection":[{"href":"https:\/\/www.lanterne-magique.org\/pl\/wp-json\/wp\/v2\/pages"}],"about":[{"href":"https:\/\/www.lanterne-magique.org\/pl\/wp-json\/wp\/v2\/types\/page"}],"author":[{"embeddable":true,"href":"https:\/\/www.lanterne-magique.org\/pl\/wp-json\/wp\/v2\/users\/1"}],"replies":[{"embeddable":true,"href":"https:\/\/www.lanterne-magique.org\/pl\/wp-json\/wp\/v2\/comments?post=34508"}],"version-history":[{"count":5,"href":"https:\/\/www.lanterne-magique.org\/pl\/wp-json\/wp\/v2\/pages\/34508\/revisions"}],"predecessor-version":[{"id":38640,"href":"https:\/\/www.lanterne-magique.org\/pl\/wp-json\/wp\/v2\/pages\/34508\/revisions\/38640"}],"wp:attachment":[{"href":"https:\/\/www.lanterne-magique.org\/pl\/wp-json\/wp\/v2\/media?parent=34508"}],"curies":[{"name":"wp","href":"https:\/\/api.w.org\/{rel}","templated":true}]}}