{"id":34282,"date":"2018-04-06T13:02:44","date_gmt":"2018-04-06T13:02:44","guid":{"rendered":"https:\/\/2018.lanterne.ch\/on-a-besoin-de-vous\/soutenir\/?lang=pl"},"modified":"2024-02-06T15:06:50","modified_gmt":"2024-02-06T15:06:50","slug":"soutenir","status":"publish","type":"page","link":"https:\/\/www.lanterne-magique.org\/pl\/on-a-besoin-de-vous\/soutenir\/","title":{"rendered":"Soutenir"},"content":{"rendered":"<p>La Lanterne Magique est une association sans but commercial ni lucratif, qui n\u2019a d\u2019autres recettes que les cotisations de ses membres. Afin que La Lanterne Magique puisse exister partout, aussi bien dans les petites localite\u0301s que dans les grandes villes, il est essentiel que son budget de fonctionnement soit couvert non seulement par ses partenaires publics et priv\u00e9s, mais aussi gr\u00e2ce aux dons des fondations et des personnes priv\u00e9es.<\/p>\n<p>Vous pouvez soutenir La Lanterne Magique de diverses fa\u00e7ons: faire un don au club de La Lanterne Magique de votre r\u00e9gion ou \u00e0 l&#8217;Association fa\u00eeti\u00e8re (ASLM), financer un projet sp\u00e9cifique ou un \u00e9v\u00e9nement en particulier. <a href=\"mailto:box@lanterne.ch\">Contactez-nous<\/a> afin que nous puissions d\u00e9finir ensemble la finalit\u00e9 et la visibilit\u00e9 de votre soutien.<\/p>\n<form action=\"https:\/\/www.paypal.com\/cgi-bin\/webscr\" method=\"post\" target=\"_top\"><input name=\"cmd\" type=\"hidden\" value=\"_s-xclick\" \/><input name=\"hosted_button_id\" type=\"hidden\" value=\"35HCKY3AP535G\" \/><input alt=\"PayPal - la solution de paiement en ligne la plus simple et la plus s\u00e9curis\u00e9e !\" name=\"submit\" src=\"https:\/\/www.paypalobjects.com\/fr_FR\/CH\/i\/btn\/btn_donateCC_LG.gif\" type=\"image\" \/><img loading=\"lazy\" decoding=\"async\" src=\"https:\/\/www.paypalobjects.com\/fr_FR\/i\/scr\/pixel.gif\" alt=\"\" width=\"1\" height=\"1\" border=\"0\" \/><\/form>\n<p><strong>Ou envoyez vos dons \u00e0:<\/strong><br \/>\nAssociation La Lanterne Magique<br \/>\nTerreaux 7<br \/>\nCH-2000 Neuch\u00e2tel<br \/>\nIBAN: CH06 0900 0000 2000 4857 0<br \/>\nBIC: POFICHBEXXX<\/p>\n<p><strong>Dons en nature<\/strong><br \/>\nVous poss\u00e9dez une entreprise: vous pouvez offrir vos services, un prix pour un festival, parrainer un spectacle cin\u00e9matographique, prendre en charge l\u2019h\u00e9bergement de nos invit\u00e9s lors d\u2019\u00e9v\u00e9nements sp\u00e9ciaux\u2026 En nous soutenant, vous vous associez \u00e0 un projet culturel et p\u00e9dagogique reconnu et m\u00e9diatis\u00e9.<br \/>\n<a href=\"mailto:box@lanterne.ch\">Ecrivez-nous<\/a>, nous sommes ouverts \u00e0 toutes vos suggestions.<\/p>\n<p><em>Dans le cadre de la l\u00e9gislation fiscale en vigueur en Suisse, les dons vers\u00e9s \u00e0 l&#8217;Association Suisse La Lanterne Magique sont fiscalement d\u00e9ductibles.<\/em><\/p>\n","protected":false},"excerpt":{"rendered":"<p>La Lanterne Magique est une association sans but commercial ni lucratif, qui n\u2019a d\u2019autres recettes que les cotisations de ses membres. Afin que La Lanterne Magique puisse exister partout, aussi bien dans les petites localite\u0301s que dans les grandes villes, il est essentiel que son budget de fonctionnement soit couvert non seulement par ses partenaires [&hellip;]<\/p>\n","protected":false},"author":1,"featured_media":0,"parent":34274,"menu_order":1,"comment_status":"closed","ping_status":"closed","template":"page-article.php","meta":{"_acf_changed":false,"_monsterinsights_skip_tracking":false,"_monsterinsights_sitenote_active":false,"_monsterinsights_sitenote_note":"","_monsterinsights_sitenote_category":0,"footnotes":""},"class_list":["post-34282","page","type-page","status-publish","hentry"],"acf":{"suptitle":"","intro":"","subtitle":"","bg_color":"saumon","sidebar_title":"","sidebar_content":"","sidebar_image":false},"_links":{"self":[{"href":"https:\/\/www.lanterne-magique.org\/pl\/wp-json\/wp\/v2\/pages\/34282","targetHints":{"allow":["GET"]}}],"collection":[{"href":"https:\/\/www.lanterne-magique.org\/pl\/wp-json\/wp\/v2\/pages"}],"about":[{"href":"https:\/\/www.lanterne-magique.org\/pl\/wp-json\/wp\/v2\/types\/page"}],"author":[{"embeddable":true,"href":"https:\/\/www.lanterne-magique.org\/pl\/wp-json\/wp\/v2\/users\/1"}],"replies":[{"embeddable":true,"href":"https:\/\/www.lanterne-magique.org\/pl\/wp-json\/wp\/v2\/comments?post=34282"}],"version-history":[{"count":4,"href":"https:\/\/www.lanterne-magique.org\/pl\/wp-json\/wp\/v2\/pages\/34282\/revisions"}],"predecessor-version":[{"id":83504,"href":"https:\/\/www.lanterne-magique.org\/pl\/wp-json\/wp\/v2\/pages\/34282\/revisions\/83504"}],"up":[{"embeddable":true,"href":"https:\/\/www.lanterne-magique.org\/pl\/wp-json\/wp\/v2\/pages\/34274"}],"wp:attachment":[{"href":"https:\/\/www.lanterne-magique.org\/pl\/wp-json\/wp\/v2\/media?parent=34282"}],"curies":[{"name":"wp","href":"https:\/\/api.w.org\/{rel}","templated":true}]}}