{"id":34186,"date":"2017-11-29T14:07:28","date_gmt":"2017-11-29T14:07:28","guid":{"rendered":"https:\/\/2018.lanterne.ch\/concept\/?lang=pl"},"modified":"2020-03-27T07:03:13","modified_gmt":"2020-03-27T07:03:13","slug":"concept","status":"publish","type":"page","link":"https:\/\/www.lanterne-magique.org\/pl\/concept\/","title":{"rendered":"Magiczna Latarnia w Lublinie!"},"content":{"rendered":"<p>Hurrraaa! Magiczna Latarnia, mi\u0119dzynarodowy klub filmowy dla dzieci powstaje w\u0142a\u015bnie w Lublinie\u2026 W wybrane niedziele od wrze\u015bnia do grudnia w Warsztatach Kultury w Lublinie odbywa\u0107 si\u0119 b\u0119d\u0105 regularne seanse, kt\u00f3re nie do\u015b\u0107, \u017ce poruszaj\u0105 wyobra\u017ani\u0119, to dostarczaj\u0105 wiedzy o magicznym \u015bwiecie kina.<\/p>\n<p>Dlaczego by wi\u0119c nie wy\u0142\u0105czy\u0107 telewizora i komputera i nie ruszy\u0107 w podr\u00f3\u017c po gartunkach filmowych wraz z Magiczn\u0105 Latarni\u0105?<br \/>\n&nbsp;<\/p>\n<div style=\"padding:56.25% 0 0 0;position:relative;\"><iframe src=\"https:\/\/player.vimeo.com\/video\/94963141?title=0&#038;byline=0&#038;portrait=0\" style=\"position:absolute;top:0;left:0;width:100%;height:100%;\" frameborder=\"0\" allow=\"autoplay; fullscreen\" allowfullscreen><\/iframe><\/div>\n<p><script src=\"https:\/\/player.vimeo.com\/api\/player.js\"><\/script><\/p>\n<h3>Poznajemy kino poprzez zabaw\u0119<\/h3>\n<p>Magiczna Latarnia jest skierowana do dzieci w wieku od 6 do 12 lat, kt\u00f3rym proponuje poznawanie kina po\u0142\u0105czone z zabaw\u0105, wed\u0142ug jedynego w swoim rodzaju scenariusza.<\/p>\n<p>W pokazach filmowych dzieci uczestnicz\u0105 bez rodzic\u00f3w, pozostaj\u0105c w tym czasie pod opiek\u0105 do\u015bwiadczonych animator\u00f3w.<\/p>\n<p>Na ka\u017cdym seansie cz\u0142onkowie klubu ogl\u0105daj\u0105 w kinie nowy film. Kilka dni wcze\u015bniej otrzymuj\u0105 ilustrowan\u0105 gazetk\u0119, kt\u00f3ra przedstawia program imprezy, a bezpo\u015brednio przed projekcj\u0105 uczestnicz\u0105 w zabawnym i pouczaj\u0105cym przedstawieniu, kt\u00f3re dodatkowo przygotowuje m\u0142odych kinoman\u00f3w do odbioru.<\/p>\n<h3>Filmy, z kt\u00f3rymi dorastamy<\/h3>\n<p>Podczas seans\u00f3w Magicznej Latarni dzieci odkrywaj\u0105 wielkie emocje kina i dziel\u0105 si\u0119 tymi wyj\u0105tkowymi chwilami ze swoimi r\u00f3wnolatkami, wyrabiaj\u0105c w sobie zmys\u0142 krytyczny\u2026<\/p>\n<p>Ka\u017cdego roku Magiczna Latarnia proponuje nowy, niezwykle bogaty wyb\u00f3r najlepszych produkcji kinowych b\u0119d\u0105cy doskona\u0142ym elementem edukacji filmowej dzieci.<\/p>\n<h3>Jak do\u0142\u0105czy\u0107 do klubu?<\/h3>\n<p>Bezp\u0142atna karta cz\u0142onkowska pozwala do\u0142\u0105czy\u0107 do klubu wszystkim dziewczynkom i ch\u0142opcom w wieku od 6 do 12 lat. Magiczna Latarnia, licz\u0105ca obecnie ponad 100 klub\u00f3w na ca\u0142ym \u015bwiecie, cieszy si\u0119 mi\u0119dzynarodow\u0105 renom\u0105 i dzia\u0142a w szko\u0142ach, na festiwalach oraz w internecie.<\/p>\n<p>Zapis\u00f3w mo\u017cna dokona\u0107 osobi\u015bcie w sekretariacie Warsztat\u00f3w Kultury lub za pomoc\u0105 <strong><a href=\"https:\/\/docs.google.com\/forms\/d\/1PcdXTy9ACscueWZ6FkbBPT4MTQ_h2uXcautf8MpODfU\/viewform\" target=\"_blank\" rel=\"noopener noreferrer\">formularza<\/a><\/strong> na stronie internetowej.<\/p>\n<p>Cz\u0142onkostwo w Klubie Magicznej Latarni jest ca\u0142kowicie bezp\u0142atne, ale oznacza udzia\u0142 we wszystkich pokazach odbywaj\u0105cych si\u0119 od wrze\u015bnia do grudnia zgodnie z <a href=\"http:\/\/www.warsztatykultury.pl\/projekty\/magiczna-latarnia\/program-2014\/\" target=\"_blank\" rel=\"noopener noreferrer\">harmonogramem dost\u0119pnym na stronie internetowej<\/a>.<\/p>\n<p><a href=\"http:\/\/warsztatykultury.pl\/\" target=\"_blank\" rel=\"noopener noreferrer\"><img loading=\"lazy\" decoding=\"async\" class=\"alignleft size-full wp-image-19734\" src=\"https:\/\/www.magic-lantern.org\/wp-content\/uploads\/2014\/06\/WK_logo.jpg\" alt=\"WK_logo\" width=\"166\" height=\"80\" \/><\/a><img loading=\"lazy\" decoding=\"async\" class=\"alignnone wp-image-22601 \" src=\"https:\/\/www.magic-lantern.org\/wp-content\/uploads\/2014\/05\/mkidn_01_cmyk-260x260.jpg\" alt=\"\" width=\"143\" height=\"111\" \/><\/p>\n","protected":false},"excerpt":{"rendered":"<p>Hurrraaa! Magiczna Latarnia, mi\u0119dzynarodowy klub filmowy dla dzieci powstaje w\u0142a\u015bnie w Lublinie\u2026 W wybrane niedziele od wrze\u015bnia do grudnia w Warsztatach Kultury w Lublinie odbywa\u0107 si\u0119 b\u0119d\u0105 regularne seanse, kt\u00f3re nie do\u015b\u0107, \u017ce poruszaj\u0105 wyobra\u017ani\u0119, to dostarczaj\u0105 wiedzy o magicznym \u015bwiecie kina. Dlaczego by wi\u0119c nie wy\u0142\u0105czy\u0107 telewizora i komputera i nie ruszy\u0107 w podr\u00f3\u017c [&hellip;]<\/p>\n","protected":false},"author":1,"featured_media":0,"parent":0,"menu_order":5,"comment_status":"closed","ping_status":"closed","template":"page-article.php","meta":{"_acf_changed":false,"_monsterinsights_skip_tracking":false,"_monsterinsights_sitenote_active":false,"_monsterinsights_sitenote_note":"","_monsterinsights_sitenote_category":0,"footnotes":""},"class_list":["post-34186","page","type-page","status-publish","hentry"],"acf":{"suptitle":"","intro":"Hurrraaa! Magiczna Latarnia, mi\u0119dzynarodowy klub filmowy dla dzieci powstaje w\u0142a\u015bnie w Lublinie\u2026","subtitle":"","bg_color":"saumon","sidebar_title":"","sidebar_content":"","sidebar_image":false},"_links":{"self":[{"href":"https:\/\/www.lanterne-magique.org\/pl\/wp-json\/wp\/v2\/pages\/34186","targetHints":{"allow":["GET"]}}],"collection":[{"href":"https:\/\/www.lanterne-magique.org\/pl\/wp-json\/wp\/v2\/pages"}],"about":[{"href":"https:\/\/www.lanterne-magique.org\/pl\/wp-json\/wp\/v2\/types\/page"}],"author":[{"embeddable":true,"href":"https:\/\/www.lanterne-magique.org\/pl\/wp-json\/wp\/v2\/users\/1"}],"replies":[{"embeddable":true,"href":"https:\/\/www.lanterne-magique.org\/pl\/wp-json\/wp\/v2\/comments?post=34186"}],"version-history":[{"count":10,"href":"https:\/\/www.lanterne-magique.org\/pl\/wp-json\/wp\/v2\/pages\/34186\/revisions"}],"predecessor-version":[{"id":50500,"href":"https:\/\/www.lanterne-magique.org\/pl\/wp-json\/wp\/v2\/pages\/34186\/revisions\/50500"}],"wp:attachment":[{"href":"https:\/\/www.lanterne-magique.org\/pl\/wp-json\/wp\/v2\/media?parent=34186"}],"curies":[{"name":"wp","href":"https:\/\/api.w.org\/{rel}","templated":true}]}}