{"id":72436,"date":"2021-04-06T09:48:09","date_gmt":"2021-04-06T09:48:09","guid":{"rendered":"https:\/\/www.lanterne-magique.org\/?page_id=72436"},"modified":"2021-04-06T09:49:24","modified_gmt":"2021-04-06T09:49:24","slug":"scatola-delle-idee","status":"publish","type":"page","link":"https:\/\/www.lanterne-magique.org\/it\/scatola-delle-idee\/","title":{"rendered":"La Scatola delle idee"},"content":{"rendered":"<p>Aperta a tutti e a tutte, la Scatola delle idee della Lanterna Magica ti permette di condividere con noi le tue idee e proposte: ti \u00e8 piaciuto particolarmente un film alla Lanterna Magica e vuoi parlarcene? Vorresti suggerire un film che conosci? C&#8217;\u00e8 un tema che pensi sia importante da affrontare alla Lanterna Magica? C&#8217;\u00e8 stato qualcosa durante la proiezione che non ti \u00e8 piaciuto o che potrebbe essere migliorato?<\/p>\n<p>Scrivi tutto quello che ti viene in mente, invialo nella Scatola delle idee e saremo felici di risponderti!<\/p>\n<h4><!DOCTYPE html><html><head><meta charset='UTF-8' \/><\/head><body class='GF_AJAX_POSTBACK'><p class=\"gform_not_found\">Oops! Non \u00e8 stato possibile trovare il tuo modulo.<\/p><\/body><\/html><\/h4>\n","protected":false},"excerpt":{"rendered":"<p>Aperta a tutti e a tutte, la Scatola delle idee della Lanterna Magica ti permette di condividere con noi le tue idee e proposte: ti \u00e8 piaciuto particolarmente un film alla Lanterna Magica e vuoi parlarcene? Vorresti suggerire un film che conosci? C&#8217;\u00e8 un tema che pensi sia importante da affrontare alla Lanterna Magica? C&#8217;\u00e8 [&hellip;]<\/p>\n","protected":false},"author":1,"featured_media":72413,"parent":0,"menu_order":0,"comment_status":"closed","ping_status":"closed","template":"page-article.php","meta":{"_acf_changed":false,"_monsterinsights_skip_tracking":false,"_monsterinsights_sitenote_active":false,"_monsterinsights_sitenote_note":"","_monsterinsights_sitenote_category":0,"footnotes":""},"class_list":["post-72436","page","type-page","status-publish","has-post-thumbnail","hentry"],"acf":{"suptitle":"Partecipa attivamente alla Lanterna Magica!","intro":"Hai un'idea? Una proposta?","subtitle":"","bg_color":"bleu","sidebar_title":"","sidebar_content":"","sidebar_image":false},"_links":{"self":[{"href":"https:\/\/www.lanterne-magique.org\/it\/wp-json\/wp\/v2\/pages\/72436","targetHints":{"allow":["GET"]}}],"collection":[{"href":"https:\/\/www.lanterne-magique.org\/it\/wp-json\/wp\/v2\/pages"}],"about":[{"href":"https:\/\/www.lanterne-magique.org\/it\/wp-json\/wp\/v2\/types\/page"}],"author":[{"embeddable":true,"href":"https:\/\/www.lanterne-magique.org\/it\/wp-json\/wp\/v2\/users\/1"}],"replies":[{"embeddable":true,"href":"https:\/\/www.lanterne-magique.org\/it\/wp-json\/wp\/v2\/comments?post=72436"}],"version-history":[{"count":2,"href":"https:\/\/www.lanterne-magique.org\/it\/wp-json\/wp\/v2\/pages\/72436\/revisions"}],"predecessor-version":[{"id":72438,"href":"https:\/\/www.lanterne-magique.org\/it\/wp-json\/wp\/v2\/pages\/72436\/revisions\/72438"}],"wp:featuredmedia":[{"embeddable":true,"href":"https:\/\/www.lanterne-magique.org\/it\/wp-json\/wp\/v2\/media\/72413"}],"wp:attachment":[{"href":"https:\/\/www.lanterne-magique.org\/it\/wp-json\/wp\/v2\/media?parent=72436"}],"curies":[{"name":"wp","href":"https:\/\/api.w.org\/{rel}","templated":true}]}}