{"id":34301,"date":"2018-04-05T12:08:19","date_gmt":"2018-04-05T12:08:19","guid":{"rendered":"https:\/\/2018.lanterne.ch\/on-a-besoin-de-vous\/ouvrir-un-club\/?lang=it"},"modified":"2020-02-23T16:25:45","modified_gmt":"2020-02-23T16:25:45","slug":"creare-un-club","status":"publish","type":"page","link":"https:\/\/www.lanterne-magique.org\/it\/on-a-besoin-de-vous\/creare-un-club\/","title":{"rendered":"Come fare per aprire un club La Lanterna Magica?"},"content":{"rendered":"<p>La prima cosa da fare \u00e8 contattare l\u2019Associazione centrale La Lanterna Magica (ASLM), che oltre a consigliare nelle procedure da seguire, si assicura del numero potenziale dei soci, fornisce il materiale promozionale e pedagogico necessario.<\/p>\n<h4>Il club de La Lanterna Magica nella vostra citt\u00e0<\/h4>\n<p>Per fondare un club de La Lanterna Magica nella vostra citt\u00e0, si fonda un\u2019associazione sulla base dello statuto fornito dall\u2019ASLM. Sotto forma di quota, il club aderisce all\u2019ASLM e pu\u00f2 beneficiare dei servizi e della programmazione. Per farsi conoscere, il club si occupa di contattare le strutture scolastiche, private e pubbliche, i centri di animazione, culturali, familiari, ecc. Tutto il materiale promozionale come depliant, dossier, manifesti e trailer deve essere concordato con l\u2019ASLM.<\/p>\n<h4>Una squadra<\/h4>\n<p>Per assicurare l\u2019organizzazione, il nuovo club costituisce una squadra capace di gestirne gli aspetti pratici, dalla contabilit\u00e0 alle iscrizioni, alla promozione. Per garantire la sicurezza dei bambini prima e dopo gli spettacoli, cerca degli adulti responsabili che hanno il compito di accompagnare i bambini durante le sessioni de La Lanterna Magica, che lo ricordiamo, vedono i bambini partecipare senza i genitori.<\/p>\n<h4>Gli animatori<\/h4>\n<p>Durante tutto l\u2019anno due animatori sono presenti per assicurare l\u2019animazione che precede ogni film, e rimangono gli stessi durante tutta la stagione. La sceneggiatura preparata per lo spettacolo teatrale, che precede la proiezione, prevede inoltre un terzo artista, ogni volta diverso. Si pu\u00f2 trattare di una donna, di un uomo, di un mimo, un ballerino, un domatore di animali, un equilibrista, un cantante, un marionettista, un musicista e cos\u00ec via. In caso di figure molto specifiche, \u00e8 l\u2019ASLM che si occupa di fornire l\u2019artista richiesto.<\/p>\n<h4>I tecnici<\/h4>\n<p>La maggior parte delle animazioni richiedono degli elementi tecnici. Il proiezionista o un\u2019altra persona incaricata, quando l\u2019animazione lo richiede, devono realizzare con precisione gli effetti tecnici richiesti: giochi di luce, effetti speciali (fumo, bolle di sapone), effetti sonori, estratti video ecc.<\/p>\n<h2>Premi\u00e8re!<\/h2>\n<p>Per la prima stagione \u00e8 importante organizzare un appuntamento per far scoprire cos\u2019\u00e8 La Lanterna Magica destinato a genitori, bambini, professori, personaggi della cultura locale, giornalisti\u2026 Questo appuntamento pu\u00f2 essere determinante per il futuro sviluppo del club, \u00e8 importante che sia ben realizzata, per garantire il massimo delle iscrizioni per la stagione. Si pu\u00f2 anche progettare un secondo appuntamento speciale, qualora il primo non abbia dato i risultati sperati.<\/p>\n<p>\u00c8 importante scegliere i giorni e gli orari nei quali effettuare La Lanterna Magica. In base a queste informazioni, l\u2019ASLM preparer\u00e0 la programmazione, \u00e8 quindi molto importante che le date fornite siano definitive, poich\u00e9 \u00e8 molto difficile cambiare una data una volta inserita nel planning nazionale.<\/p>\n<p>La programmazione \u00e8 elaborata dall\u2019ASLM, ed offre 9 film suddivisi per emozione e cronologia: tre film che fanno ridere, tre che fanno piangere o un po\u2019 paura (alternati una stagione su due), e tre film che fanno sognare.<\/p>\n<p>All\u2019inizio della stagione il club si occupa delle iscrizioni e consegna la tessera di socio ad ogni bambino iscritto al club. Le tessere vengono fornite dall\u2019ASLM. Il club prepara in base ai suoi scritti una lista di indirizzi per l\u2019invio dei giornali del club. Le pagine 1 e 8 del giornale sono personalizzate per ogni club, per includere sponsor e partner locali. Per i cambiamenti \u00e8 importante fornire le informazioni necessarie all\u2019inizio della stagione.<\/p>\n<h4>Contatto<\/h4>\n<p><strong>Associazione La Lanterna Magica<br \/>\nTerreaux 7<br \/>\nCH-2000 Neuch\u00e2tel<br \/>\n+41 (0)32 723 77 00<br \/>\n<a target=\"_blank\" rel=\"noopener noreferrer\">box@lanterne.ch<\/a><\/strong><\/p>\n","protected":false},"excerpt":{"rendered":"<p>La prima cosa da fare \u00e8 contattare l\u2019Associazione centrale La Lanterna Magica (ASLM), che oltre a consigliare nelle procedure da seguire, si assicura del numero potenziale dei soci, fornisce il materiale promozionale e pedagogico necessario. Il club de La Lanterna Magica nella vostra citt\u00e0 Per fondare un club de La Lanterna Magica nella vostra citt\u00e0, [&hellip;]<\/p>\n","protected":false},"author":1,"featured_media":0,"parent":34269,"menu_order":15,"comment_status":"closed","ping_status":"closed","template":"page-article.php","meta":{"_acf_changed":false,"_monsterinsights_skip_tracking":false,"_monsterinsights_sitenote_active":false,"_monsterinsights_sitenote_note":"","_monsterinsights_sitenote_category":0,"footnotes":""},"class_list":["post-34301","page","type-page","status-publish","hentry"],"acf":{"suptitle":"","intro":"","subtitle":"","bg_color":"saumon","sidebar_title":"","sidebar_content":"","sidebar_image":false},"_links":{"self":[{"href":"https:\/\/www.lanterne-magique.org\/it\/wp-json\/wp\/v2\/pages\/34301","targetHints":{"allow":["GET"]}}],"collection":[{"href":"https:\/\/www.lanterne-magique.org\/it\/wp-json\/wp\/v2\/pages"}],"about":[{"href":"https:\/\/www.lanterne-magique.org\/it\/wp-json\/wp\/v2\/types\/page"}],"author":[{"embeddable":true,"href":"https:\/\/www.lanterne-magique.org\/it\/wp-json\/wp\/v2\/users\/1"}],"replies":[{"embeddable":true,"href":"https:\/\/www.lanterne-magique.org\/it\/wp-json\/wp\/v2\/comments?post=34301"}],"version-history":[{"count":2,"href":"https:\/\/www.lanterne-magique.org\/it\/wp-json\/wp\/v2\/pages\/34301\/revisions"}],"predecessor-version":[{"id":49652,"href":"https:\/\/www.lanterne-magique.org\/it\/wp-json\/wp\/v2\/pages\/34301\/revisions\/49652"}],"up":[{"embeddable":true,"href":"https:\/\/www.lanterne-magique.org\/it\/wp-json\/wp\/v2\/pages\/34269"}],"wp:attachment":[{"href":"https:\/\/www.lanterne-magique.org\/it\/wp-json\/wp\/v2\/media?parent=34301"}],"curies":[{"name":"wp","href":"https:\/\/api.w.org\/{rel}","templated":true}]}}