{"id":68910,"date":"2020-10-23T16:04:51","date_gmt":"2020-10-23T16:04:51","guid":{"rendered":"https:\/\/www.lanterne-magique.org\/?page_id=68910"},"modified":"2022-01-20T16:26:54","modified_gmt":"2022-01-20T16:26:54","slug":"zaragoza","status":"publish","type":"page","link":"https:\/\/www.lanterne-magique.org\/es\/zaragoza\/","title":{"rendered":"Hay tres clubes en Zaragoza"},"content":{"rendered":"<p>&nbsp;<\/p>\n<p>&nbsp;<\/p>\n<table style=\"border-collapse: collapse; width: 100%; height: 269px;\" border=\"0\">\n<tbody>\n<tr style=\"height: 269px;\">\n<td style=\"width: 30%; height: 269px; text-align: center;\"><mark class=\"bouton_wrapper\"><a href=\"https:\/\/www.lanterne-magique.org\/clubs\/zaragoza-cc-sanchez-punter\">C.C. Sanchez Punter<\/a><\/mark><\/td>\n<td style=\"width: 5%; text-align: right;\"><\/td>\n<td style=\"width: 30%; height: 269px; text-align: center;\"><mark class=\"bouton_wrapper\"><a href=\"https:\/\/www.lanterne-magique.org\/clubs\/zaragoza-estacion-del-norte\"><img loading=\"lazy\" decoding=\"async\" class=\"alignnone size-medium wp-image-68921\" src=\"https:\/\/www.lanterne-magique.org\/wp-content\/uploads\/2020\/10\/EN-400x267-1.gif\" alt=\"\" width=\"400\" height=\"267\" \/>C.C. Estaci\u00f3n del Norte<\/a><\/mark><\/td>\n<td style=\"width: 5%; text-align: right;\"><\/td>\n<td style=\"width: 30%; height: 269px; text-align: center;\"><mark class=\"bouton_wrapper\"><a href=\"https:\/\/www.lanterne-magique.org\/clubs\/zaragoza-cc-rio-ebro\"><img loading=\"lazy\" decoding=\"async\" class=\"alignnone size-medium wp-image-68929\" src=\"https:\/\/www.lanterne-magique.org\/wp-content\/uploads\/2020\/10\/RE-400x267-1.gif\" alt=\"\" width=\"400\" height=\"267\" \/>Centro C\u00edvico R\u00edo Ebro<\/a><\/mark><\/td>\n<\/tr>\n<\/tbody>\n<\/table>\n<p>&nbsp;<\/p>\n","protected":false},"excerpt":{"rendered":"<p>&nbsp; &nbsp; C.C. Sanchez Punter C.C. Estaci\u00f3n del Norte Centro C\u00edvico R\u00edo Ebro &nbsp;<\/p>\n","protected":false},"author":2,"featured_media":0,"parent":0,"menu_order":0,"comment_status":"closed","ping_status":"closed","template":"page-article.php","meta":{"_acf_changed":false,"_monsterinsights_skip_tracking":false,"_monsterinsights_sitenote_active":false,"_monsterinsights_sitenote_note":"","_monsterinsights_sitenote_category":0,"footnotes":""},"class_list":["post-68910","page","type-page","status-publish","hentry"],"acf":{"suptitle":"","intro":"\u00a1La Linterna M\u00e1gica est\u00e1 presente en tres lugares de Zaragoza!","subtitle":"","bg_color":"saumon","sidebar_title":"","sidebar_content":"","sidebar_image":false},"_links":{"self":[{"href":"https:\/\/www.lanterne-magique.org\/es\/wp-json\/wp\/v2\/pages\/68910","targetHints":{"allow":["GET"]}}],"collection":[{"href":"https:\/\/www.lanterne-magique.org\/es\/wp-json\/wp\/v2\/pages"}],"about":[{"href":"https:\/\/www.lanterne-magique.org\/es\/wp-json\/wp\/v2\/types\/page"}],"author":[{"embeddable":true,"href":"https:\/\/www.lanterne-magique.org\/es\/wp-json\/wp\/v2\/users\/2"}],"replies":[{"embeddable":true,"href":"https:\/\/www.lanterne-magique.org\/es\/wp-json\/wp\/v2\/comments?post=68910"}],"version-history":[{"count":6,"href":"https:\/\/www.lanterne-magique.org\/es\/wp-json\/wp\/v2\/pages\/68910\/revisions"}],"predecessor-version":[{"id":76813,"href":"https:\/\/www.lanterne-magique.org\/es\/wp-json\/wp\/v2\/pages\/68910\/revisions\/76813"}],"wp:attachment":[{"href":"https:\/\/www.lanterne-magique.org\/es\/wp-json\/wp\/v2\/media?parent=68910"}],"curies":[{"name":"wp","href":"https:\/\/api.w.org\/{rel}","templated":true}]}}