{"id":44926,"date":"2019-06-18T15:05:24","date_gmt":"2019-06-18T15:05:24","guid":{"rendered":"https:\/\/www.lanterne-magique.org\/?page_id=44926"},"modified":"2019-06-18T20:05:49","modified_gmt":"2019-06-18T20:05:49","slug":"survey","status":"publish","type":"page","link":"https:\/\/www.lanterne-magique.org\/es\/survey\/","title":{"rendered":"Estudio"},"content":{"rendered":"<script type=\"text\/javascript\">\n\/* <![CDATA[ *\/\nvar gform;gform||(document.addEventListener(\"gform_main_scripts_loaded\",function(){gform.scriptsLoaded=!0}),document.addEventListener(\"gform\/theme\/scripts_loaded\",function(){gform.themeScriptsLoaded=!0}),window.addEventListener(\"DOMContentLoaded\",function(){gform.domLoaded=!0}),gform={domLoaded:!1,scriptsLoaded:!1,themeScriptsLoaded:!1,isFormEditor:()=>\"function\"==typeof InitializeEditor,callIfLoaded:function(o){return!(!gform.domLoaded||!gform.scriptsLoaded||!gform.themeScriptsLoaded&&!gform.isFormEditor()||(gform.isFormEditor()&&console.warn(\"The use of gform.initializeOnLoaded() is deprecated in the form editor context and will be removed in Gravity Forms 3.1.\"),o(),0))},initializeOnLoaded:function(o){gform.callIfLoaded(o)||(document.addEventListener(\"gform_main_scripts_loaded\",()=>{gform.scriptsLoaded=!0,gform.callIfLoaded(o)}),document.addEventListener(\"gform\/theme\/scripts_loaded\",()=>{gform.themeScriptsLoaded=!0,gform.callIfLoaded(o)}),window.addEventListener(\"DOMContentLoaded\",()=>{gform.domLoaded=!0,gform.callIfLoaded(o)}))},hooks:{action:{},filter:{}},addAction:function(o,r,e,t){gform.addHook(\"action\",o,r,e,t)},addFilter:function(o,r,e,t){gform.addHook(\"filter\",o,r,e,t)},doAction:function(o){gform.doHook(\"action\",o,arguments)},applyFilters:function(o){return gform.doHook(\"filter\",o,arguments)},removeAction:function(o,r){gform.removeHook(\"action\",o,r)},removeFilter:function(o,r,e){gform.removeHook(\"filter\",o,r,e)},addHook:function(o,r,e,t,n){null==gform.hooks[o][r]&&(gform.hooks[o][r]=[]);var d=gform.hooks[o][r];null==n&&(n=r+\"_\"+d.length),gform.hooks[o][r].push({tag:n,callable:e,priority:t=null==t?10:t})},doHook:function(r,o,e){var t;if(e=Array.prototype.slice.call(e,1),null!=gform.hooks[r][o]&&((o=gform.hooks[r][o]).sort(function(o,r){return o.priority-r.priority}),o.forEach(function(o){\"function\"!=typeof(t=o.callable)&&(t=window[t]),\"action\"==r?t.apply(null,e):e[0]=t.apply(null,e)})),\"filter\"==r)return e[0]},removeHook:function(o,r,t,n){var e;null!=gform.hooks[o][r]&&(e=(e=gform.hooks[o][r]).filter(function(o,r,e){return!!(null!=n&&n!=o.tag||null!=t&&t!=o.priority)}),gform.hooks[o][r]=e)}});\n\/* ]]> *\/\n<\/script>\n\n                <div class='gf_browser_gecko gform_wrapper gform_legacy_markup_wrapper gform-theme--no-framework' data-form-theme='legacy' data-form-index='0' id='gform_wrapper_25' style='display:none'><form method='post' enctype='multipart\/form-data'  id='gform_25'  action='\/es\/wp-json\/wp\/v2\/pages\/44926' data-formid='25' novalidate>\n                        <div class='gform-body gform_body'><ul id='gform_fields_25' class='gform_fields top_label form_sublabel_below description_below validation_below'><li id=\"field_25_5\" class=\"gfield gfield--type-number gfield--input-type-number field_sublabel_below gfield--no-description field_description_below field_validation_below gfield_visibility_hidden\"  ><div class=\"admin-hidden-markup\"><i class=\"gform-icon gform-icon--hidden\" aria-hidden=\"true\" title=\"Este campo est\u00e1 oculto cuando se visualiza el formulario\"><\/i><span>Este campo est\u00e1 oculto cuando se visualiza el formulario<\/span><\/div><label class='gfield_label gform-field-label' for='input_25_5'>Nombre<\/label><div class='ginput_container ginput_container_number'><input name='input_5' id='input_25_5' type='number' step='any'   value='' class='medium'      aria-invalid=\"false\"  \/><\/div><\/li><li id=\"field_25_6\" class=\"gfield gfield--type-checkbox gfield--type-choice gfield--input-type-checkbox gfield_contains_required field_sublabel_below gfield--no-description field_description_below field_validation_below gfield_visibility_visible\"  ><label class='gfield_label gform-field-label gfield_label_before_complex' >Por favor, marque una o m\u00e1s opciones en la siguiente lista:<span class=\"gfield_required\"><span class=\"gfield_required gfield_required_asterisk\">*<\/span><\/span><\/label><div class='ginput_container ginput_container_checkbox'><ul class='gfield_checkbox' id='input_25_6'><li class='gchoice gchoice_25_6_1'>\n\t\t\t\t\t\t\t\t<input class='gfield-choice-input' name='input_6.1' type='checkbox'  value='Ecole, association de parents d&#039;\u00e9l\u00e8ves'  id='choice_25_6_1'   \/>\n\t\t\t\t\t\t\t\t<label for='choice_25_6_1' id='label_25_6_1' class='gform-field-label gform-field-label--type-inline'>Escuela, asociaci\u00f3n de padres<\/label>\n\t\t\t\t\t\t\t<\/li><li class='gchoice gchoice_25_6_2'>\n\t\t\t\t\t\t\t\t<input class='gfield-choice-input' name='input_6.2' type='checkbox'  value='Centre de loisirs, maison de quartier, biblioth\u00e8que, ludoth\u00e8que'  id='choice_25_6_2'   \/>\n\t\t\t\t\t\t\t\t<label for='choice_25_6_2' id='label_25_6_2' class='gform-field-label gform-field-label--type-inline'>Centro recreativo, casa de barrio, biblioteca, biblioteca de juguetes<\/label>\n\t\t\t\t\t\t\t<\/li><li class='gchoice gchoice_25_6_3'>\n\t\t\t\t\t\t\t\t<input class='gfield-choice-input' name='input_6.3' type='checkbox'  value='La Petite Lanterne, le cin\u00e9ma des 4-6 ans'  id='choice_25_6_3'   \/>\n\t\t\t\t\t\t\t\t<label for='choice_25_6_3' id='label_25_6_3' class='gform-field-label gform-field-label--type-inline'>La Petite Lanterne, le cin\u00e9ma des 4-6 ans<\/label>\n\t\t\t\t\t\t\t<\/li><li class='gchoice gchoice_25_6_4'>\n\t\t\t\t\t\t\t\t<input class='gfield-choice-input' name='input_6.4' type='checkbox'  value='Cin\u00e9ma'  id='choice_25_6_4'   \/>\n\t\t\t\t\t\t\t\t<label for='choice_25_6_4' id='label_25_6_4' class='gform-field-label gform-field-label--type-inline'>Cin\u00e9ma<\/label>\n\t\t\t\t\t\t\t<\/li><li class='gchoice gchoice_25_6_5'>\n\t\t\t\t\t\t\t\t<input class='gfield-choice-input' name='input_6.5' type='checkbox'  value='Affiches, tout-m\u00e9nage'  id='choice_25_6_5'   \/>\n\t\t\t\t\t\t\t\t<label for='choice_25_6_5' id='label_25_6_5' class='gform-field-label gform-field-label--type-inline'>Affiches, tout-m\u00e9nage<\/label>\n\t\t\t\t\t\t\t<\/li><li class='gchoice gchoice_25_6_6'>\n\t\t\t\t\t\t\t\t<input class='gfield-choice-input' name='input_6.6' type='checkbox'  value='M\u00e9dia (journaux, radios, t\u00e9l\u00e9visions)'  id='choice_25_6_6'   \/>\n\t\t\t\t\t\t\t\t<label for='choice_25_6_6' id='label_25_6_6' class='gform-field-label gform-field-label--type-inline'>M\u00e9dia (journaux, radios, t\u00e9l\u00e9visions)<\/label>\n\t\t\t\t\t\t\t<\/li><li class='gchoice gchoice_25_6_7'>\n\t\t\t\t\t\t\t\t<input class='gfield-choice-input' name='input_6.7' type='checkbox'  value='Internet (site web, r\u00e9seaux sociaux, etc.)'  id='choice_25_6_7'   \/>\n\t\t\t\t\t\t\t\t<label for='choice_25_6_7' id='label_25_6_7' class='gform-field-label gform-field-label--type-inline'>Internet (site web, r\u00e9seaux sociaux, etc.)<\/label>\n\t\t\t\t\t\t\t<\/li><li class='gchoice gchoice_25_6_8'>\n\t\t\t\t\t\t\t\t<input class='gfield-choice-input' name='input_6.8' type='checkbox'  value='Ev\u00e9nement public (festival, cin\u00e9-concert, etc.)'  id='choice_25_6_8'   \/>\n\t\t\t\t\t\t\t\t<label for='choice_25_6_8' id='label_25_6_8' class='gform-field-label gform-field-label--type-inline'>Ev\u00e9nement public (festival, cin\u00e9-concert, etc.)<\/label>\n\t\t\t\t\t\t\t<\/li><li class='gchoice gchoice_25_6_9'>\n\t\t\t\t\t\t\t\t<input class='gfield-choice-input' name='input_6.9' type='checkbox'  value='Bouche-\u00e0-oreille'  id='choice_25_6_9'   \/>\n\t\t\t\t\t\t\t\t<label for='choice_25_6_9' id='label_25_6_9' class='gform-field-label gform-field-label--type-inline'>Bouche-\u00e0-oreille<\/label>\n\t\t\t\t\t\t\t<\/li><li class='gchoice gchoice_25_6_11'>\n\t\t\t\t\t\t\t\t<input class='gfield-choice-input' name='input_6.11' type='checkbox'  value='Autre...'  id='choice_25_6_11'   \/>\n\t\t\t\t\t\t\t\t<label for='choice_25_6_11' id='label_25_6_11' class='gform-field-label gform-field-label--type-inline'>Autre...<\/label>\n\t\t\t\t\t\t\t<\/li><\/ul><\/div><\/li><li id=\"field_25_3\" class=\"gfield gfield--type-textarea gfield--input-type-textarea field_sublabel_below gfield--no-description field_description_below field_validation_below gfield_visibility_visible\"  ><label class='gfield_label gform-field-label screen-reader-text' for='input_25_3'><\/label><div class='ginput_container ginput_container_textarea'><textarea name='input_3' id='input_25_3' class='textarea medium'      aria-invalid=\"false\"   rows='10' cols='50'><\/textarea><\/div><\/li><\/ul><\/div>\n        <div class='gform-footer gform_footer top_label'> <input type='submit' id='gform_submit_button_25' class='gform_button button' onclick='gform.submission.handleButtonClick(this);' data-submission-type='submit' value='Enviar'  \/> \n            <input type='hidden' class='gform_hidden' name='gform_submission_method' data-js='gform_submission_method_25' value='postback' \/>\n            <input type='hidden' class='gform_hidden' name='gform_theme' data-js='gform_theme_25' id='gform_theme_25' value='legacy' \/>\n            <input type='hidden' class='gform_hidden' name='gform_style_settings' data-js='gform_style_settings_25' id='gform_style_settings_25' value='[]' \/>\n            <input type='hidden' class='gform_hidden' name='is_submit_25' value='1' \/>\n            <input type='hidden' class='gform_hidden' name='gform_submit' value='25' \/>\n            \n            <input type='hidden' class='gform_hidden' name='gform_currency' data-currency='CHF' value='QSPV20R6Etdx0rX1au8TnwR\/DM5maIflN0hAwwj2Yg7zoygbvH6UFXZ7nmwElfouGrFGfsO\/OUxMwerciJmT7xQGj9DxWuv6XGPv4YhVvFJZjl4=' \/>\n            <input type='hidden' class='gform_hidden' name='gform_unique_id' value='' \/>\n            <input type='hidden' class='gform_hidden' name='state_25' value='WyJbXSIsIjY3NjVlNzI2YWM1ZDE0MDE2NWU0YTM2YzhlZGFhNjBmIl0=' \/>\n            <input type='hidden' autocomplete='off' class='gform_hidden' name='gform_target_page_number_25' id='gform_target_page_number_25' value='0' \/>\n            <input type='hidden' autocomplete='off' class='gform_hidden' name='gform_source_page_number_25' id='gform_source_page_number_25' value='1' \/>\n            <input type='hidden' name='gform_field_values' value='' \/>\n            \n        <\/div>\n                        <\/form>\n                        <\/div><script type=\"text\/javascript\">\n\/* <![CDATA[ *\/\n gform.initializeOnLoaded( function() {gformInitSpinner( 25, 'https:\/\/www.lanterne-magique.org\/wp-content\/plugins\/gravityforms\/images\/spinner.svg', true );jQuery('#gform_ajax_frame_25').on('load',function(){var contents = jQuery(this).contents().find('*').html();var is_postback = contents.indexOf('GF_AJAX_POSTBACK') >= 0;if(!is_postback){return;}var form_content = jQuery(this).contents().find('#gform_wrapper_25');var is_confirmation = jQuery(this).contents().find('#gform_confirmation_wrapper_25').length > 0;var is_redirect = contents.indexOf('gformRedirect(){') >= 0;var is_form = form_content.length > 0 && ! is_redirect && ! is_confirmation;var mt = parseInt(jQuery('html').css('margin-top'), 10) + parseInt(jQuery('body').css('margin-top'), 10) + 100;if(is_form){form_content.find('form').css('opacity', 0);jQuery('#gform_wrapper_25').html(form_content.html());if(form_content.hasClass('gform_validation_error')){jQuery('#gform_wrapper_25').addClass('gform_validation_error');} else {jQuery('#gform_wrapper_25').removeClass('gform_validation_error');}setTimeout( function() { \/* delay the scroll by 50 milliseconds to fix a bug in chrome *\/  }, 50 );if(window['gformInitDatepicker']) {gformInitDatepicker();}if(window['gformInitPriceFields']) {gformInitPriceFields();}var current_page = jQuery('#gform_source_page_number_25').val();gformInitSpinner( 25, 'https:\/\/www.lanterne-magique.org\/wp-content\/plugins\/gravityforms\/images\/spinner.svg', true );jQuery(document).trigger('gform_page_loaded', [25, current_page]);window['gf_submitting_25'] = false;}else if(!is_redirect){var confirmation_content = jQuery(this).contents().find('.GF_AJAX_POSTBACK').html();if(!confirmation_content){confirmation_content = contents;}jQuery('#gform_wrapper_25').replaceWith(confirmation_content);jQuery(document).trigger('gform_confirmation_loaded', [25]);window['gf_submitting_25'] = false;wp.a11y.speak(jQuery('#gform_confirmation_message_25').text());}else{jQuery('#gform_25').append(contents);if(window['gformRedirect']) {gformRedirect();}}jQuery(document).trigger(\"gform_pre_post_render\", [{ formId: \"25\", currentPage: \"current_page\", abort: function() { this.preventDefault(); } }]);        if (event && event.defaultPrevented) {                return;        }        const gformWrapperDiv = document.getElementById( \"gform_wrapper_25\" );        if ( gformWrapperDiv ) {            const visibilitySpan = document.createElement( \"span\" );            visibilitySpan.id = \"gform_visibility_test_25\";            gformWrapperDiv.insertAdjacentElement( \"afterend\", visibilitySpan );        }        const visibilityTestDiv = document.getElementById( \"gform_visibility_test_25\" );        let postRenderFired = false;        function triggerPostRender() {            if ( postRenderFired ) {                return;            }            postRenderFired = true;            gform.core.triggerPostRenderEvents( 25, current_page );            if ( visibilityTestDiv ) {                visibilityTestDiv.parentNode.removeChild( visibilityTestDiv );            }        }        function debounce( func, wait, immediate ) {            var timeout;            return function() {                var context = this, args = arguments;                var later = function() {                    timeout = null;                    if ( !immediate ) func.apply( context, args );                };                var callNow = immediate && !timeout;                clearTimeout( timeout );                timeout = setTimeout( later, wait );                if ( callNow ) func.apply( context, args );            };        }        const debouncedTriggerPostRender = debounce( function() {            triggerPostRender();        }, 200 );        if ( visibilityTestDiv && visibilityTestDiv.offsetParent === null ) {            const observer = new MutationObserver( ( mutations ) => {                mutations.forEach( ( mutation ) => {                    if ( mutation.type === 'attributes' && visibilityTestDiv.offsetParent !== null ) {                        debouncedTriggerPostRender();                        observer.disconnect();                    }                });            });            observer.observe( document.body, {                attributes: true,                childList: false,                subtree: true,                attributeFilter: [ 'style', 'class' ],            });        } else {            triggerPostRender();        }    } );} ); \n\/* ]]> *\/\n<\/script>\n\n","protected":false},"excerpt":{"rendered":"","protected":false},"author":2,"featured_media":0,"parent":0,"menu_order":0,"comment_status":"closed","ping_status":"closed","template":"page-article.php","meta":{"_acf_changed":false,"_monsterinsights_skip_tracking":false,"_monsterinsights_sitenote_active":false,"_monsterinsights_sitenote_note":"","_monsterinsights_sitenote_category":0,"footnotes":""},"class_list":["post-44926","page","type-page","status-publish","hentry"],"acf":{"suptitle":"","intro":"\u00bfC\u00f3mo descubriste La Linterna M\u00e1gica?","subtitle":"","bg_color":"vert","sidebar_title":"","sidebar_content":"","sidebar_image":false},"_links":{"self":[{"href":"https:\/\/www.lanterne-magique.org\/es\/wp-json\/wp\/v2\/pages\/44926","targetHints":{"allow":["GET"]}}],"collection":[{"href":"https:\/\/www.lanterne-magique.org\/es\/wp-json\/wp\/v2\/pages"}],"about":[{"href":"https:\/\/www.lanterne-magique.org\/es\/wp-json\/wp\/v2\/types\/page"}],"author":[{"embeddable":true,"href":"https:\/\/www.lanterne-magique.org\/es\/wp-json\/wp\/v2\/users\/2"}],"replies":[{"embeddable":true,"href":"https:\/\/www.lanterne-magique.org\/es\/wp-json\/wp\/v2\/comments?post=44926"}],"version-history":[{"count":3,"href":"https:\/\/www.lanterne-magique.org\/es\/wp-json\/wp\/v2\/pages\/44926\/revisions"}],"predecessor-version":[{"id":44938,"href":"https:\/\/www.lanterne-magique.org\/es\/wp-json\/wp\/v2\/pages\/44926\/revisions\/44938"}],"wp:attachment":[{"href":"https:\/\/www.lanterne-magique.org\/es\/wp-json\/wp\/v2\/media?parent=44926"}],"curies":[{"name":"wp","href":"https:\/\/api.w.org\/{rel}","templated":true}]}}