{"id":34504,"date":"2018-04-12T08:34:15","date_gmt":"2018-04-12T08:34:15","guid":{"rendered":"https:\/\/2018.lanterne.ch\/es\/trouver-un-club\/"},"modified":"2018-05-29T17:15:15","modified_gmt":"2018-05-29T17:15:15","slug":"trouver-un-club","status":"publish","type":"page","link":"https:\/\/www.lanterne-magique.org\/es\/trouver-un-club\/","title":{"rendered":"Encontrar un club"},"content":{"rendered":"","protected":false},"excerpt":{"rendered":"","protected":false},"author":1,"featured_media":0,"parent":0,"menu_order":0,"comment_status":"closed","ping_status":"closed","template":"page-clubs.php","meta":{"_acf_changed":false,"_monsterinsights_skip_tracking":false,"_monsterinsights_sitenote_active":false,"_monsterinsights_sitenote_note":"","_monsterinsights_sitenote_category":0,"footnotes":""},"class_list":["post-34504","page","type-page","status-publish","hentry"],"acf":{"intro":"","subtitle":"Para obtener informaci\u00f3n acerca de La Linterna M\u00e1gica de su regi\u00f3n, tome contacto con el club correspondiente.","extra_buttons":[{"title":"Iniciar un club","link":"https:\/\/www.lanterne-magique.org\/es\/on-a-besoin-de-vous\/ouvrir-un-club\/"}]},"_links":{"self":[{"href":"https:\/\/www.lanterne-magique.org\/es\/wp-json\/wp\/v2\/pages\/34504","targetHints":{"allow":["GET"]}}],"collection":[{"href":"https:\/\/www.lanterne-magique.org\/es\/wp-json\/wp\/v2\/pages"}],"about":[{"href":"https:\/\/www.lanterne-magique.org\/es\/wp-json\/wp\/v2\/types\/page"}],"author":[{"embeddable":true,"href":"https:\/\/www.lanterne-magique.org\/es\/wp-json\/wp\/v2\/users\/1"}],"replies":[{"embeddable":true,"href":"https:\/\/www.lanterne-magique.org\/es\/wp-json\/wp\/v2\/comments?post=34504"}],"version-history":[{"count":5,"href":"https:\/\/www.lanterne-magique.org\/es\/wp-json\/wp\/v2\/pages\/34504\/revisions"}],"predecessor-version":[{"id":38641,"href":"https:\/\/www.lanterne-magique.org\/es\/wp-json\/wp\/v2\/pages\/34504\/revisions\/38641"}],"wp:attachment":[{"href":"https:\/\/www.lanterne-magique.org\/es\/wp-json\/wp\/v2\/media?parent=34504"}],"curies":[{"name":"wp","href":"https:\/\/api.w.org\/{rel}","templated":true}]}}