{"id":34302,"date":"2018-04-05T12:08:19","date_gmt":"2018-04-05T12:08:19","guid":{"rendered":"https:\/\/2018.lanterne.ch\/on-a-besoin-de-vous\/ouvrir-un-club\/?lang=es"},"modified":"2019-02-14T13:02:03","modified_gmt":"2019-02-14T13:02:03","slug":"ouvrir-un-club","status":"publish","type":"page","link":"https:\/\/www.lanterne-magique.org\/es\/on-a-besoin-de-vous\/ouvrir-un-club\/","title":{"rendered":"\u00bfComo iniciar un club de La Linterna M\u00e1gica?"},"content":{"rendered":"<p>Para comenzar los interesados toman contacto con la Asociaci\u00f3n de la Linterna M\u00e1gica (ASLM)o con sus delegaciones, que estudian la viabilidad del proyecto, y despu\u00e9s les apoyan en sus gestiones les proveen del material promocional y pedag\u00f3gico.<\/p>\n<h4>El club de La Linterna M\u00e1gica de vuestra ciudad<\/h4>\n<p>Seg\u00fan el estatuto de la Linterna M\u00e1gica, cada grupo que organiza un club Linterna M\u00e1gica se adhiere a la ASLM bajo la forma de una licencia y en adelante se beneficia de sus servicios y de su programaci\u00f3n. El nuevo club de la Linterna M\u00e1gica para darse a conocer contacta con los centros escolares (p\u00fablicos y privados), los centros de animaci\u00f3n, las asociaciones familiares, etc. Los folletos, dossieres, posters y trailers destinados a comunicar el prop\u00f3sito de la creaci\u00f3n del nuevo club ser\u00e1n proporcionados por la Asociaci\u00f3n La Linterna M\u00e1gica.<\/p>\n<h4>Un equipo<\/h4>\n<p>De cara a posibilitar su organizaci\u00f3n, el nuevo club constituye un equipo capaz de resolver los aspectos pr\u00e1cticos, la contabilidad, las inscripciones, y la promoci\u00f3n del club. Para asegurar el bienestar de los ni\u00f1os, antes, durante y despu\u00e9s de la sesi\u00f3n, busca igualmente adultos responsables que tengan por tarea vigilar y acompa\u00f1ar a los ni\u00f1os durante toda la sesi\u00f3n.<\/p>\n<h4>Los animadores<\/h4>\n<p>Dos animadores est\u00e1n presentes para asegurar la animaci\u00f3n que precede a cada proyecci\u00f3n. Son los mismos durante todas las sesiones. Por otra parte en cada animaci\u00f3n se presenta a un artista diferente: puede ser un hombre\/mujer, un mimo, un danzar\u00edn, un domador de animales, una equilibrista, un cantante, un titiritero, un m\u00fasico, etc. Es muy frecuente que lo proporcione la Asociaci\u00f3n en funci\u00f3n de cada animaci\u00f3n.<\/p>\n<h4>Los elementos t\u00e9cnicos<\/h4>\n<p>En la mayor\u00eda de las animaciones se requiere de la intervenci\u00f3n de diversos elementos t\u00e9cnicos. Por lo tanto el proyectista del cine o el regidor deben preparar estos elementos necesarios para la animaci\u00f3n: juegos de luces, efectos especiales (humo, pompas de jab\u00f3n\u2026) efectos sonoros con un CD, pasar extractos de pel\u00edculas, etc\u2026<\/p>\n<h2>\u00a1La primera funci\u00f3n!<\/h2>\n<p>Antes de iniciar su primera sesi\u00f3n, el club debe determinar los mejores d\u00edas y los mejores horarios para las nueve sesiones del a\u00f1o. Este planning es enviado enseguida a la asociaci\u00f3n la Linterna M\u00e1gica con tiempo suficiente para poder establecer una programaci\u00f3n. Atenci\u00f3n: este trabajo es muy importante, porque es extremadamente complicado intentar cambiar una fecha cuando la temporada ya ha comenzado. La programaci\u00f3n la propone la asociaci\u00f3n La Linterna M\u00e1gica. Prepara nueve pel\u00edculas ordenadas por emociones y por orden cronol\u00f3gioco: tres que hacen re\u00edr, tres que hacen llorar o miedo (una temporada cada dos) y tres pel\u00edculas que hacen so\u00f1ar. Al principio de la temporada, los clubs se ocupan de las inscripciones de sus socios y env\u00edan un carn\u00e9 a cada ni\u00f1o inscrito.<\/p>\n<p>De esta forma el club puede preparar un fichero de direcciones para el env\u00edo de las revistas de La Linterna M\u00e1gica a sus socios. En lo que concierne a las revistas propiamente dichas, las p\u00e1ginas 1 y 8 son personalizadas , con objeto de incluir los sponsores y los apoyos locales. Es necesario enviar al principio del a\u00f1o y algunas semanas antes de cada sesi\u00f3n las informaciones necesarias para las p\u00e1ginas 1 y 8 a la Asociaci\u00f3n la Linterna M\u00e1gica a fin de que el editor e impresor puedan tener en cuenta eventuales modificaciones.<\/p>\n<p>Y un buen consejo, a la primera funci\u00f3n invitar a los organizadores, padres, profesores, cargos electos, periodistas, etc. Es importante para favorecer su difusi\u00f3n. Bien llevada garantiza una sala completa para todo el a\u00f1o.<\/p>\n<h4>Contacto<\/h4>\n<p><strong>Asociaci\u00f3n La Linterna M\u00e1gica<br \/>\nTerreaux 7<br \/>\nCH-2000 Neuch\u00e2tel<br \/>\n+41 (0)32 723 77 00<br \/>\n<a target=\"_blank\" rel=\"noopener\">box@lanterne.ch<\/a><\/strong><\/p>\n","protected":false},"excerpt":{"rendered":"<p>Para comenzar los interesados toman contacto con la Asociaci\u00f3n de la Linterna M\u00e1gica (ASLM)o con sus delegaciones, que estudian la viabilidad del proyecto, y despu\u00e9s les apoyan en sus gestiones les proveen del material promocional y pedag\u00f3gico. El club de La Linterna M\u00e1gica de vuestra ciudad Seg\u00fan el estatuto de la Linterna M\u00e1gica, cada grupo [&hellip;]<\/p>\n","protected":false},"author":1,"featured_media":0,"parent":34270,"menu_order":15,"comment_status":"closed","ping_status":"closed","template":"page-article.php","meta":{"_acf_changed":false,"_monsterinsights_skip_tracking":false,"_monsterinsights_sitenote_active":false,"_monsterinsights_sitenote_note":"","_monsterinsights_sitenote_category":0,"footnotes":""},"class_list":["post-34302","page","type-page","status-publish","hentry"],"acf":{"suptitle":"","intro":"","subtitle":"","bg_color":"saumon","sidebar_title":"","sidebar_content":"","sidebar_image":false},"_links":{"self":[{"href":"https:\/\/www.lanterne-magique.org\/es\/wp-json\/wp\/v2\/pages\/34302","targetHints":{"allow":["GET"]}}],"collection":[{"href":"https:\/\/www.lanterne-magique.org\/es\/wp-json\/wp\/v2\/pages"}],"about":[{"href":"https:\/\/www.lanterne-magique.org\/es\/wp-json\/wp\/v2\/types\/page"}],"author":[{"embeddable":true,"href":"https:\/\/www.lanterne-magique.org\/es\/wp-json\/wp\/v2\/users\/1"}],"replies":[{"embeddable":true,"href":"https:\/\/www.lanterne-magique.org\/es\/wp-json\/wp\/v2\/comments?post=34302"}],"version-history":[{"count":1,"href":"https:\/\/www.lanterne-magique.org\/es\/wp-json\/wp\/v2\/pages\/34302\/revisions"}],"predecessor-version":[{"id":44333,"href":"https:\/\/www.lanterne-magique.org\/es\/wp-json\/wp\/v2\/pages\/34302\/revisions\/44333"}],"up":[{"embeddable":true,"href":"https:\/\/www.lanterne-magique.org\/es\/wp-json\/wp\/v2\/pages\/34270"}],"wp:attachment":[{"href":"https:\/\/www.lanterne-magique.org\/es\/wp-json\/wp\/v2\/media?parent=34302"}],"curies":[{"name":"wp","href":"https:\/\/api.w.org\/{rel}","templated":true}]}}