{"id":34278,"date":"2018-04-06T13:02:44","date_gmt":"2018-04-06T13:02:44","guid":{"rendered":"https:\/\/2018.lanterne.ch\/on-a-besoin-de-vous\/soutenir\/?lang=es"},"modified":"2019-10-22T08:53:23","modified_gmt":"2019-10-22T08:53:23","slug":"soutenir","status":"publish","type":"page","link":"https:\/\/www.lanterne-magique.org\/es\/on-a-besoin-de-vous\/soutenir\/","title":{"rendered":"Ap\u00f3yanos"},"content":{"rendered":"<p>La Linterna M\u00e1gica es una asociaci\u00f3n sin fines comerciales ni lucrativos, cuyos ingresos provienen \u00fanicamente de las cotizaciones de sus miembros. Para que La Linterna M\u00e1gica pueda existir en todas partes, tanto en las peque\u00f1as localidades como en las grandes ciudades, es esencial que su presupuesto de funcionamiento sea cubierto no \u00fanicamente por sus socios p\u00fablicos y privados, sino tambi\u00e9n gracias a las donaciones de fundaciones privadas y personas.<\/p>\n<p>Puede sostener La Linterna M\u00e1gica de varias maneras: haciendo un donativo al club de La Linterna M\u00e1gica de su regi\u00f3n o a la Asociaci\u00f3n central (ASLM), patrocinando un proyecto espec\u00edfico o un evento en particular. <a href=\"mailto:box@lanterne.ch\" target=\"_blank\" rel=\"noopener noreferrer\">Tome contacto con nosotros<\/a> para que juntamente establezcamos la finalidad y visibilidad de su apoyo.<\/p>\n<p><strong>Env\u00ede sus donativos a:<\/strong><br \/>\nAsociaci\u00f3n La Linterna M\u00e1gica<br \/>\nTerreaux 7<br \/>\nCH-2000 Neuch\u00e2tel<br \/>\nIBAN: CH06 0900 0000 2000 4857 0<br \/>\nBIC: POFICHBEXXX<\/p>\n<p><strong>Donativos en especie<\/strong><br \/>\nUsted posee una empresa: puede ofrecer sus servicios, premios para alg\u00fan festival, apadrinar un espect\u00e1culo cinematogr\u00e1fico, encargarse del alojamiento de los invitados de un evento&#8230; A trav\u00e9s de su apoyo, se asocia con un proyecto cultural y pedag\u00f3gico internacionalmente reconocido y de gran visibilidad medi\u00e1tica.<br \/>\n\u00a1No dude en <a href=\"mailto:box@lanterne.ch\" target=\"_blank\" rel=\"noopener noreferrer\">escribirnos<\/a>, estamos abiertos a todo tipo de sugerencias!<\/p>\n<p>Dentro del marco de la legislaci\u00f3n fiscal suiza, las donaciones hacia La Linterna M\u00e1gica dan derecho a una reducci\u00f3n de impuestos para los residentes fiscales de Suiza.<\/p>\n","protected":false},"excerpt":{"rendered":"<p>La Linterna M\u00e1gica es una asociaci\u00f3n sin fines comerciales ni lucrativos, cuyos ingresos provienen \u00fanicamente de las cotizaciones de sus miembros. Para que La Linterna M\u00e1gica pueda existir en todas partes, tanto en las peque\u00f1as localidades como en las grandes ciudades, es esencial que su presupuesto de funcionamiento sea cubierto no \u00fanicamente por sus socios [&hellip;]<\/p>\n","protected":false},"author":1,"featured_media":0,"parent":34270,"menu_order":1,"comment_status":"closed","ping_status":"closed","template":"page-article.php","meta":{"_acf_changed":false,"_monsterinsights_skip_tracking":false,"_monsterinsights_sitenote_active":false,"_monsterinsights_sitenote_note":"","_monsterinsights_sitenote_category":0,"footnotes":""},"class_list":["post-34278","page","type-page","status-publish","hentry"],"acf":{"suptitle":"","intro":"","subtitle":"","bg_color":"saumon","sidebar_title":"","sidebar_content":"","sidebar_image":false},"_links":{"self":[{"href":"https:\/\/www.lanterne-magique.org\/es\/wp-json\/wp\/v2\/pages\/34278","targetHints":{"allow":["GET"]}}],"collection":[{"href":"https:\/\/www.lanterne-magique.org\/es\/wp-json\/wp\/v2\/pages"}],"about":[{"href":"https:\/\/www.lanterne-magique.org\/es\/wp-json\/wp\/v2\/types\/page"}],"author":[{"embeddable":true,"href":"https:\/\/www.lanterne-magique.org\/es\/wp-json\/wp\/v2\/users\/1"}],"replies":[{"embeddable":true,"href":"https:\/\/www.lanterne-magique.org\/es\/wp-json\/wp\/v2\/comments?post=34278"}],"version-history":[{"count":3,"href":"https:\/\/www.lanterne-magique.org\/es\/wp-json\/wp\/v2\/pages\/34278\/revisions"}],"predecessor-version":[{"id":46433,"href":"https:\/\/www.lanterne-magique.org\/es\/wp-json\/wp\/v2\/pages\/34278\/revisions\/46433"}],"up":[{"embeddable":true,"href":"https:\/\/www.lanterne-magique.org\/es\/wp-json\/wp\/v2\/pages\/34270"}],"wp:attachment":[{"href":"https:\/\/www.lanterne-magique.org\/es\/wp-json\/wp\/v2\/media?parent=34278"}],"curies":[{"name":"wp","href":"https:\/\/api.w.org\/{rel}","templated":true}]}}