{"id":34238,"date":"2017-11-29T14:07:28","date_gmt":"2017-11-29T14:07:28","guid":{"rendered":"https:\/\/2018.lanterne.ch\/a-propos\/la-lanterne-magique\/?lang=es"},"modified":"2023-08-09T11:39:16","modified_gmt":"2023-08-09T11:39:16","slug":"la-linterna-magica","status":"publish","type":"page","link":"https:\/\/www.lanterne-magique.org\/es\/a-propos\/la-linterna-magica\/","title":{"rendered":"Asociaci\u00f3n La\u00a0Linterna\u00a0M\u00e1gica"},"content":{"rendered":"<p>La ASLM tiene por funci\u00f3n coordinar la organizaci\u00f3n de los clubes de todas las ciudades miembros. Crea y realiza una programaci\u00f3n original para cada regi\u00f3n ling\u00fc\u00edstica. Su objetivo, conforme a sus estatutos y a su misi\u00f3n, es la sensibilizaci\u00f3n de los ni\u00f1os al cine ofreciendo los siguientes trabajos:<\/p>\n<ul>\n<li>Selecci\u00f3n de las pel\u00edculas del programa<\/li>\n<li>Creaci\u00f3n de las revistas<\/li>\n<li>Creaci\u00f3n de los documentos pedag\u00f3gicos remitidos a los animadores (argumentaciones y pre-animaciones)<\/li>\n<li>Creaci\u00f3n de los guiones de las animaciones precedentes a las pel\u00edculas<\/li>\n<li>Elaboraci\u00f3n de los comentarios ligados a las pel\u00edculas mudas<\/li>\n<li>Creaci\u00f3n y preparaci\u00f3n de una red de artistas y comediantes<\/li>\n<li>Creaciones puntuales (concursos, actividades pedag\u00f3gicas, Internet, etc)<\/li>\n<li>Organizaci\u00f3n de acontecimientos especiales ligados a la promoci\u00f3n de clubs.<\/li>\n<li>Participaci\u00f3n en acontecimientos nacionales e internacionales (festivales de cine, mesas redondas, seminarios, etc)<\/li>\n<\/ul>\n<p>Asociaci\u00f3n La Linterna M\u00e1gica<br \/>\nTerreaux 7<br \/>\nCH-2000 Neuch\u00e2tel<br \/>\n+41 (0)32 723 77 00<br \/>\n<a href=\"mailto:box@lanterne.ch?subject=Demande de renseignement pour lancer un club\" target=\"_blank\" rel=\"noopener\">box@lanterne.ch<\/a><\/p>\n<table class=\"alignleft\" style=\"height: auto; width: 100%;\" border=\"0\" cellspacing=\"20\" cellpadding=\"0\">\n<tbody>\n<tr>\n<td style=\"width: 33.3333%;\"><a href=\"http:\/\/www.pai.com.es\/\" target=\"_blank\" rel=\"noopener\"><img decoding=\"async\" class=\"alignnone wp-image-20597 size-full\" src=\"https:\/\/www.lanterne-magique.org\/wp-content\/uploads\/2018\/05\/pai.png\" alt=\"UFC\" width=\"80%\" height=\"auto\" \/><\/a><\/td>\n<td style=\"width: 33.3333%; text-align: center;\"><\/td>\n<td style=\"width: 29.3276%; text-align: right;\"><\/td>\n<\/tr>\n<tr>\n<td style=\"width: 33.3333%;\"><\/td>\n<td style=\"width: 28.7554%; text-align: center;\"><\/td>\n<td style=\"width: 29.3276%; text-align: right;\"><\/td>\n<\/tr>\n<tr>\n<td style=\"width: 35.3362%;\"><\/td>\n<td style=\"width: 28.7554%; text-align: center;\"><\/td>\n<td style=\"width: 29.3276%; text-align: right;\"><\/td>\n<\/tr>\n<\/tbody>\n<\/table>\n<p>&nbsp;<\/p>\n","protected":false},"excerpt":{"rendered":"<p>La ASLM tiene por funci\u00f3n coordinar la organizaci\u00f3n de los clubes de todas las ciudades miembros. Crea y realiza una programaci\u00f3n original para cada regi\u00f3n ling\u00fc\u00edstica. Su objetivo, conforme a sus estatutos y a su misi\u00f3n, es la sensibilizaci\u00f3n de los ni\u00f1os al cine ofreciendo los siguientes trabajos: Selecci\u00f3n de las pel\u00edculas del programa Creaci\u00f3n [&hellip;]<\/p>\n","protected":false},"author":1,"featured_media":0,"parent":34230,"menu_order":3,"comment_status":"closed","ping_status":"closed","template":"page-article.php","meta":{"_acf_changed":false,"_monsterinsights_skip_tracking":false,"_monsterinsights_sitenote_active":false,"_monsterinsights_sitenote_note":"","_monsterinsights_sitenote_category":0,"footnotes":""},"class_list":["post-34238","page","type-page","status-publish","hentry"],"acf":{"page_sections":[{"acf_fc_layout":"simple_section","section_title":".","section_subtitle":"","section_suptitle":"","section_content":"<p>.<\/p>\n","cta_button_title":"","cta_button_link":"","bg_color":"bleu"}],"suptitle":"","intro":"","subtitle":"","bg_color":"bleu","sidebar_title":"","sidebar_content":"","sidebar_image":false},"_links":{"self":[{"href":"https:\/\/www.lanterne-magique.org\/es\/wp-json\/wp\/v2\/pages\/34238","targetHints":{"allow":["GET"]}}],"collection":[{"href":"https:\/\/www.lanterne-magique.org\/es\/wp-json\/wp\/v2\/pages"}],"about":[{"href":"https:\/\/www.lanterne-magique.org\/es\/wp-json\/wp\/v2\/types\/page"}],"author":[{"embeddable":true,"href":"https:\/\/www.lanterne-magique.org\/es\/wp-json\/wp\/v2\/users\/1"}],"replies":[{"embeddable":true,"href":"https:\/\/www.lanterne-magique.org\/es\/wp-json\/wp\/v2\/comments?post=34238"}],"version-history":[{"count":5,"href":"https:\/\/www.lanterne-magique.org\/es\/wp-json\/wp\/v2\/pages\/34238\/revisions"}],"predecessor-version":[{"id":81604,"href":"https:\/\/www.lanterne-magique.org\/es\/wp-json\/wp\/v2\/pages\/34238\/revisions\/81604"}],"up":[{"embeddable":true,"href":"https:\/\/www.lanterne-magique.org\/es\/wp-json\/wp\/v2\/pages\/34230"}],"wp:attachment":[{"href":"https:\/\/www.lanterne-magique.org\/es\/wp-json\/wp\/v2\/media?parent=34238"}],"curies":[{"name":"wp","href":"https:\/\/api.w.org\/{rel}","templated":true}]}}