{"id":34182,"date":"2017-11-29T14:07:28","date_gmt":"2017-11-29T14:07:28","guid":{"rendered":"https:\/\/2018.lanterne.ch\/concept\/?lang=es"},"modified":"2020-03-27T07:02:04","modified_gmt":"2020-03-27T07:02:04","slug":"concept","status":"publish","type":"page","link":"https:\/\/www.lanterne-magique.org\/es\/concept\/","title":{"rendered":"La Linterna M\u00e1gica"},"content":{"rendered":"<p>La Linterna M\u00e1gica, el club internacional de cine para ni\u00f1os, propone cada mes una nueva pel\u00edcula para descubrir el cine divirti\u00e9ndose.<\/p>\n<h3>Pel\u00edculas para crecer<\/h3>\n<p>La Linterna M\u00e1gica invita a todos los ni\u00f1os de 6 a 12 a\u00f1os a descubrir 9 pel\u00edculas al a\u00f1o, a un precio que permite a todos y todas formar parte de este club, con un planteamiento \u00fanico en su g\u00e9nero. Unos d\u00edas antes de cada sesi\u00f3n, los socios reciben una revista ilustrada que les presenta la pel\u00edcula. Antes de la proyecci\u00f3n un espect\u00e1culo \u00fanico e interactivo, realizado por actores y comediantes, les prepara m\u00e1s todav\u00eda a descubrir los secretos del cine.<\/p>\n<h3>Lo mejor del cine<\/h3>\n<p>Sin sus padres, pero rodeados de adultos responsables, los ni\u00f1os viven las grandes emociones del cine y comparten momentos privilegiados con los compa\u00f1eros de su edad, desarrollando su esp\u00edritu cr\u00edtico como espectadores. La Linterna M\u00e1gica propone cada a\u00f1o un nuevo programa de pel\u00edculas que ense\u00f1an lo mejor del cine en toda su diversidad, ofreciendo tambi\u00e9n una educaci\u00f3n en la imagen de gran calidad.<\/p>\n<h3>Hacerse del club<\/h3>\n<p>La Linterna M\u00e1gica, reconocida internacionalmente en todas las salas, en las escuelas y los festivales, cuenta hoy d\u00eda con 100 clubs en el mundo. El carn\u00e9 de socio tiene un precio muy asequible y permite a todo el mundo formar parte del club. En algunas ciudades ofrece tambi\u00e9n otras ventajas, como la participaci\u00f3n en concursos, la posibilidad de asistir a preestrenos o acudir a festivales, etc.<\/p>\n<ul>\n<li><strong><a href=\"https:\/\/www.lanterne-magique.org\/es\/inscription\/etape-1\/\" rel=\"noopener\">Inscripci\u00f3n<\/a><\/strong><\/li>\n<li><strong><a href=\"https:\/\/www.lanterne-magique.org\/es\/trouver-un-club\/\" rel=\"noopener\">Encontrar un club<\/a><\/strong><\/li>\n<li><strong><a href=\"https:\/\/www.lanterne-magique.org\/es\/on-a-besoin-de-vous\/ouvrir-un-club\/\" rel=\"noopener\">Iniciar un club<\/a><\/strong><\/li>\n<\/ul>\n<p>&nbsp;<\/p>\n<div style=\"padding:56.25% 0 0 0;position:relative;\"><iframe src=\"https:\/\/player.vimeo.com\/video\/47660188?title=0&#038;byline=0&#038;portrait=0\" style=\"position:absolute;top:0;left:0;width:100%;height:100%;\" frameborder=\"0\" allow=\"autoplay; fullscreen\" allowfullscreen><\/iframe><\/div>\n<p><script src=\"https:\/\/player.vimeo.com\/api\/player.js\"><\/script><\/p>\n","protected":false},"excerpt":{"rendered":"<p>La Linterna M\u00e1gica, el club internacional de cine para ni\u00f1os, propone cada mes una nueva pel\u00edcula para descubrir el cine divirti\u00e9ndose. Pel\u00edculas para crecer La Linterna M\u00e1gica invita a todos los ni\u00f1os de 6 a 12 a\u00f1os a descubrir 9 pel\u00edculas al a\u00f1o, a un precio que permite a todos y todas formar parte de [&hellip;]<\/p>\n","protected":false},"author":1,"featured_media":0,"parent":0,"menu_order":5,"comment_status":"closed","ping_status":"closed","template":"page-article.php","meta":{"_acf_changed":false,"_monsterinsights_skip_tracking":false,"_monsterinsights_sitenote_active":false,"_monsterinsights_sitenote_note":"","_monsterinsights_sitenote_category":0,"footnotes":""},"class_list":["post-34182","page","type-page","status-publish","hentry"],"acf":{"suptitle":"","intro":"club de cine para ni\u00f1os de 6 a 12 a\u00f1os","subtitle":"","bg_color":"saumon","sidebar_title":"","sidebar_content":"","sidebar_image":false},"_links":{"self":[{"href":"https:\/\/www.lanterne-magique.org\/es\/wp-json\/wp\/v2\/pages\/34182","targetHints":{"allow":["GET"]}}],"collection":[{"href":"https:\/\/www.lanterne-magique.org\/es\/wp-json\/wp\/v2\/pages"}],"about":[{"href":"https:\/\/www.lanterne-magique.org\/es\/wp-json\/wp\/v2\/types\/page"}],"author":[{"embeddable":true,"href":"https:\/\/www.lanterne-magique.org\/es\/wp-json\/wp\/v2\/users\/1"}],"replies":[{"embeddable":true,"href":"https:\/\/www.lanterne-magique.org\/es\/wp-json\/wp\/v2\/comments?post=34182"}],"version-history":[{"count":4,"href":"https:\/\/www.lanterne-magique.org\/es\/wp-json\/wp\/v2\/pages\/34182\/revisions"}],"predecessor-version":[{"id":50499,"href":"https:\/\/www.lanterne-magique.org\/es\/wp-json\/wp\/v2\/pages\/34182\/revisions\/50499"}],"wp:attachment":[{"href":"https:\/\/www.lanterne-magique.org\/es\/wp-json\/wp\/v2\/media?parent=34182"}],"curies":[{"name":"wp","href":"https:\/\/api.w.org\/{rel}","templated":true}]}}