{"id":33876,"date":"2017-11-29T14:07:28","date_gmt":"2017-11-29T14:07:28","guid":{"rendered":"https:\/\/2018.lanterne.ch\/accueil\/?lang=es"},"modified":"2021-04-14T13:06:37","modified_gmt":"2021-04-14T13:06:37","slug":"accueil-2","status":"publish","type":"page","link":"https:\/\/www.lanterne-magique.org\/es\/","title":{"rendered":"Inicio"},"content":{"rendered":"","protected":false},"excerpt":{"rendered":"","protected":false},"author":1,"featured_media":0,"parent":0,"menu_order":1,"comment_status":"closed","ping_status":"closed","template":"","meta":{"_acf_changed":false,"_monsterinsights_skip_tracking":false,"_monsterinsights_sitenote_active":false,"_monsterinsights_sitenote_note":"","_monsterinsights_sitenote_category":0,"footnotes":""},"class_list":["post-33876","page","type-page","status-publish","hentry"],"acf":{"page_sections":[{"acf_fc_layout":"simple_section","section_title":"Eventos","section_subtitle":"eventos m\u00e1gicos para toda la familia","section_suptitle":"","section_content":"\n","cta_button_title":"ver todos los eventos","cta_button_link":"\/es\/evenements\/","bg_color":"bleu"},{"acf_fc_layout":"simple_section","section_title":"Reflejos","section_subtitle":"","section_suptitle":"noticia","section_content":"\n    \n                    <div class=\"rangee_simple w-row\">\n                <div class=\"colonne_vide w-col w-col-1 w-col-stack\"><\/div>\n                <a href=\"https:\/\/www.lanterne-magique.org\/es\/concurso-prensa-20\/\" class=\"hide-mobile colonne_gauche_image w-col w-col-5 w-col-stack\">\n                    <img width=\"600\" height=\"400\" src=\"https:\/\/www.lanterne-magique.org\/wp-content\/uploads\/2020\/04\/LM_web-es-dibujo-20-600x400.jpg\" class=\"image-2 wp-post-image\" alt=\"\" decoding=\"async\" loading=\"lazy\" \/>\n                <\/a>\n                <div class=\"colonne_droite w-clearfix w-col w-col-5 w-col-stack\">\n                    <a href=\"https:\/\/www.lanterne-magique.org\/es\/concurso-prensa-20\/\" class=\"basic-link\">\n                        <h2 class=\"titre_paragraphe_une\"><span class=\"text_span_surlignage_blanc\">Gran concurso de dibujo<\/span><\/h2>\n                    <\/a>\n                                            <h5 class=\"sous_infos_une\">Nota de prensa<\/h5>\n                                        <a href=\"https:\/\/www.lanterne-magique.org\/es\/concurso-prensa-20\/\" class=\"hide-desktop colonne_gauche_image w-col w-col-5 w-col-stack\">\n                        <img width=\"600\" height=\"400\" src=\"https:\/\/www.lanterne-magique.org\/wp-content\/uploads\/2020\/04\/LM_web-es-dibujo-20-600x400.jpg\" class=\"image-2 wp-post-image\" alt=\"\" decoding=\"async\" loading=\"lazy\" \/>\n                    <\/a>\n                    <img src=\"https:\/\/www.lanterne-magique.org\/wp-content\/themes\/lanterne-magique\/static\/images\/bande_noire_longue.svg\" class=\"separateur_noir\">\n                    <p class=\"paragraphes\">\n                        Tras la suspensi\u00f3n de las sesiones debido a la pandemia del coronavirus, La Linterna M\u00e1gica propone a todos los ni\u00f1os y ni\u00f1as una serie de actividades para realizar en casa o bien on line. Para comenzar, lanza un concurso de dibujo relacionado con el cine y sus grandes emociones. \u00a1Una&hellip;\n                    <\/p>\n                    <img src=\"https:\/\/www.lanterne-magique.org\/wp-content\/themes\/lanterne-magique\/static\/images\/bande_noire_longue.svg\" class=\"separateur_noir_reverse\">\n                    <br><br>\n                    <a href=\"https:\/\/www.lanterne-magique.org\/es\/concurso-prensa-20\/\" class=\"bouton alignement_droite w-button\">Descubre<\/a>\n                <\/div>\n                <div class=\"colonne_vide w-col w-col-1 w-col-stack\"><\/div>\n            <\/div>\n        \n    \n\n","cta_button_title":"ver todas las noticias","cta_button_link":"\/es\/actualites\/","bg_color":"vert"},{"acf_fc_layout":"simple_section","section_title":"para ni\u00f1os","section_subtitle":"","section_suptitle":"","section_content":"<div class=\"game-list rangee_4_col w-row\">\n            <div class=\"colonne_quart w-col w-col-3 w-col-medium-6\">\n            <a href=\"https:\/\/www.lanterne-magique.org\/es\/games\/sweet-home-cinema\/\">\n                                    <h1 class=\"titres_liste\">Sweet home cinema<\/h1>\n                                    <img width=\"1393\" height=\"1400\" src=\"https:\/\/www.lanterne-magique.org\/wp-content\/uploads\/2020\/04\/sweet-home-cinema.png\" class=\" wp-post-image\" alt=\"\" decoding=\"async\" loading=\"lazy\" srcset=\"https:\/\/www.lanterne-magique.org\/wp-content\/uploads\/2020\/04\/sweet-home-cinema.png 1393w, https:\/\/www.lanterne-magique.org\/wp-content\/uploads\/2020\/04\/sweet-home-cinema-597x600.png 597w, https:\/\/www.lanterne-magique.org\/wp-content\/uploads\/2020\/04\/sweet-home-cinema-768x772.png 768w\" sizes=\"auto, (max-width: 1393px) 100vw, 1393px\" \/>\n                            <\/a>\n        <\/div>\n            <div class=\"colonne_quart w-col w-col-3 w-col-medium-6\">\n            <a href=\"https:\/\/www.lanterne-magique.org\/es\/games\/memo-es\/\">\n                                    <img width=\"600\" height=\"376\" src=\"https:\/\/www.lanterne-magique.org\/wp-content\/uploads\/2018\/04\/memo_1214_WEB.png\" class=\" wp-post-image\" alt=\"\" decoding=\"async\" loading=\"lazy\" \/>\n                                    <h1 class=\"titres_liste\">\u00bfQui\u00e9n con qui\u00e9n?<\/h1>\n                            <\/a>\n        <\/div>\n    <\/div>\n","cta_button_title":"","cta_button_link":"","bg_color":"jaune"}]},"_links":{"self":[{"href":"https:\/\/www.lanterne-magique.org\/es\/wp-json\/wp\/v2\/pages\/33876","targetHints":{"allow":["GET"]}}],"collection":[{"href":"https:\/\/www.lanterne-magique.org\/es\/wp-json\/wp\/v2\/pages"}],"about":[{"href":"https:\/\/www.lanterne-magique.org\/es\/wp-json\/wp\/v2\/types\/page"}],"author":[{"embeddable":true,"href":"https:\/\/www.lanterne-magique.org\/es\/wp-json\/wp\/v2\/users\/1"}],"replies":[{"embeddable":true,"href":"https:\/\/www.lanterne-magique.org\/es\/wp-json\/wp\/v2\/comments?post=33876"}],"version-history":[{"count":8,"href":"https:\/\/www.lanterne-magique.org\/es\/wp-json\/wp\/v2\/pages\/33876\/revisions"}],"predecessor-version":[{"id":72603,"href":"https:\/\/www.lanterne-magique.org\/es\/wp-json\/wp\/v2\/pages\/33876\/revisions\/72603"}],"wp:attachment":[{"href":"https:\/\/www.lanterne-magique.org\/es\/wp-json\/wp\/v2\/media?parent=33876"}],"curies":[{"name":"wp","href":"https:\/\/api.w.org\/{rel}","templated":true}]}}