{"id":91531,"date":"2026-04-30T08:11:47","date_gmt":"2026-04-30T08:11:47","guid":{"rendered":"https:\/\/www.lanterne-magique.org\/?page_id=91531"},"modified":"2026-04-30T08:14:24","modified_gmt":"2026-04-30T08:14:24","slug":"barrierefreiheit","status":"publish","type":"page","link":"https:\/\/www.lanterne-magique.org\/de\/barrierefreiheit\/","title":{"rendered":"Barrierefreiheit"},"content":{"rendered":"<p>Die Zauberlaterne bietet verschiedene Begleitmassnahmen an, um allen Kindern den Zugang zum Kino zu erleichtern. Dabei werden sowohl <a href=\"#audiodeskription\">Seh-<\/a> und <a href=\"#hoerhilfen\">H\u00f6rbehinderungen<\/a> sowie <a href=\"#barrierefreiheit\">motorische Beeintr\u00e4chtigungen<\/a> ber\u00fccksichtigt.<\/p>\n<p>Auf dieser Seite finden Sie Informationen zu diesen Inklusionsmassnahmen sowie zu Betreuungsm\u00f6glichkeiten f\u00fcr Kinder, die eine individuelle Begleitung ben\u00f6tigen, oder f\u00fcr Gruppen von Kindern mit einer Behinderung. Ausserdem finden Sie hier den Kontakt f\u00fcr alle spezifischen Fragen zum Thema Barrierefreiheit.<br \/>\n<a name=\"audiodeskription\"><\/a><\/p>\n<h3>Audiodeskription<\/h3>\n<p>Mehrere Filme im Programm der Zauberlaterne werden f\u00fcr blinde und sehbehinderte Kinder mit Audiodeskription angeboten. Die entsprechenden Vorstellungen werden auf der <a href=\"https:\/\/www.lanterne-magique.org\/de\/einen-klub-finden\/\">Klubseite<\/a> mit AD))) gekennzeichnet.<\/p>\n<p>Die Audiodeskriptionen sind \u00fcber die <a href=\"https:\/\/www.regards-neufs.ch\/de\/filme\/smartphone-apps\">Greta-App<\/a> auf dem Smartphone verf\u00fcgbar. Die Zauberlaterne arbeitet mit dem Verein Regards Neufs daran, immer mehr Filme mit Audiodeskription anbieten zu k\u00f6nnen.<br \/>\n<a name=\"hoerhilfen\"><\/a><\/p>\n<h3>H\u00f6rhilfen<\/h3>\n<p>Einige Filme im Programm der Zauberlaterne werden mit Untertiteln gezeigt, bei anderen sind die Untertitel \u00fcber die <a href=\"https:\/\/www.regards-neufs.ch\/de\/filme\/smartphone-apps\">Greta-App<\/a> auf dem Smartphone abrufbar.<\/p>\n<p>Dar\u00fcber hinaus sind in einigen Kinos H\u00f6rhilfen wie Induktionsschleifen vorhanden. Diese Informationen sind in der <a href=\"https:\/\/about.ginto.guide\/support\">Ginto-App<\/a> verf\u00fcgbar.<br \/>\n<a name=\"barrierefreiheit\"><\/a><\/p>\n<h3>Barrierefreiheit der Kinos<\/h3>\n<p>Viele Kinos, in denen Vorstellungen der Zauberlaterne abgehalten werden, erm\u00f6glichen einen barrierefreien Zugang f\u00fcr Menschen mit motorischen und sensorischen Behinderungen.<\/p>\n<p>Informationen zur Barrierefreiheit sind in der <a href=\"https:\/\/about.ginto.guide\/support\">Ginto-App<\/a> verf\u00fcgbar. Nutzer*innen der App k\u00f6nnen diese Informationen anpassen oder neue hinzuf\u00fcgen. Dadurch haben sie stets zuverl\u00e4ssige und aktuelle Daten zur Barrierefreiheit der Kinos zu Verf\u00fcgung.<br \/>\n<a name=\"begleitung\"><\/a><\/p>\n<h3>Begleitung<\/h3>\n<p>Sollte ein Kind eine individuelle Betreuung ben\u00f6tigen, kann dies den Verantwortlichen der Zauberlaterne im Voraus <a href=\"#kontakt\">mitgeteilt werden<\/a>. Eine Begleitperson kann kostenlos an den Veranstaltungen der Zauberlaterne teilnehmen. Dasselbe gilt f\u00fcr Blindenf\u00fchrhunde.<\/p>\n<p>Das Team von Freiwilligen, das w\u00e4hrend den Vorstellungen im Kinosaal anwesend ist, kann ebenfalls bei der Betreuung Ihres Kindes helfen. Bei Bedarf kann die Zauberlaterne Familien an Partnerorganisationen weiterverweisen, die Betreuungs- oder Transportdienste anbieten (Pro Infirmis, Procap usw.).<\/p>\n<h3>Gruppen<\/h3>\n<p>Gruppen von Kindern mit Behinderung k\u00f6nnen gemeinsam an den Vorstellungen der Zauberlaterne teilnehmen. Bitte senden Sie vorab eine Anfrage an <a href=\"mailto:box@lanterne.ch\">box@lanterne.ch<\/a>, damit wir den Empfang der Gruppe bestm\u00f6glich organisieren k\u00f6nnen.<br \/>\n<a name=\"kontakt\"><\/a><\/p>\n<h3>Kontakt<\/h3>\n<p>Sekretariat<br \/>\nTelefon: <a href=\"tel:0041327237700\">+41 (0)32 723 77 00<\/a><br \/>\nE-Mail: <a href=\"mailto:box@lanterne.ch\">box@lanterne.ch<\/a><\/p>\n<p>Haben Sie spezifische Fragen zur Barrierefreiheit unserer Vorstellungen? Bitte kontaktieren Sie uns!<\/p>\n","protected":false},"excerpt":{"rendered":"<p>Die Zauberlaterne bietet verschiedene Begleitmassnahmen an, um allen Kindern den Zugang zum Kino zu erleichtern. Dabei werden sowohl Seh- und H\u00f6rbehinderungen sowie motorische Beeintr\u00e4chtigungen ber\u00fccksichtigt. Auf dieser Seite finden Sie Informationen zu diesen Inklusionsmassnahmen sowie zu Betreuungsm\u00f6glichkeiten f\u00fcr Kinder, die eine individuelle Begleitung ben\u00f6tigen, oder f\u00fcr Gruppen von Kindern mit einer Behinderung. Ausserdem finden Sie [&hellip;]<\/p>\n","protected":false},"author":19,"featured_media":0,"parent":0,"menu_order":0,"comment_status":"closed","ping_status":"closed","template":"page-article.php","meta":{"_acf_changed":false,"_monsterinsights_skip_tracking":false,"_monsterinsights_sitenote_active":false,"_monsterinsights_sitenote_note":"","_monsterinsights_sitenote_category":0,"footnotes":""},"class_list":["post-91531","page","type-page","status-publish","hentry"],"acf":{"suptitle":"","intro":"","subtitle":"","bg_color":"saumon","sidebar_title":"","sidebar_content":"","sidebar_image":false},"_links":{"self":[{"href":"https:\/\/www.lanterne-magique.org\/de\/wp-json\/wp\/v2\/pages\/91531","targetHints":{"allow":["GET"]}}],"collection":[{"href":"https:\/\/www.lanterne-magique.org\/de\/wp-json\/wp\/v2\/pages"}],"about":[{"href":"https:\/\/www.lanterne-magique.org\/de\/wp-json\/wp\/v2\/types\/page"}],"author":[{"embeddable":true,"href":"https:\/\/www.lanterne-magique.org\/de\/wp-json\/wp\/v2\/users\/19"}],"replies":[{"embeddable":true,"href":"https:\/\/www.lanterne-magique.org\/de\/wp-json\/wp\/v2\/comments?post=91531"}],"version-history":[{"count":2,"href":"https:\/\/www.lanterne-magique.org\/de\/wp-json\/wp\/v2\/pages\/91531\/revisions"}],"predecessor-version":[{"id":91534,"href":"https:\/\/www.lanterne-magique.org\/de\/wp-json\/wp\/v2\/pages\/91531\/revisions\/91534"}],"wp:attachment":[{"href":"https:\/\/www.lanterne-magique.org\/de\/wp-json\/wp\/v2\/media?parent=91531"}],"curies":[{"name":"wp","href":"https:\/\/api.w.org\/{rel}","templated":true}]}}