{"id":83038,"date":"2023-12-18T14:02:41","date_gmt":"2023-12-18T14:02:41","guid":{"rendered":"https:\/\/www.lanterne-magique.org\/?page_id=83038"},"modified":"2025-02-21T10:26:30","modified_gmt":"2025-02-21T10:26:30","slug":"spenden","status":"publish","type":"page","link":"https:\/\/www.lanterne-magique.org\/de\/spenden\/","title":{"rendered":"Ihre unterst\u00fctzung ist wichtig !"},"content":{"rendered":"<p>Mit einer Spende ab CHF 50.\u2013 unterst\u00fctzen Sie einen Klub ihrer Region und die Zauberlaterne als Ganzes. Ihre Spende kommt zu 40% dem Schweizerischen Dachverein Die Zauberlaterne zuteil und zu 60% einem Klub Ihrer Wahl oder den Klubs, die am meisten Unterst\u00fctzung ben\u00f6tigen. <\/p>\n<p style=\"text-align: center;\"><mark class=\"bouton_wrapper\"><a target='_blank'  href=\"https:\/\/donate.raisenow.io\/zfjtz\">Eine Spende machen<\/a><\/mark><\/p>\n<p>Mit Ihrer Spende werden Sie Teil der Gemeinschaft \u00abFreundinnen und Freunde der Zauberlaterne\u00bb und erhalten regelm\u00e4ssig Informationen zu den grossen Projekten des Vereins. Jedes Jahr teilen wir Ihnen die H\u00f6hepunkte der Saison mit und informieren Sie \u00fcber Aktionen, die durch Ihre Spende erm\u00f6glicht wurden, sowie \u00fcber die n\u00e4chsten Veranstaltungen, die in Ihrer Region geplant sind und f\u00fcr die Sie Eintrittskarten gewinnen k\u00f6nnen. <\/p>\n<p>Alle interessierten Personen k\u00f6nnen sich den \u00abFreundinnen und Freunden der Zauberlaterne\u00bb anschliessen und den Betrag und Zweck der Spende definieren.<br \/>\n<\/br><\/p>\n<table style=\"background-color: #F0F0F2;\">\n<tr style=\"padding: 5px;\">\n<td style=\"width: 15%; ; padding-right: 20px; padding-left: 15px; min-width: 150px;\"><img decoding=\"async\" src=\"https:\/\/www.lanterne-magique.org\/wp-content\/uploads\/2023\/12\/ZEWO_Logo_4c.png\" alt=\"\" width=\"100%\" height=\"auto\" class=\"alignnone size-full wp-image-83106\" srcset=\"https:\/\/www.lanterne-magique.org\/wp-content\/uploads\/2023\/12\/ZEWO_Logo_4c.png 549w, https:\/\/www.lanterne-magique.org\/wp-content\/uploads\/2023\/12\/ZEWO_Logo_4c-300x323.png 300w\" sizes=\"(max-width: 549px) 100vw, 549px\" \/>\n<\/td>\n<td  style=\"width: 85%; font-size: 1.3em; padding: 15px;\"><em>Der Schweizerische Dachverein Die Zauberlaterne (DVZL) tr\u00e4gt das G\u00fctesiegel der Zewo, das gemeinn\u00fctzigen Non-Profit-Organisationen (NPOs) eine gute Unternehmensf\u00fchrung und Ethik bescheinigt. <\/em><\/td>\n<\/tr>\n<\/table>\n","protected":false},"excerpt":{"rendered":"<p>Mit einer Spende ab CHF 50.\u2013 unterst\u00fctzen Sie einen Klub ihrer Region und die Zauberlaterne als Ganzes. Ihre Spende kommt zu 40% dem Schweizerischen Dachverein Die Zauberlaterne zuteil und zu 60% einem Klub Ihrer Wahl oder den Klubs, die am meisten Unterst\u00fctzung ben\u00f6tigen. Eine Spende machen Mit Ihrer Spende werden Sie Teil der Gemeinschaft \u00abFreundinnen [&hellip;]<\/p>\n","protected":false},"author":1,"featured_media":84160,"parent":0,"menu_order":0,"comment_status":"closed","ping_status":"closed","template":"page-article.php","meta":{"_acf_changed":false,"_monsterinsights_skip_tracking":false,"_monsterinsights_sitenote_active":false,"_monsterinsights_sitenote_note":"","_monsterinsights_sitenote_category":0,"footnotes":""},"class_list":["post-83038","page","type-page","status-publish","has-post-thumbnail","hentry"],"acf":{"suptitle":"","intro":"","subtitle":"SCHLIESSEN SIE SICH DEN FREUNDINNEN UND FREUNDEN DER ZAUBERLATERNE AN","bg_color":"bleu","sidebar_title":"","sidebar_content":"","sidebar_image":false},"_links":{"self":[{"href":"https:\/\/www.lanterne-magique.org\/de\/wp-json\/wp\/v2\/pages\/83038","targetHints":{"allow":["GET"]}}],"collection":[{"href":"https:\/\/www.lanterne-magique.org\/de\/wp-json\/wp\/v2\/pages"}],"about":[{"href":"https:\/\/www.lanterne-magique.org\/de\/wp-json\/wp\/v2\/types\/page"}],"author":[{"embeddable":true,"href":"https:\/\/www.lanterne-magique.org\/de\/wp-json\/wp\/v2\/users\/1"}],"replies":[{"embeddable":true,"href":"https:\/\/www.lanterne-magique.org\/de\/wp-json\/wp\/v2\/comments?post=83038"}],"version-history":[{"count":9,"href":"https:\/\/www.lanterne-magique.org\/de\/wp-json\/wp\/v2\/pages\/83038\/revisions"}],"predecessor-version":[{"id":88008,"href":"https:\/\/www.lanterne-magique.org\/de\/wp-json\/wp\/v2\/pages\/83038\/revisions\/88008"}],"wp:featuredmedia":[{"embeddable":true,"href":"https:\/\/www.lanterne-magique.org\/de\/wp-json\/wp\/v2\/media\/84160"}],"wp:attachment":[{"href":"https:\/\/www.lanterne-magique.org\/de\/wp-json\/wp\/v2\/media?parent=83038"}],"curies":[{"name":"wp","href":"https:\/\/api.w.org\/{rel}","templated":true}]}}