{"id":77356,"date":"2022-05-09T13:56:52","date_gmt":"2022-05-09T13:56:52","guid":{"rendered":"https:\/\/www.lanterne-magique.org\/casting-30ans\/"},"modified":"2022-05-11T11:51:30","modified_gmt":"2022-05-11T11:51:30","slug":"casting-30-jaehrige","status":"publish","type":"page","link":"https:\/\/www.lanterne-magique.org\/de\/casting-30-jaehrige\/","title":{"rendered":"Casting f\u00fcr das 30-J\u00e4hrige Jubil\u00e4um der Zauberlaterne"},"content":{"rendered":"\n","protected":false},"excerpt":{"rendered":"","protected":false},"author":14,"featured_media":0,"parent":0,"menu_order":0,"comment_status":"closed","ping_status":"closed","template":"page-article.php","meta":{"_acf_changed":false,"_monsterinsights_skip_tracking":false,"_monsterinsights_sitenote_active":false,"_monsterinsights_sitenote_note":"","_monsterinsights_sitenote_category":0,"footnotes":""},"class_list":["post-77356","page","type-page","status-publish","hentry"],"acf":{"suptitle":"","intro":"Nehmen Sie mit Ihrem Kind\/Ihren Kindern am Dreh des Jubil\u00e4ums-Clips teil!\r\n","subtitle":"","bg_color":"saumon","sidebar_title":"","sidebar_content":"","sidebar_image":false},"_links":{"self":[{"href":"https:\/\/www.lanterne-magique.org\/de\/wp-json\/wp\/v2\/pages\/77356","targetHints":{"allow":["GET"]}}],"collection":[{"href":"https:\/\/www.lanterne-magique.org\/de\/wp-json\/wp\/v2\/pages"}],"about":[{"href":"https:\/\/www.lanterne-magique.org\/de\/wp-json\/wp\/v2\/types\/page"}],"author":[{"embeddable":true,"href":"https:\/\/www.lanterne-magique.org\/de\/wp-json\/wp\/v2\/users\/14"}],"replies":[{"embeddable":true,"href":"https:\/\/www.lanterne-magique.org\/de\/wp-json\/wp\/v2\/comments?post=77356"}],"version-history":[{"count":2,"href":"https:\/\/www.lanterne-magique.org\/de\/wp-json\/wp\/v2\/pages\/77356\/revisions"}],"predecessor-version":[{"id":77358,"href":"https:\/\/www.lanterne-magique.org\/de\/wp-json\/wp\/v2\/pages\/77356\/revisions\/77358"}],"wp:attachment":[{"href":"https:\/\/www.lanterne-magique.org\/de\/wp-json\/wp\/v2\/media?parent=77356"}],"curies":[{"name":"wp","href":"https:\/\/api.w.org\/{rel}","templated":true}]}}