{"id":34502,"date":"2018-04-12T08:34:15","date_gmt":"2018-04-12T08:34:15","guid":{"rendered":"https:\/\/2018.lanterne.ch\/de\/trouver-un-club\/"},"modified":"2018-09-04T11:58:50","modified_gmt":"2018-09-04T11:58:50","slug":"einen-klub-finden","status":"publish","type":"page","link":"https:\/\/www.lanterne-magique.org\/de\/einen-klub-finden\/","title":{"rendered":"Einen Klub finden"},"content":{"rendered":"","protected":false},"excerpt":{"rendered":"","protected":false},"author":1,"featured_media":0,"parent":0,"menu_order":0,"comment_status":"closed","ping_status":"closed","template":"page-clubs.php","meta":{"_acf_changed":false,"_monsterinsights_skip_tracking":false,"_monsterinsights_sitenote_active":false,"_monsterinsights_sitenote_note":"","_monsterinsights_sitenote_category":0,"footnotes":""},"class_list":["post-34502","page","type-page","status-publish","hentry"],"acf":{"intro":"","subtitle":"F\u00fcr weitere Informationen zur Zauberlaterne in Ihrer N\u00e4he, besuchen Sie bitte den entsprechenden Klub.","extra_buttons":[{"title":"Klub er\u00f6ffnen","link":"https:\/\/www.lanterne-magique.org\/de\/on-a-besoin-de-vous\/ouvrir-un-club\/"}]},"_links":{"self":[{"href":"https:\/\/www.lanterne-magique.org\/de\/wp-json\/wp\/v2\/pages\/34502","targetHints":{"allow":["GET"]}}],"collection":[{"href":"https:\/\/www.lanterne-magique.org\/de\/wp-json\/wp\/v2\/pages"}],"about":[{"href":"https:\/\/www.lanterne-magique.org\/de\/wp-json\/wp\/v2\/types\/page"}],"author":[{"embeddable":true,"href":"https:\/\/www.lanterne-magique.org\/de\/wp-json\/wp\/v2\/users\/1"}],"replies":[{"embeddable":true,"href":"https:\/\/www.lanterne-magique.org\/de\/wp-json\/wp\/v2\/comments?post=34502"}],"version-history":[{"count":5,"href":"https:\/\/www.lanterne-magique.org\/de\/wp-json\/wp\/v2\/pages\/34502\/revisions"}],"predecessor-version":[{"id":38637,"href":"https:\/\/www.lanterne-magique.org\/de\/wp-json\/wp\/v2\/pages\/34502\/revisions\/38637"}],"wp:attachment":[{"href":"https:\/\/www.lanterne-magique.org\/de\/wp-json\/wp\/v2\/media?parent=34502"}],"curies":[{"name":"wp","href":"https:\/\/api.w.org\/{rel}","templated":true}]}}