{"id":34300,"date":"2018-04-05T12:08:19","date_gmt":"2018-04-05T12:08:19","guid":{"rendered":"https:\/\/2018.lanterne.ch\/on-a-besoin-de-vous\/ouvrir-un-club\/?lang=de"},"modified":"2019-11-22T16:49:08","modified_gmt":"2019-11-22T16:49:08","slug":"einen-klub-eroeffnen","status":"publish","type":"page","link":"https:\/\/www.lanterne-magique.org\/de\/on-a-besoin-de-vous\/einen-klub-eroeffnen\/","title":{"rendered":"Einen Klub er\u00f6ffnen"},"content":{"rendered":"<p>Zuerst sollten Interessierte Kontakt mit dem Dachverein Die Zauberlaterne (DVZL)aufnehmen. Dieser unterst\u00fctzt sie in der Umsetzung des Vorhabens: Er pr\u00fcft, ob gen\u00fcgend potentielle Mitglieder vor Ort vorhanden sind und stellt sodann das gesamte p\u00e4dagogische Material sowie alle Werbematerialien zur Verf\u00fcgung.<\/p>\n<h4>Ein Filmklub der Zauberlaterne in Ihrer Stadt<\/h4>\n<p>Der Filmklub in Ihrer Stadt konstituiert sich als Verein. Dieser basiert auf der Grundlage der Statuten des Dachvereins. Durch einen Jahresbeitrag wird er Mitglied des Dachvereins und geniesst von da an dessen volle Unterst\u00fctzung. Der Klub erh\u00e4lt auch laufend die aktuelle Filmprogrammation sowie s\u00e4mtliches dazu geh\u00f6rende p\u00e4dagogische Material.<br \/>\nF\u00fcr seine Promotion kontaktiert der Klub die dortigen schulischen Institutionen, Kulturzentren, Familienvereine etc. Plakate, Werbebrosch\u00fcren und Pr\u00e4sentationsdossiers werden mit dem Dachverein abgesprochen.<\/p>\n<h4>Ein Team<\/h4>\n<p>Um den reibungslosen Ablauf des Klubs zu garantieren, wird vor Ort ein Team f\u00fcr Organisation, Buchhaltung und Sponsoring zusammengestellt. Ferner gew\u00e4hren freiwillige erwachsene Betreuer die Sicherheit der Kinder vor, w\u00e4hrend und nach den Filmvorstellungen.<\/p>\n<h4>Die Moderatoren<\/h4>\n<p>Ein eingespieltes Team aus zwei Darstellern \u00fcbernimmt die Moderation und die szenische Einf\u00fchrung und baut somit eine Vertrauensbasis zu den Kindern auf. Dazu st\u00f6sst jeweils ein Gast, der f\u00fcr \u00dcberraschung und neue Situationen sorgt: Er fungiert als \u201espektakul\u00e4res\u201c Element und bringt in die Animationsstruktur eine Bereicherung auf der Ebene der Fiktion und der Phantasie. ModeratorInnen und Gast sind in den meisten Klubs professionnelle SchauspielerInnen.<\/p>\n<h4>Techniker<\/h4>\n<p>Fast alle Animationen interagieren mit technischen Effekten. Daher sollte der Filmvorf\u00fchrer die jeweils ben\u00f6tigten Lichteffekte, Nebel, Seifenblasen, Toneffekte oder Filmausschnitte bedienen k\u00f6nnen.<\/p>\n<h2>Premiere!<\/h2>\n<p>F\u00fcr die erste Saison empfehlen wir eine Er\u00f6ffnungsveranstaltung f\u00fcr die Kinder, aber vor allem auch f\u00fcr die Eltern, Lehrer, lokale Unterst\u00fctzer und Journalisten zu organisieren. Dieses Ereignis ist wesentlich, denn es garantiert einen vollen Saal f\u00fcr den Rest der Saison.<\/p>\n<p>Der Klub bestimmt den bestm\u00f6glichen Wochentag und die Zeit f\u00fcr die neun lokalen Filmvorf\u00fchrungen. Der Dachverein koordiniert dann die Programmauswahl sowie die Zirkulation des entsprechenden Materials (Film, Requisite f\u00fcr die Animation, \u2026).<\/p>\n<p>Der Dachverein stellt die Programmauswahl zusammen. Diese besteht aus neun, historisch und nach den grossen Kinoemotionen geordneten Filmen: Drei Filme zum Lachen, drei zum Tr\u00e4umen sowie entweder drei zum Weinen oder etwas F\u00fcrchten.<\/p>\n<p>Am Anfang der Saison h\u00e4ndigt der Klub jedem eingeschriebenen Kind seine Mitgliedskarte aus, welche vom Dachverein bereitgestellt werden. Auf dieser Basis kann der Klub eine Adressdatenbank f\u00fcr den Versand der Klubzeitschrift aufbauen. Letztere kann auf Seite 1 und 8 vom Klub pers\u00f6nlich gestaltet werden und bietet u.a. die M\u00f6glichkeit, Sponsoren und regionale Unterst\u00fctzer aufzuf\u00fchren.<\/p>\n<h4>Kontakt<\/h4>\n<p><strong>Dachverein Die Zauberlaterne<br \/>\nTerreaux 7<br \/>\nCH-2000 Neuenburg<br \/>\n+41 (0)32 723 77 00<br \/>\n<a target=\"_blank\" rel=\"noopener noreferrer\">box@lanterne.ch<\/a><\/strong><\/p>\n","protected":false},"excerpt":{"rendered":"<p>Zuerst sollten Interessierte Kontakt mit dem Dachverein Die Zauberlaterne (DVZL)aufnehmen. Dieser unterst\u00fctzt sie in der Umsetzung des Vorhabens: Er pr\u00fcft, ob gen\u00fcgend potentielle Mitglieder vor Ort vorhanden sind und stellt sodann das gesamte p\u00e4dagogische Material sowie alle Werbematerialien zur Verf\u00fcgung. Ein Filmklub der Zauberlaterne in Ihrer Stadt Der Filmklub in Ihrer Stadt konstituiert sich als [&hellip;]<\/p>\n","protected":false},"author":1,"featured_media":0,"parent":34268,"menu_order":15,"comment_status":"closed","ping_status":"closed","template":"page-article.php","meta":{"_acf_changed":false,"_monsterinsights_skip_tracking":false,"_monsterinsights_sitenote_active":false,"_monsterinsights_sitenote_note":"","_monsterinsights_sitenote_category":0,"footnotes":""},"class_list":["post-34300","page","type-page","status-publish","hentry"],"acf":{"suptitle":"","intro":"","subtitle":"","bg_color":"saumon","sidebar_title":"","sidebar_content":"","sidebar_image":false},"_links":{"self":[{"href":"https:\/\/www.lanterne-magique.org\/de\/wp-json\/wp\/v2\/pages\/34300","targetHints":{"allow":["GET"]}}],"collection":[{"href":"https:\/\/www.lanterne-magique.org\/de\/wp-json\/wp\/v2\/pages"}],"about":[{"href":"https:\/\/www.lanterne-magique.org\/de\/wp-json\/wp\/v2\/types\/page"}],"author":[{"embeddable":true,"href":"https:\/\/www.lanterne-magique.org\/de\/wp-json\/wp\/v2\/users\/1"}],"replies":[{"embeddable":true,"href":"https:\/\/www.lanterne-magique.org\/de\/wp-json\/wp\/v2\/comments?post=34300"}],"version-history":[{"count":2,"href":"https:\/\/www.lanterne-magique.org\/de\/wp-json\/wp\/v2\/pages\/34300\/revisions"}],"predecessor-version":[{"id":47824,"href":"https:\/\/www.lanterne-magique.org\/de\/wp-json\/wp\/v2\/pages\/34300\/revisions\/47824"}],"up":[{"embeddable":true,"href":"https:\/\/www.lanterne-magique.org\/de\/wp-json\/wp\/v2\/pages\/34268"}],"wp:attachment":[{"href":"https:\/\/www.lanterne-magique.org\/de\/wp-json\/wp\/v2\/media?parent=34300"}],"curies":[{"name":"wp","href":"https:\/\/api.w.org\/{rel}","templated":true}]}}