{"id":34292,"date":"2018-04-06T13:03:35","date_gmt":"2018-04-06T13:03:35","guid":{"rendered":"https:\/\/2018.lanterne.ch\/on-a-besoin-de-vous\/faire-un-don\/?lang=de"},"modified":"2019-10-22T08:36:27","modified_gmt":"2019-10-22T08:36:27","slug":"faire-un-don","status":"publish","type":"page","link":"https:\/\/www.lanterne-magique.org\/de\/on-a-besoin-de-vous\/faire-un-don\/","title":{"rendered":"Spenden"},"content":{"rendered":"<p>Die Zauberlaterne ist ein nicht gewinnorientierter Verein, der keine anderen Einnahmen hat als die Mitgliederbeitr\u00e4ge. Das Budget wird durch die Beitr\u00e4ge aus privater und \u00f6ffentlicher Hand nicht ganz gedeckt. Damit die Zauberlaterne \u00fcberall leuchten kann &#8211; sowohl in kleinen Orten wie auch in Grossst\u00e4dten &#8211; bedarf es weiterer Spenden &#8211; sei dies von Stiftungen oder von Privaten.<\/p>\n<p>Sie k\u00f6nnen entweder Ihren lokalen Klub oder den Dachverein mit einer Spende finanziell unterst\u00fctzen oder Sie k\u00f6nnen ein spezifisches Projekt oder ein Spezialevent f\u00f6rdern. <a href=\"mailto:box@lanterne.ch\" target=\"_blank\" rel=\"noopener noreferrer\">Bitte kontaktieren Sie uns<\/a>, damit wir gemeinsam die Art und Weise sowie die Sichtbarkeit einer m\u00f6glichen Zusammenarbeit besprechen k\u00f6nnen.<\/p>\n<p>Dachverein die Zauberlaterne<br \/>\nTerreaux 7<br \/>\nCH-2000 Neuenburg<br \/>\nIBAN: CH06 0900 0000 2000 4857 0<br \/>\nBIC: POFICHBEXXX<\/p>\n<p><strong>Naturalspenden:<\/strong><br \/>\nSie betreiben ein Gesch\u00e4ft und m\u00f6chten uns Ihre Dienste zu verg\u00fcnstigten Konditionen oder gratis anbieten? Sie m\u00f6chten einen Festivalpreis sponsern oder mithelfen, ein Filmspektakel zu realisieren? Sie w\u00e4ren bereit, w\u00e4hrend eines Spezialevents G\u00e4ste zu beherbergen? Sie unterst\u00fctzen derart ein anerkanntes p\u00e4dagogisches Kulturprojekt, welches entsprechen mediatisiert wird. Gemeinsam k\u00f6nnen wir f\u00fcr beide Seiten Win-Win-Situationen schaffen.<br \/>\n<a href=\"mailto:box@lanterne.ch\" target=\"_blank\" rel=\"noopener noreferrer\">Bitte schreiben sie uns<\/a>, wir sind f\u00fcr Ihre Vorschl\u00e4ge offen.<\/p>\n<p>Ihre Spende ist steuerabzugsberechtigt.<\/p>\n","protected":false},"excerpt":{"rendered":"<p>Die Zauberlaterne ist ein nicht gewinnorientierter Verein, der keine anderen Einnahmen hat als die Mitgliederbeitr\u00e4ge. Das Budget wird durch die Beitr\u00e4ge aus privater und \u00f6ffentlicher Hand nicht ganz gedeckt. Damit die Zauberlaterne \u00fcberall leuchten kann &#8211; sowohl in kleinen Orten wie auch in Grossst\u00e4dten &#8211; bedarf es weiterer Spenden &#8211; sei dies von Stiftungen oder [&hellip;]<\/p>\n","protected":false},"author":1,"featured_media":0,"parent":34268,"menu_order":3,"comment_status":"closed","ping_status":"closed","template":"page-article.php","meta":{"_acf_changed":false,"_monsterinsights_skip_tracking":false,"_monsterinsights_sitenote_active":false,"_monsterinsights_sitenote_note":"","_monsterinsights_sitenote_category":0,"footnotes":""},"class_list":["post-34292","page","type-page","status-publish","hentry"],"acf":{"suptitle":"","intro":"","subtitle":"","bg_color":"saumon","sidebar_title":"","sidebar_content":"","sidebar_image":false},"_links":{"self":[{"href":"https:\/\/www.lanterne-magique.org\/de\/wp-json\/wp\/v2\/pages\/34292","targetHints":{"allow":["GET"]}}],"collection":[{"href":"https:\/\/www.lanterne-magique.org\/de\/wp-json\/wp\/v2\/pages"}],"about":[{"href":"https:\/\/www.lanterne-magique.org\/de\/wp-json\/wp\/v2\/types\/page"}],"author":[{"embeddable":true,"href":"https:\/\/www.lanterne-magique.org\/de\/wp-json\/wp\/v2\/users\/1"}],"replies":[{"embeddable":true,"href":"https:\/\/www.lanterne-magique.org\/de\/wp-json\/wp\/v2\/comments?post=34292"}],"version-history":[{"count":2,"href":"https:\/\/www.lanterne-magique.org\/de\/wp-json\/wp\/v2\/pages\/34292\/revisions"}],"predecessor-version":[{"id":46423,"href":"https:\/\/www.lanterne-magique.org\/de\/wp-json\/wp\/v2\/pages\/34292\/revisions\/46423"}],"up":[{"embeddable":true,"href":"https:\/\/www.lanterne-magique.org\/de\/wp-json\/wp\/v2\/pages\/34268"}],"wp:attachment":[{"href":"https:\/\/www.lanterne-magique.org\/de\/wp-json\/wp\/v2\/media?parent=34292"}],"curies":[{"name":"wp","href":"https:\/\/api.w.org\/{rel}","templated":true}]}}