{"id":34284,"date":"2018-04-06T13:03:17","date_gmt":"2018-04-06T13:03:17","guid":{"rendered":"https:\/\/2018.lanterne.ch\/on-a-besoin-de-vous\/devenir-benevole\/?lang=de"},"modified":"2021-12-02T16:39:54","modified_gmt":"2021-12-02T16:39:54","slug":"devenir-benevole-2","status":"publish","type":"page","link":"https:\/\/www.lanterne-magique.org\/de\/devenir-benevole-2\/","title":{"rendered":"Freiwillige"},"content":{"rendered":"<p>Die Zauberlaterne leuchtet in \u00fcber 100 Kinos auf der ganzen Welt, auch in ihrer N\u00e4he. Dank dem Einsatz von unz\u00e4hligen Freiwilligen, die sich unerm\u00fcdlich f\u00fcr die Zauberlaterne einsetzen, k\u00f6nnen jedes Jahr \u00fcber 30&#8217;000 Kinder die Welt des Kinos auf der Leinwand entdecken.<\/p>\n<p><strong>Sie interessieren sich f\u00fcr ein freiwilliges Engagement bei der Zauberlaterne?<\/strong><\/p>\n<p>Um mit der Zauberlaterne Kontakt aufzunehmen, f\u00fcllen Sie bitte das Formular aus.<br \/>\nEs handelt sich hierbei um eine erste unverbindliche Kontaktaufnahme.<\/p>\n<script type=\"text\/javascript\">\n\/* <![CDATA[ *\/\nvar gform;gform||(document.addEventListener(\"gform_main_scripts_loaded\",function(){gform.scriptsLoaded=!0}),document.addEventListener(\"gform\/theme\/scripts_loaded\",function(){gform.themeScriptsLoaded=!0}),window.addEventListener(\"DOMContentLoaded\",function(){gform.domLoaded=!0}),gform={domLoaded:!1,scriptsLoaded:!1,themeScriptsLoaded:!1,isFormEditor:()=>\"function\"==typeof InitializeEditor,callIfLoaded:function(o){return!(!gform.domLoaded||!gform.scriptsLoaded||!gform.themeScriptsLoaded&&!gform.isFormEditor()||(gform.isFormEditor()&&console.warn(\"The use of gform.initializeOnLoaded() is deprecated in the form editor context and will be removed in Gravity Forms 3.1.\"),o(),0))},initializeOnLoaded:function(o){gform.callIfLoaded(o)||(document.addEventListener(\"gform_main_scripts_loaded\",()=>{gform.scriptsLoaded=!0,gform.callIfLoaded(o)}),document.addEventListener(\"gform\/theme\/scripts_loaded\",()=>{gform.themeScriptsLoaded=!0,gform.callIfLoaded(o)}),window.addEventListener(\"DOMContentLoaded\",()=>{gform.domLoaded=!0,gform.callIfLoaded(o)}))},hooks:{action:{},filter:{}},addAction:function(o,r,e,t){gform.addHook(\"action\",o,r,e,t)},addFilter:function(o,r,e,t){gform.addHook(\"filter\",o,r,e,t)},doAction:function(o){gform.doHook(\"action\",o,arguments)},applyFilters:function(o){return gform.doHook(\"filter\",o,arguments)},removeAction:function(o,r){gform.removeHook(\"action\",o,r)},removeFilter:function(o,r,e){gform.removeHook(\"filter\",o,r,e)},addHook:function(o,r,e,t,n){null==gform.hooks[o][r]&&(gform.hooks[o][r]=[]);var d=gform.hooks[o][r];null==n&&(n=r+\"_\"+d.length),gform.hooks[o][r].push({tag:n,callable:e,priority:t=null==t?10:t})},doHook:function(r,o,e){var t;if(e=Array.prototype.slice.call(e,1),null!=gform.hooks[r][o]&&((o=gform.hooks[r][o]).sort(function(o,r){return o.priority-r.priority}),o.forEach(function(o){\"function\"!=typeof(t=o.callable)&&(t=window[t]),\"action\"==r?t.apply(null,e):e[0]=t.apply(null,e)})),\"filter\"==r)return e[0]},removeHook:function(o,r,t,n){var e;null!=gform.hooks[o][r]&&(e=(e=gform.hooks[o][r]).filter(function(o,r,e){return!!(null!=n&&n!=o.tag||null!=t&&t!=o.priority)}),gform.hooks[o][r]=e)}});\n\/* ]]> *\/\n<\/script>\n\n                <div class='gf_browser_gecko gform_wrapper gform_legacy_markup_wrapper gform-theme--no-framework' data-form-theme='legacy' data-form-index='0' id='gform_wrapper_5' ><form method='post' enctype='multipart\/form-data'  id='gform_5'  action='\/de\/wp-json\/wp\/v2\/pages\/34284' data-formid='5' novalidate>\n                        <div class='gform-body gform_body'><ul id='gform_fields_5' class='gform_fields top_label form_sublabel_below description_below validation_below'><li id=\"field_5_1\" class=\"gfield gfield--type-text gfield_contains_required field_sublabel_below gfield--no-description field_description_below field_validation_below gfield_visibility_visible\"  ><label class='gfield_label gform-field-label' for='input_5_1'>Name<span class=\"gfield_required\"><span class=\"gfield_required gfield_required_asterisk\">*<\/span><\/span><\/label><div class='ginput_container ginput_container_text'><input name='input_1' id='input_5_1' type='text' value='' class='medium'     aria-required=\"true\" aria-invalid=\"false\"   \/><\/div><\/li><li id=\"field_5_4\" class=\"gfield gfield--type-text gfield_contains_required field_sublabel_below gfield--no-description field_description_below field_validation_below gfield_visibility_visible\"  ><label class='gfield_label gform-field-label' for='input_5_4'>Vorname<span class=\"gfield_required\"><span class=\"gfield_required gfield_required_asterisk\">*<\/span><\/span><\/label><div class='ginput_container ginput_container_text'><input name='input_4' id='input_5_4' type='text' value='' class='medium'     aria-required=\"true\" aria-invalid=\"false\"   \/><\/div><\/li><li id=\"field_5_5\" class=\"gfield gfield--type-date gfield--input-type-datepicker gfield--datepicker-no-icon field_sublabel_below gfield--no-description field_description_below field_validation_below gfield_visibility_hidden\"  ><div class=\"admin-hidden-markup\"><i class=\"gform-icon gform-icon--hidden\" aria-hidden=\"true\" title=\"Dieses Feld wird bei der Anzeige des Formulars ausgeblendet\"><\/i><span>Dieses Feld wird bei der Anzeige des Formulars ausgeblendet<\/span><\/div><label class='gfield_label gform-field-label' for='input_5_5'>Geburtsdatum<\/label><div class='ginput_container ginput_container_date'>\n                            <input name='input_5' id='input_5_5' type='text' value='' class='datepicker gform-datepicker dmy datepicker_no_icon gdatepicker-no-icon'   placeholder='dd\/mm\/yyyy' aria-describedby=\"input_5_5_date_format\" aria-invalid=\"false\" \/>\n                            <span id='input_5_5_date_format' class='screen-reader-text'>TT Schr\u00e4gstrich MM Schr\u00e4gstrich JJJJ<\/span>\n                        <\/div>\n                        <input type='hidden' id='gforms_calendar_icon_input_5_5' class='gform_hidden' value='https:\/\/www.lanterne-magique.org\/wp-content\/plugins\/gravityforms\/images\/datepicker\/datepicker.svg'\/><\/li><li id=\"field_5_12\" class=\"gfield gfield--type-text field_sublabel_below gfield--no-description field_description_below field_validation_below gfield_visibility_hidden\"  ><div class=\"admin-hidden-markup\"><i class=\"gform-icon gform-icon--hidden\" aria-hidden=\"true\" title=\"Dieses Feld wird bei der Anzeige des Formulars ausgeblendet\"><\/i><span>Dieses Feld wird bei der Anzeige des Formulars ausgeblendet<\/span><\/div><label class='gfield_label gform-field-label' for='input_5_12'>Adresse<\/label><div class='ginput_container ginput_container_text'><input name='input_12' id='input_5_12' type='text' value='' class='medium'      aria-invalid=\"false\"   \/><\/div><\/li><li id=\"field_5_13\" class=\"gfield gfield--type-text field_sublabel_below gfield--no-description field_description_below field_validation_below gfield_visibility_hidden\"  ><div class=\"admin-hidden-markup\"><i class=\"gform-icon gform-icon--hidden\" aria-hidden=\"true\" title=\"Dieses Feld wird bei der Anzeige des Formulars ausgeblendet\"><\/i><span>Dieses Feld wird bei der Anzeige des Formulars ausgeblendet<\/span><\/div><label class='gfield_label gform-field-label' for='input_5_13'>PLZ<\/label><div class='ginput_container ginput_container_text'><input name='input_13' id='input_5_13' type='text' value='' class='medium'      aria-invalid=\"false\"   \/><\/div><\/li><li id=\"field_5_14\" class=\"gfield gfield--type-text field_sublabel_below gfield--no-description field_description_below field_validation_below gfield_visibility_hidden\"  ><div class=\"admin-hidden-markup\"><i class=\"gform-icon gform-icon--hidden\" aria-hidden=\"true\" title=\"Dieses Feld wird bei der Anzeige des Formulars ausgeblendet\"><\/i><span>Dieses Feld wird bei der Anzeige des Formulars ausgeblendet<\/span><\/div><label class='gfield_label gform-field-label' for='input_5_14'>Ort<\/label><div class='ginput_container ginput_container_text'><input name='input_14' id='input_5_14' type='text' value='' class='medium'      aria-invalid=\"false\"   \/><\/div><\/li><li id=\"field_5_9\" class=\"gfield gfield--type-phone gfield_contains_required field_sublabel_below gfield--no-description field_description_below field_validation_below gfield_visibility_visible\"  ><label class='gfield_label gform-field-label' for='input_5_9'>Tel. Nr.<span class=\"gfield_required\"><span class=\"gfield_required gfield_required_asterisk\">*<\/span><\/span><\/label><div class='ginput_container ginput_container_phone'><input name='input_9' id='input_5_9' type='tel' value='' class='medium'   aria-required=\"true\" aria-invalid=\"false\"   \/><\/div><\/li><li id=\"field_5_8\" class=\"gfield gfield--type-email gfield_contains_required field_sublabel_below gfield--no-description field_description_below field_validation_below gfield_visibility_visible\"  ><label class='gfield_label gform-field-label' for='input_5_8'>E-Mail<span class=\"gfield_required\"><span class=\"gfield_required gfield_required_asterisk\">*<\/span><\/span><\/label><div class='ginput_container ginput_container_email'>\n                            <input name='input_8' id='input_5_8' type='email' value='' class='medium'    aria-required=\"true\" aria-invalid=\"false\"  \/>\n                        <\/div><\/li><li id=\"field_5_15\" class=\"gfield gfield--type-select gfield_contains_required field_sublabel_below gfield--no-description field_description_below field_validation_below gfield_visibility_visible\"  ><label class='gfield_label gform-field-label' for='input_5_15'>Bei welchem Klub m\u00f6chten sie mithelfen?<span class=\"gfield_required\"><span class=\"gfield_required gfield_required_asterisk\">*<\/span><\/span><\/label><div class='ginput_container ginput_container_select'><select name='input_15' id='input_5_15' class='medium gfield_select'    aria-required=\"true\" aria-invalid=\"false\" ><option value='104' >Aarau<\/option><option value='287' >Allschwil<\/option><option value='3' >Altdorf<\/option><option value='39' >Baden \/ Wettingen<\/option><option value='270' >Basel<\/option><option value='' >Belp<\/option><option value='6' >Bern ABC<\/option><option value='112' >Bern Westside<\/option><option value='7' >Biel<\/option><option value='9' >Brig<\/option><option value='61' >Burgdorf<\/option><option value='10' >B\u00fclach<\/option><option value='75' >D\u00fcbendorf<\/option><option value='' >Einsiedeln<\/option><option value='72' >Freiburg<\/option><option value='55' >Interlaken<\/option><option value='51' >Langenthal<\/option><option value='23' >Luzern<\/option><option value='24' >Lyss<\/option><option value='76' >M\u00e4nnedorf<\/option><option value='31' >Rapperswil<\/option><option value='' >Romanshorn<\/option><option value='33' >Sarnen<\/option><option value='224' >Schaan<\/option><option value='34' >Schwyz<\/option><option value='36' >Solothurn<\/option><option value='' >St. Gallen<\/option><option value='37' >Thun<\/option><option value='109' >Thusis<\/option><option value='48' >Winterthur<\/option><option value='271' >Z\u00fcrich Arena Sihlcity<\/option><option value='41' >Z\u00fcrich Filmpodium<\/option><\/select><\/div><\/li><li id=\"field_5_3\" class=\"gfield gfield--type-textarea field_sublabel_below gfield--no-description field_description_below field_validation_below gfield_visibility_hidden\"  ><div class=\"admin-hidden-markup\"><i class=\"gform-icon gform-icon--hidden\" aria-hidden=\"true\" title=\"Dieses Feld wird bei der Anzeige des Formulars ausgeblendet\"><\/i><span>Dieses Feld wird bei der Anzeige des Formulars ausgeblendet<\/span><\/div><label class='gfield_label gform-field-label' for='input_5_3'>Haben Sie bestimmte Vorlieben in welchem Bereich Sie sich freiwillig engagieren m\u00f6chten?<\/label><div class='ginput_container ginput_container_textarea'><textarea name='input_3' id='input_5_3' class='textarea medium'      aria-invalid=\"false\"   rows='10' cols='50'><\/textarea><\/div><\/li><li id=\"field_5_10\" class=\"gfield gfield--type-textarea field_sublabel_below gfield--no-description field_description_below field_validation_below gfield_visibility_hidden\"  ><div class=\"admin-hidden-markup\"><i class=\"gform-icon gform-icon--hidden\" aria-hidden=\"true\" title=\"Dieses Feld wird bei der Anzeige des Formulars ausgeblendet\"><\/i><span>Dieses Feld wird bei der Anzeige des Formulars ausgeblendet<\/span><\/div><label class='gfield_label gform-field-label' for='input_5_10'>Haben Sie bestimmte Kenntnisse\/F\u00e4higkeiten, die Sie bei ihrer freiwilligen T\u00e4tigkeit einbringen m\u00f6chten?<\/label><div class='ginput_container ginput_container_textarea'><textarea name='input_10' id='input_5_10' class='textarea medium'      aria-invalid=\"false\"   rows='10' cols='50'><\/textarea><\/div><\/li><li id=\"field_5_11\" class=\"gfield gfield--type-textarea field_sublabel_below gfield--no-description field_description_below field_validation_below gfield_visibility_hidden\"  ><div class=\"admin-hidden-markup\"><i class=\"gform-icon gform-icon--hidden\" aria-hidden=\"true\" title=\"Dieses Feld wird bei der Anzeige des Formulars ausgeblendet\"><\/i><span>Dieses Feld wird bei der Anzeige des Formulars ausgeblendet<\/span><\/div><label class='gfield_label gform-field-label' for='input_5_11'>Weshalb m\u00f6chten Sie bei der Zauberlaterne mithelfen?<\/label><div class='ginput_container ginput_container_textarea'><textarea name='input_11' id='input_5_11' class='textarea medium'      aria-invalid=\"false\"   rows='10' cols='50'><\/textarea><\/div><\/li><\/ul><\/div>\n        <div class='gform-footer gform_footer top_label'> <input type='submit' id='gform_submit_button_5' class='gform_button button' onclick='gform.submission.handleButtonClick(this);' data-submission-type='submit' value='ABSCHICKEN'  \/> \n            <input type='hidden' class='gform_hidden' name='gform_submission_method' data-js='gform_submission_method_5' value='postback' \/>\n            <input type='hidden' class='gform_hidden' name='gform_theme' data-js='gform_theme_5' id='gform_theme_5' value='legacy' \/>\n            <input type='hidden' class='gform_hidden' name='gform_style_settings' data-js='gform_style_settings_5' id='gform_style_settings_5' value='[]' \/>\n            <input type='hidden' class='gform_hidden' name='is_submit_5' value='1' \/>\n            <input type='hidden' class='gform_hidden' name='gform_submit' value='5' \/>\n            \n            <input type='hidden' class='gform_hidden' name='gform_currency' data-currency='CHF' value='21dhVTTh55G07on2J+fUvY2C+H6jLSO6TyByNr7wnJWUfAxl9Tfy0IQ1zNJnLwXkzJiTSvoukb+HIBW1j2j707yDHwSWJgCFZJIH+9jhAaGxlW8=' \/>\n            <input type='hidden' class='gform_hidden' name='gform_unique_id' value='' \/>\n            <input type='hidden' class='gform_hidden' name='state_5' value='WyJbXSIsIjY3NjVlNzI2YWM1ZDE0MDE2NWU0YTM2YzhlZGFhNjBmIl0=' \/>\n            <input type='hidden' autocomplete='off' class='gform_hidden' name='gform_target_page_number_5' id='gform_target_page_number_5' value='0' \/>\n            <input type='hidden' autocomplete='off' class='gform_hidden' name='gform_source_page_number_5' id='gform_source_page_number_5' value='1' \/>\n            <input type='hidden' name='gform_field_values' value='' \/>\n            \n        <\/div>\n                        <\/form>\n                        <\/div><script type=\"text\/javascript\">\n\/* <![CDATA[ *\/\n gform.initializeOnLoaded( function() {gformInitSpinner( 5, 'https:\/\/www.lanterne-magique.org\/wp-content\/plugins\/gravityforms\/images\/spinner.svg', true );jQuery('#gform_ajax_frame_5').on('load',function(){var contents = jQuery(this).contents().find('*').html();var is_postback = contents.indexOf('GF_AJAX_POSTBACK') >= 0;if(!is_postback){return;}var form_content = jQuery(this).contents().find('#gform_wrapper_5');var is_confirmation = jQuery(this).contents().find('#gform_confirmation_wrapper_5').length > 0;var is_redirect = contents.indexOf('gformRedirect(){') >= 0;var is_form = form_content.length > 0 && ! is_redirect && ! is_confirmation;var mt = parseInt(jQuery('html').css('margin-top'), 10) + parseInt(jQuery('body').css('margin-top'), 10) + 100;if(is_form){jQuery('#gform_wrapper_5').html(form_content.html());if(form_content.hasClass('gform_validation_error')){jQuery('#gform_wrapper_5').addClass('gform_validation_error');} else {jQuery('#gform_wrapper_5').removeClass('gform_validation_error');}setTimeout( function() { \/* delay the scroll by 50 milliseconds to fix a bug in chrome *\/  }, 50 );if(window['gformInitDatepicker']) {gformInitDatepicker();}if(window['gformInitPriceFields']) {gformInitPriceFields();}var current_page = jQuery('#gform_source_page_number_5').val();gformInitSpinner( 5, 'https:\/\/www.lanterne-magique.org\/wp-content\/plugins\/gravityforms\/images\/spinner.svg', true );jQuery(document).trigger('gform_page_loaded', [5, current_page]);window['gf_submitting_5'] = false;}else if(!is_redirect){var confirmation_content = jQuery(this).contents().find('.GF_AJAX_POSTBACK').html();if(!confirmation_content){confirmation_content = contents;}jQuery('#gform_wrapper_5').replaceWith(confirmation_content);jQuery(document).trigger('gform_confirmation_loaded', [5]);window['gf_submitting_5'] = false;wp.a11y.speak(jQuery('#gform_confirmation_message_5').text());}else{jQuery('#gform_5').append(contents);if(window['gformRedirect']) {gformRedirect();}}jQuery(document).trigger(\"gform_pre_post_render\", [{ formId: \"5\", currentPage: \"current_page\", abort: function() { this.preventDefault(); } }]);        if (event && event.defaultPrevented) {                return;        }        const gformWrapperDiv = document.getElementById( \"gform_wrapper_5\" );        if ( gformWrapperDiv ) {            const visibilitySpan = document.createElement( \"span\" );            visibilitySpan.id = \"gform_visibility_test_5\";            gformWrapperDiv.insertAdjacentElement( \"afterend\", visibilitySpan );        }        const visibilityTestDiv = document.getElementById( \"gform_visibility_test_5\" );        let postRenderFired = false;        function triggerPostRender() {            if ( postRenderFired ) {                return;            }            postRenderFired = true;            gform.core.triggerPostRenderEvents( 5, current_page );            if ( visibilityTestDiv ) {                visibilityTestDiv.parentNode.removeChild( visibilityTestDiv );            }        }        function debounce( func, wait, immediate ) {            var timeout;            return function() {                var context = this, args = arguments;                var later = function() {                    timeout = null;                    if ( !immediate ) func.apply( context, args );                };                var callNow = immediate && !timeout;                clearTimeout( timeout );                timeout = setTimeout( later, wait );                if ( callNow ) func.apply( context, args );            };        }        const debouncedTriggerPostRender = debounce( function() {            triggerPostRender();        }, 200 );        if ( visibilityTestDiv && visibilityTestDiv.offsetParent === null ) {            const observer = new MutationObserver( ( mutations ) => {                mutations.forEach( ( mutation ) => {                    if ( mutation.type === 'attributes' && visibilityTestDiv.offsetParent !== null ) {                        debouncedTriggerPostRender();                        observer.disconnect();                    }                });            });            observer.observe( document.body, {                attributes: true,                childList: false,                subtree: true,                attributeFilter: [ 'style', 'class' ],            });        } else {            triggerPostRender();        }    } );} ); \n\/* ]]> *\/\n<\/script>\n\n","protected":false},"excerpt":{"rendered":"<p>Die Zauberlaterne leuchtet in \u00fcber 100 Kinos auf der ganzen Welt, auch in ihrer N\u00e4he. Dank dem Einsatz von unz\u00e4hligen Freiwilligen, die sich unerm\u00fcdlich f\u00fcr die Zauberlaterne einsetzen, k\u00f6nnen jedes Jahr \u00fcber 30&#8217;000 Kinder die Welt des Kinos auf der Leinwand entdecken. Sie interessieren sich f\u00fcr ein freiwilliges Engagement bei der Zauberlaterne? Um mit der [&hellip;]<\/p>\n","protected":false},"author":1,"featured_media":0,"parent":0,"menu_order":2,"comment_status":"closed","ping_status":"closed","template":"page-article.php","meta":{"_acf_changed":false,"_monsterinsights_skip_tracking":false,"_monsterinsights_sitenote_active":false,"_monsterinsights_sitenote_note":"","_monsterinsights_sitenote_category":0,"footnotes":""},"class_list":["post-34284","page","type-page","status-publish","hentry"],"acf":{"suptitle":"","intro":"","subtitle":"Die Zauberlaterne braucht euch!","bg_color":"saumon","sidebar_title":"","sidebar_content":"","sidebar_image":false},"_links":{"self":[{"href":"https:\/\/www.lanterne-magique.org\/de\/wp-json\/wp\/v2\/pages\/34284","targetHints":{"allow":["GET"]}}],"collection":[{"href":"https:\/\/www.lanterne-magique.org\/de\/wp-json\/wp\/v2\/pages"}],"about":[{"href":"https:\/\/www.lanterne-magique.org\/de\/wp-json\/wp\/v2\/types\/page"}],"author":[{"embeddable":true,"href":"https:\/\/www.lanterne-magique.org\/de\/wp-json\/wp\/v2\/users\/1"}],"replies":[{"embeddable":true,"href":"https:\/\/www.lanterne-magique.org\/de\/wp-json\/wp\/v2\/comments?post=34284"}],"version-history":[{"count":8,"href":"https:\/\/www.lanterne-magique.org\/de\/wp-json\/wp\/v2\/pages\/34284\/revisions"}],"predecessor-version":[{"id":76590,"href":"https:\/\/www.lanterne-magique.org\/de\/wp-json\/wp\/v2\/pages\/34284\/revisions\/76590"}],"wp:attachment":[{"href":"https:\/\/www.lanterne-magique.org\/de\/wp-json\/wp\/v2\/media?parent=34284"}],"curies":[{"name":"wp","href":"https:\/\/api.w.org\/{rel}","templated":true}]}}