{"id":34260,"date":"2018-04-06T12:58:49","date_gmt":"2018-04-06T12:58:49","guid":{"rendered":"https:\/\/2018.lanterne.ch\/a-propos\/cgv\/?lang=de"},"modified":"2018-05-02T09:04:39","modified_gmt":"2018-05-02T09:04:39","slug":"agb","status":"publish","type":"page","link":"https:\/\/www.lanterne-magique.org\/de\/a-propos\/agb\/","title":{"rendered":"Allgemeine Gesch\u00e4ftsbedingungen (AGB)"},"content":{"rendered":"<h1>Geltungsbereich<\/h1>\n<p>Die vorliegenden allgemeinen Gesch\u00e4ftsbedingungen (nachstehend: AGB) regeln die Vertragsverh\u00e4ltnisse zwischen den lokalen Vereinen der Zauberlaterne (nachstehend: der Veranstalter) und ihren Kunden (nachstehend: der K\u00e4ufer). Sie gelten vollumf\u00e4nglich und vorbehaltlos f\u00fcr jeden K\u00e4ufer, der f\u00fcr sich selbst oder einen Minderj\u00e4hrigen, dessen legaler Rechtsvertreter er oder sie ist, eine Online-Einschreibung auf einer der Webseiten der Zauberlaterne vorgenommen hat oder die Anmeldung per Formular gemacht hat.<\/p>\n<h1>Vertragsabschluss<\/h1>\n<p>Der Vertrag gilt in dem Moment als abgeschlossen, sobald der K\u00e4ufer die Online-Einschreibung best\u00e4tigt hat. Somit best\u00e4tigt er auch die Allgemeine Gesch\u00e4ftsbedingungen zu kennen und ihnen zuzustimmen. Die Allgemeine Gesch\u00e4ftsbedingungen werden mit der Best\u00e4tigung Bestandteil des Vertrags.<\/p>\n<h1>Kosten f\u00fcr die Einschreibung und Reglement<\/h1>\n<p>Der Gesamtpreis besteht aus den Einschreibegeb\u00fchren und allen anwendbaren Abgaben zum Zeitpunkt der Einschreibung. Der K\u00e4ufer ist damit einverstanden, den Gesamtpreis der get\u00e4tigten Einschreibungen innerhalb von 30 Tagen ab Einschreibedatum zu begleichen. Bezahlt der K\u00e4ufer mit Kreditkarte, wird die \u00dcberweisung vom Dachverein Die Zauberlaterne (DVZL) f\u00fcr das Konto und im Namen vom Veranstalter durchgef\u00fchrt. In der Regel erfolgt keine R\u00fcckerstattung, egal welche Gr\u00fcnde geltend gemacht werden.<\/p>\n<h1>Leistungen des Veranstalters<\/h1>\n<p>Sobald die Einschreibegeb\u00fchren verbucht sind, hat der K\u00e4ufer das Recht, die regul\u00e4ren Veranstaltungen des lokalen Vereins der Zauberlaterne und der Saison, f\u00fcr welche die Einschreibung erfolgt ist, zu besuchen. Allf\u00e4llige Zusatzleistungen werden vom Veranstalter bestimmt. Der lokale Veranstalter der Zauberlaterne kommuniziert dem K\u00e4ufer per E-Mail, wo und wie die Eintrittsberechtigungen erhalten werden k\u00f6nnen. Es erfolgt in der Regel keine R\u00fcckerstattung oder Umtausch bei Verlust, Diebstahl, Besch\u00e4digung oder Zerst\u00f6rung der Eintrittsberechtigung. F\u00fcr nicht besuchte Veranstaltungen kann keine R\u00fcckerstattung gew\u00e4hrt werden.<\/p>\n<h1>Verantwortung des K\u00e4ufers<\/h1>\n<p>Der K\u00e4ufer best\u00e4tigt, dass alle Angaben, die er f\u00fcr die Einschreibung macht, vollst\u00e4ndig und korrekt sind. Wenn der K\u00e4ufer minderj\u00e4hrig ist, muss der gesetzliche Vertreter die Einschreibung best\u00e4tigen. Der Veranstalter beh\u00e4lt sich das Recht vor, Identit\u00e4ts- und Alterskontrollen durchzuf\u00fchren und Kindern, deren Angaben nicht wahrheitsgem\u00e4ss ausgef\u00fcllt wurden, den Zutritt zu den Veranstaltungen zu verwehren.<\/p>\n<h1>Datenschutz<\/h1>\n<p>Der Veranstalter verpflichtet sich dazu, die Daten des K\u00e4ufers sorgf\u00e4ltig zu behandeln und die Bestimmungen des Datenschutzes einzuhalten. Der K\u00e4ufer verf\u00fcgt \u00fcber das Recht auf Einsicht, Verbesserung und L\u00f6schung der ihn betreffenden Daten. Der Veranstalter beh\u00e4lt sich das Recht vor die Vornamen, Namen sowie die vollst\u00e4ndigen Adressen der eingeschriebenen Kinder ihren jeweiligen Wohngemeinden zu kommunizieren. Der Grund daf\u00fcr ist einzig zur Festlegung der finanziellen Unterst\u00fctzung der Zauberlaterne durch die entsprechenden Gemeinden. Abgesehen von dieser ausserordentlichen Ausnahme werden die Adressen keinesfalls weitergegeben, verkauft oder Dritten zur Verf\u00fcgung gestellt. Der K\u00e4ufer best\u00e4tigt, dass er darauf aufmerksam gemacht wurde und damit einverstanden ist, dass Bilder von ihm, oder diejenigen der Minderj\u00e4hrigen, die er vertritt, zu Werbezwecken der Zauberlaterne benutzt werden d\u00fcrfen. Es obliegt seiner Verantwortung, den Veranstalter bei jeder Veranstaltung darauf aufmerksam zu machen, dass das Kind \/ die Kinder, deren rechtlicher Vertreter er oder sie ist, auf keinen Fall fotografiert werden d\u00fcrfen.<\/p>\n<h1>Haftungsausschluss<\/h1>\n<p>Der Veranstalter schliesst jede Haftung aus, einschliesslich Fahrl\u00e4ssigkeit, Personen- oder Sachsch\u00e4den oder wirtschaftliche Verluste, die im Zusammenhang mit der Organisation und Durchf\u00fchrung von Veranstaltungen entstehen. Das gilt auch f\u00fcr Mitarbeitende und Hilfskr\u00e4fte. Insbesondere wird die Haftung ausgeschlossen f\u00fcr Sch\u00e4den, welche aus der Absage von Anl\u00e4ssen, einer schlechten Organisation oder ungen\u00fcgenden Durchf\u00fchrung einer Veranstaltung entstehen.<\/p>\n<h1>\u00c4nderungen der allgemeinen Gesch\u00e4ftsbedingungen<\/h1>\n<p>Die hier vorliegenden AGB k\u00f6nnen jederzeit vom Veranstalter ver\u00e4ndert werden. Neue Allgemeine Gesch\u00e4ftsbedingungen werden dem K\u00e4ufer mindestens 30 Tage vor deren Inkrafttreten auf der Website der Zauberlaterne bekannt gemacht. Nach Ablauf dieser Zeit gelten die neuen Allgemeine Gesch\u00e4ftsbedingungen als vom K\u00e4ufer akzeptiert.<\/p>\n<h1>Anwendbares Recht und Gerichtsstand<\/h1>\n<p>Die hier aufgelisteten AGB unterstehen dem schweizerischen Recht. Im Gerichtsfall gilt ausschliesslich der franz\u00f6sische Text. Sollte eine g\u00fctliche Einigung unm\u00f6glich sein, gilt als Gerichtsstand Neuenburg, Schweiz.<\/p>\n","protected":false},"excerpt":{"rendered":"<p>Geltungsbereich Die vorliegenden allgemeinen Gesch\u00e4ftsbedingungen (nachstehend: AGB) regeln die Vertragsverh\u00e4ltnisse zwischen den lokalen Vereinen der Zauberlaterne (nachstehend: der Veranstalter) und ihren Kunden (nachstehend: der K\u00e4ufer). Sie gelten vollumf\u00e4nglich und vorbehaltlos f\u00fcr jeden K\u00e4ufer, der f\u00fcr sich selbst oder einen Minderj\u00e4hrigen, dessen legaler Rechtsvertreter er oder sie ist, eine Online-Einschreibung auf einer der Webseiten der Zauberlaterne [&hellip;]<\/p>\n","protected":false},"author":1,"featured_media":0,"parent":34228,"menu_order":13,"comment_status":"closed","ping_status":"closed","template":"page-article.php","meta":{"_acf_changed":false,"_monsterinsights_skip_tracking":false,"_monsterinsights_sitenote_active":false,"_monsterinsights_sitenote_note":"","_monsterinsights_sitenote_category":0,"footnotes":""},"class_list":["post-34260","page","type-page","status-publish","hentry"],"acf":{"suptitle":"","intro":"","subtitle":"","bg_color":"jaune","sidebar_title":"","sidebar_content":"","sidebar_image":false},"_links":{"self":[{"href":"https:\/\/www.lanterne-magique.org\/de\/wp-json\/wp\/v2\/pages\/34260","targetHints":{"allow":["GET"]}}],"collection":[{"href":"https:\/\/www.lanterne-magique.org\/de\/wp-json\/wp\/v2\/pages"}],"about":[{"href":"https:\/\/www.lanterne-magique.org\/de\/wp-json\/wp\/v2\/types\/page"}],"author":[{"embeddable":true,"href":"https:\/\/www.lanterne-magique.org\/de\/wp-json\/wp\/v2\/users\/1"}],"replies":[{"embeddable":true,"href":"https:\/\/www.lanterne-magique.org\/de\/wp-json\/wp\/v2\/comments?post=34260"}],"version-history":[{"count":0,"href":"https:\/\/www.lanterne-magique.org\/de\/wp-json\/wp\/v2\/pages\/34260\/revisions"}],"up":[{"embeddable":true,"href":"https:\/\/www.lanterne-magique.org\/de\/wp-json\/wp\/v2\/pages\/34228"}],"wp:attachment":[{"href":"https:\/\/www.lanterne-magique.org\/de\/wp-json\/wp\/v2\/media?parent=34260"}],"curies":[{"name":"wp","href":"https:\/\/api.w.org\/{rel}","templated":true}]}}