{"id":34252,"date":"2018-04-06T12:58:43","date_gmt":"2018-04-06T12:58:43","guid":{"rendered":"https:\/\/2018.lanterne.ch\/a-propos\/jobs\/?lang=de"},"modified":"2026-02-16T16:45:26","modified_gmt":"2026-02-16T16:45:26","slug":"jobs","status":"publish","type":"page","link":"https:\/\/www.lanterne-magique.org\/de\/a-propos\/jobs\/","title":{"rendered":"Jobs"},"content":{"rendered":"<h2>Beim Dachverein der Zauberlaterne (DVZL) arbeiten\u2026<\/h2>\n<p>Zur Zeit sind keine Stellen beim Dachverein der Zauberlaterne (DVZL) offen.<\/p>\n","protected":false},"excerpt":{"rendered":"<p>Beim Dachverein der Zauberlaterne (DVZL) arbeiten\u2026 Zur Zeit sind keine Stellen beim Dachverein der Zauberlaterne (DVZL) offen.<\/p>\n","protected":false},"author":1,"featured_media":0,"parent":34228,"menu_order":12,"comment_status":"closed","ping_status":"closed","template":"page-article.php","meta":{"_acf_changed":false,"_monsterinsights_skip_tracking":false,"_monsterinsights_sitenote_active":false,"_monsterinsights_sitenote_note":"","_monsterinsights_sitenote_category":0,"footnotes":""},"class_list":["post-34252","page","type-page","status-publish","hentry"],"acf":{"suptitle":"","intro":"","subtitle":"","bg_color":"saumon","sidebar_title":"Freiwillige!","sidebar_content":"<p>F\u00fcr die durchf\u00fchrung der 9 Vorstellungen pro Jahr sucht die Zauberlaterne regelm\u00e4ssig Freiwillige:<br \/>\n<img loading=\"lazy\" decoding=\"async\" class=\"aligncenter size-full wp-image-17920\" src=\"https:\/\/www.magic-lantern.org\/wp-content\/uploads\/1980\/12\/LIGNE.png\" alt=\"\" width=\"610\" height=\"20\" \/><br \/>\n<iframe id=\"benevol_jobliste\" style=\"background-color: transparent;\" src=\"https:\/\/www.benevol-jobs.ch\/de\/external\/filterable\/jobs?recruiter_company_profile_job_organization_raw=La%20Lanterne%20Magique\" height=\"1000\" frameborder=\"0\" scrolling=\"auto\"><\/iframe><\/p>\n","sidebar_image":false},"_links":{"self":[{"href":"https:\/\/www.lanterne-magique.org\/de\/wp-json\/wp\/v2\/pages\/34252","targetHints":{"allow":["GET"]}}],"collection":[{"href":"https:\/\/www.lanterne-magique.org\/de\/wp-json\/wp\/v2\/pages"}],"about":[{"href":"https:\/\/www.lanterne-magique.org\/de\/wp-json\/wp\/v2\/types\/page"}],"author":[{"embeddable":true,"href":"https:\/\/www.lanterne-magique.org\/de\/wp-json\/wp\/v2\/users\/1"}],"replies":[{"embeddable":true,"href":"https:\/\/www.lanterne-magique.org\/de\/wp-json\/wp\/v2\/comments?post=34252"}],"version-history":[{"count":69,"href":"https:\/\/www.lanterne-magique.org\/de\/wp-json\/wp\/v2\/pages\/34252\/revisions"}],"predecessor-version":[{"id":91047,"href":"https:\/\/www.lanterne-magique.org\/de\/wp-json\/wp\/v2\/pages\/34252\/revisions\/91047"}],"up":[{"embeddable":true,"href":"https:\/\/www.lanterne-magique.org\/de\/wp-json\/wp\/v2\/pages\/34228"}],"wp:attachment":[{"href":"https:\/\/www.lanterne-magique.org\/de\/wp-json\/wp\/v2\/media?parent=34252"}],"curies":[{"name":"wp","href":"https:\/\/api.w.org\/{rel}","templated":true}]}}