{"id":34236,"date":"2017-11-29T14:07:28","date_gmt":"2017-11-29T14:07:28","guid":{"rendered":"https:\/\/2018.lanterne.ch\/a-propos\/la-lanterne-magique\/?lang=de"},"modified":"2025-12-15T08:47:30","modified_gmt":"2025-12-15T08:47:30","slug":"verein","status":"publish","type":"page","link":"https:\/\/www.lanterne-magique.org\/de\/a-propos\/verein\/","title":{"rendered":"Schweizerischer Dachverein Die\u00a0Zauberlaterne"},"content":{"rendered":"<p><strong>Der 1993 in Neuch\u00e2tel gegr\u00fcndete Schweizerische Dachverein Die Zauberlaterne (DVZL) ist die Dachorganisation aller Zauberlaterne-Klubs. Gegenw\u00e4rtig geh\u00f6ren 80 Klubs in der Schweiz dazu, die jedes Jahr rund 1000 Vorstellungen organisieren. Dar\u00fcber hinaus ist die Zauberlaterne auch in zehn L\u00e4ndern im Ausland pr\u00e4sent.<\/strong><\/p>\n<p>Der DVZL garantiert, dass die Konzepte der Zauberlaterne und der Kleinen Laterne umgesetzt werden. Insbesondere k\u00fcmmert sich der DVZL f\u00fcr die Filmprogrammation, die Konzipierung des p\u00e4dagogischen Materials und die Entwicklung der visuellen Identit\u00e4t. Um diese Aufgaben gut zu meistern, arbeitet der DVZL sehr eng mit den Klubs zusammen. Der Dachverein verteidigt ihre Interessen, koordiniert ihre Aktivit\u00e4ten, gibt ihnen die notwendigen Hilfen und Unterst\u00fctzungen f\u00fcr ein gutes Funktionieren und entwickelt strukturelle, logistische und technische Hilfsmittel sowie die notwendigen Materialen f\u00fcr die Werbung.<\/p>\n<p>Der DVZL arbeitet mit zahlreichen Kulturpartnern zusammen und bietet neben den regul\u00e4ren Vorstellungen seiner Klubs jedes Jahr eine Vielzahl von Sonderveranstaltungen an, insbesondere im Rahmen von Filmfestivals.<\/p>\n<p>Aufgrund seiner nationalen und internationalen Bedeutung wird der DVZL zu zahlreichen Kongressen, Workshops und Festivals eingeladen, an denen er sein Fachwissen im Bereich der Filmvermittlung f\u00fcr ein junges Publikum mit Fachleuten aus der ganzen Welt teilt. Der DVZL ist auch in den Schulen pr\u00e4sent und kooperiert mit der Interkantonalen Konferenz f\u00fcr das \u00f6ffentliche Bildungswesen der Westschweiz und des Tessins (CIIP) und seiner deutschsprachigen Entsprechung, der Konferenz der kantonalen Kulturbeauftragten (KBK).<\/p>\n<p>Schweizerischer Dachverein Die Zauberlaterne<br \/>\nTerreaux 7, CH-2000 Neuenburg<br \/>\n<a href=\"mailto:box@lanterne.ch\">box@lanterne.ch<\/a><br \/>\n<a href=\"https:\/\/zauberlaterne.org\" target=\"_blank\" rel=\"noopener noreferrer\"><br \/>\nwww.zauberlaterne.org<\/a><\/strong><\/p>\n<p>&nbsp;<\/p>\n<p>&nbsp;<\/p>\n<p>&nbsp;<\/p>\n<table class=\"alignleft\" style=\"height: auto; width: 100%;\" border=\"0\" cellspacing=\"20\" cellpadding=\"0\">\n<tbody>\n<tr>\n<td style=\"width: 33.3333%;\"><a href=\"http:\/\/www.bak.admin.ch\/index.html?lang=de\" target=\"_blank\" rel=\"noopener noreferrer\"><img decoding=\"async\" class=\"alignnone wp-image-20597 size-full\" src=\"https:\/\/www.lanterne-magique.org\/wp-content\/uploads\/2018\/05\/ofc_de.png\" alt=\"BAK\" width=\"80%\" height=\"auto\" \/><\/a><\/td>\n<td style=\"width: 33.3333%; text-align: center;\"><a href=\"https:\/\/www.swisslos.ch\/swisslos\/ueberswissloshome.do\" target=\"_blank\" rel=\"noopener noreferrer\"><img decoding=\"async\" class=\"alignnone wp-image-17039\" src=\"https:\/\/www.lanterne-magique.org\/wp-content\/uploads\/2018\/05\/swisslos_de.png\" alt=\"Swisslos\" width=\"80%\" height=\"auto\" \/><\/a><\/td>\n<td style=\"width: 33.3333%; text-align: right;\"><a href=\"http:\/\/www.procinema.ch\/de\" target=\"_blank\" rel=\"noopener noreferrer\"><img decoding=\"async\" class=\" wp-image-24365 alignnone\" src=\"https:\/\/www.lanterne-magique.org\/wp-content\/uploads\/2018\/05\/procinema.png\" alt=\"Procinema\" width=\"80%\" height=\"auto\" \/><\/a><\/td>\n<\/tr>\n<tr>\n<td style=\"width: 33.3333%;\"><a href=\"http:\/\/www.ne.ch\" target=\"_blank\" rel=\"noopener noreferrer\"><img decoding=\"async\" class=\"alignnone wp-image-20614 size-full\" src=\"https:\/\/www.lanterne-magique.org\/wp-content\/uploads\/2018\/05\/neuchatel_canton.png\" alt=\"Canton de Neuchatel\" width=\"80%\" height=\"auto\" \/><\/a><\/td>\n<td style=\"width: 33.3333%; text-align: center;\"><a href=\"http:\/\/www.neuchatelville.ch\/\" target=\"_blank\" rel=\"noopener noreferrer\"><img decoding=\"async\" class=\"alignnone wp-image-20615 size-full\" src=\"https:\/\/www.lanterne-magique.org\/wp-content\/uploads\/2021\/01\/neuchatel_ville.png\" alt=\"Ville de Neuchatel\" width=\"80%\" height=\"auto\" \/><\/a><\/td>\n<td style=\"width: 33.3333%; text-align: right;\"><strong>Partner Web Solutions<\/strong><a href=\"http:\/\/www.sysco.ch\/\" target=\"_blank\" rel=\"noopener noreferrer\"><img decoding=\"async\" class=\"alignnone size-full wp-image-43098\" src=\"https:\/\/www.lanterne-magique.org\/wp-content\/uploads\/2018\/09\/sysco.png\" alt=\"\" width=\"80%\" height=\"auto\" \/><\/a><\/td>\n<\/tr>\n<tr>\n<td style=\"width: 33.3333%;\"><a title=\"BENEVOL Schweiz ist die Dachorganisation der regionalen Fachstellen f\u00fcr Freiwilligenarbeit. Die BENEVOL-Fachstellen informieren und beraten Personen, Organisationen und Vereine zu allen Aspekten der Freiwilligenarbeit. Sie sind Br\u00fccken zwischen Menschen, die bereit sind einen Teil ihrer Zeit zu schenken und Institutionen, die mit Freiwilligen arbeiten.\" href=\"http:\/\/www.benevol.ch\" target=\"_blank\" rel=\"noopener noreferrer\"><img decoding=\"async\" class=\"alignnone wp-image-20616 \" src=\"https:\/\/www.lanterne-magique.org\/wp-content\/uploads\/2018\/05\/benevol.png\" alt=\"Benevol Schweiz\" width=\"80%\" height=\"auto\" \/><\/a><\/td>\n<td style=\"width: 33.3333%; text-align: right;\"><\/td>\n<td style=\"width: 33.3333%;\"><\/td>\n<\/tr>\n<\/tbody>\n<\/table>\n<p>&nbsp;<\/p>\n<table class=\"alignleft\" style=\"height: auto; width: 100%;\" border=\"0\" cellspacing=\"20\" cellpadding=\"0\">\n<tbody>\n<tr>\n<td style=\"width: 33.3333%;\"><strong>Partner RespectCopyright<\/strong><a href=\"http:\/\/www.swisscopyright.ch\/de\" target=\"_blank\" rel=\"noopener noreferrer\"><img decoding=\"async\" class=\"size-full wp-image-43063 alignleft\" src=\"https:\/\/www.lanterne-magique.org\/wp-content\/uploads\/2018\/09\/swisscopyright.png\" alt=\"\" width=\"80%\" height=\"auto\" \/><\/a><\/td>\n<td style=\"width: 33.3333%; text-align: center;\"><\/td>\n<td style=\"width: 33.3333%; text-align: right;\"><\/td>\n<\/tr>\n<\/tbody>\n<\/table>\n<p>&nbsp;<\/p>\n","protected":false},"excerpt":{"rendered":"<p>Der 1993 in Neuch\u00e2tel gegr\u00fcndete Schweizerische Dachverein Die Zauberlaterne (DVZL) ist die Dachorganisation aller Zauberlaterne-Klubs. Gegenw\u00e4rtig geh\u00f6ren 80 Klubs in der Schweiz dazu, die jedes Jahr rund 1000 Vorstellungen organisieren. Dar\u00fcber hinaus ist die Zauberlaterne auch in zehn L\u00e4ndern im Ausland pr\u00e4sent. Der DVZL garantiert, dass die Konzepte der Zauberlaterne und der Kleinen Laterne umgesetzt [&hellip;]<\/p>\n","protected":false},"author":1,"featured_media":0,"parent":34228,"menu_order":3,"comment_status":"closed","ping_status":"closed","template":"page-article.php","meta":{"_acf_changed":false,"_monsterinsights_skip_tracking":false,"_monsterinsights_sitenote_active":false,"_monsterinsights_sitenote_note":"","_monsterinsights_sitenote_category":0,"footnotes":""},"class_list":["post-34236","page","type-page","status-publish","hentry"],"acf":{"page_sections":[{"acf_fc_layout":"simple_section","section_title":".","section_subtitle":"","section_suptitle":"","section_content":"<p>.<\/p>\n","cta_button_title":"","cta_button_link":"","bg_color":"bleu"}],"suptitle":"","intro":"","subtitle":"","bg_color":"bleu","sidebar_title":"Downloads","sidebar_content":"<p><a href=\"https:\/\/www.lanterne-magique.org\/wp-content\/uploads\/2023\/08\/Statuten-ASLM.pdf\" target=\"_blank\" rel=\"noopener\">Statuten<\/a><br \/>\n<a href=\"https:\/\/www.lanterne-magique.org\/wp-content\/uploads\/2026\/03\/Organisation_26_D.pdf\" target=\"_blank\" rel=\"noopener\">Organisation<\/a><br \/>\n<a href=\"https:\/\/www.lanterne-magique.org\/wp-content\/uploads\/2024\/10\/LM_DP_D_planches.pdf\" target=\"_blank\" rel=\"noopener\">Pr\u00e4sentationsdossier &#8211; Die Zauberlaterne<\/a><br \/>\n<a href=\"https:\/\/www.lanterne-magique.org\/wp-content\/uploads\/2024\/10\/PL_DP_D_planches.pdf\" target=\"_blank\" rel=\"noopener\">Pr\u00e4sentationsdossier &#8211; Die Kleine Laterne<\/a><br \/>\n<a href=\"https:\/\/www.lanterne-magique.org\/wp-content\/uploads\/2025\/10\/RA_ASLM_24-25_D-1.pdf\" target=\"_blank\" rel=\"noopener\">T\u00e4tigkeitsbericht 2024-2025<\/a><br \/>\n<a href=\"https:\/\/www.lanterne-magique.org\/wp-content\/uploads\/2025\/11\/Finanzbericht_24-25_D.pdf\" target=\"_blank\" rel=\"noopener\">Finanzbericht 2024-2025<\/a><\/p>\n","sidebar_image":false},"_links":{"self":[{"href":"https:\/\/www.lanterne-magique.org\/de\/wp-json\/wp\/v2\/pages\/34236","targetHints":{"allow":["GET"]}}],"collection":[{"href":"https:\/\/www.lanterne-magique.org\/de\/wp-json\/wp\/v2\/pages"}],"about":[{"href":"https:\/\/www.lanterne-magique.org\/de\/wp-json\/wp\/v2\/types\/page"}],"author":[{"embeddable":true,"href":"https:\/\/www.lanterne-magique.org\/de\/wp-json\/wp\/v2\/users\/1"}],"replies":[{"embeddable":true,"href":"https:\/\/www.lanterne-magique.org\/de\/wp-json\/wp\/v2\/comments?post=34236"}],"version-history":[{"count":37,"href":"https:\/\/www.lanterne-magique.org\/de\/wp-json\/wp\/v2\/pages\/34236\/revisions"}],"predecessor-version":[{"id":90766,"href":"https:\/\/www.lanterne-magique.org\/de\/wp-json\/wp\/v2\/pages\/34236\/revisions\/90766"}],"up":[{"embeddable":true,"href":"https:\/\/www.lanterne-magique.org\/de\/wp-json\/wp\/v2\/pages\/34228"}],"wp:attachment":[{"href":"https:\/\/www.lanterne-magique.org\/de\/wp-json\/wp\/v2\/media?parent=34236"}],"curies":[{"name":"wp","href":"https:\/\/api.w.org\/{rel}","templated":true}]}}