{"id":34180,"date":"2017-11-29T14:07:28","date_gmt":"2017-11-29T14:07:28","guid":{"rendered":"https:\/\/2018.lanterne.ch\/concept\/?lang=de"},"modified":"2025-11-24T11:16:12","modified_gmt":"2025-11-24T11:16:12","slug":"konzept","status":"publish","type":"page","link":"https:\/\/www.lanterne-magique.org\/de\/konzept\/","title":{"rendered":"Die Zauberlaterne"},"content":{"rendered":"<p>Die Zauberlaterne ist ein Filmklub f\u00fcr Kinder im Alter von 6 bis 12 Jahren. Gemeinsam mit Gleichaltrigen und in Begleitung von verantwortungsbewussten Erwachsenen k\u00f6nnen sie das unvergleichliche Vergn\u00fcgen erleben, Filme im Kinosaal zu entdecken \u2013 und das ganz ohne ihre Eltern!<\/p>\n<h3>9 Filme<\/h3>\n<p>Die Zauberlaterne pr\u00e4sentiert jedes Jahr von September bis Juni eine neue Auswahl von neun qualitativ hochwertigen Filmen aus verschiedenen L\u00e4ndern und Epochen. Bei diesen Filmen haben die Kinder die M\u00f6glichkeit, nicht nur die grossen Emotionen des Lebens zu erfahren, sondern auch einen kritischen Blick zu entwickeln.<\/p>\n<h3>Illustrierte Klubzeitung<\/h3>\n<p>Zehn Tage vor jeder Vorstellung erhalten die Kinder eine unterhaltsame und informative Klubzeitung, die sie allein oder gemeinsam mit ihrer Familie lesen k\u00f6nnen. Darin wird der jeweilige Film, der auf dem Programm steht, ausf\u00fchrlich vorgestellt und es wird erkl\u00e4rt, warum er unbedingt sehenswert ist.<\/p>\n<h3>Unterhaltsames und Lehrreiches Spektakel<\/h3>\n<p>Jede Vorstellung beginnt mit einer theatralischen und multimedialen Einf\u00fchrung, bei der drei professionelle Schauspielende mitwirken. Dadurch werden die Kinder auf den Film vorbereitet und wichtige Elemente des Films hervorgehoben, die f\u00fcr das Verst\u00e4ndnis wichtig sind.<\/p>\n<h3>Erschwinglicher Preis<\/h3>\n<p>Die Mitgliedskarte f\u00fcr alle neun Vorstellungen der Saison kostet nur CHF 40.\u2013 (CHF 30.\u2013 f\u00fcr das zweite Kind und kostenlos f\u00fcr weitere Kinder derselben Familie).<\/p>\n<ul>\n<li><strong><a href=\"https:\/\/www.zauberlaterne.org\/einschreibung\" rel=\"noopener\">Jetzt einschreiben<\/a><\/strong><\/li>\n<li><strong><a href=\"https:\/\/www.zauberlaterne.org\/einen-klub-finden\" rel=\"noopener\">Einen Klub finden<\/a><\/strong><\/li>\n<li><strong><a href=\"https:\/\/www.zauberlaterne.org\/einen-klub-eroeffnen\" rel=\"noopener\">Einen Klub er\u00f6ffnen<\/a><\/strong><\/li>\n<\/ul>\n<p>&nbsp;<\/p>\n<div style=\"padding:56.25% 0 0 0;position:relative;\"><iframe src=\"https:\/\/player.vimeo.com\/video\/858919395?h=613fefc950&amp;badge=0&amp;autopause=0&amp;quality_selector=1&amp;player_id=0&amp;app_id=58479\" frameborder=\"0\" allow=\"autoplay; fullscreen; picture-in-picture\" style=\"position:absolute;top:0;left:0;width:100%;height:100%;\" title=\"Spot23_15s_DE_1080_24_20_High Quality 1080p HD\"><\/iframe><\/div>\n<p><script src=\"https:\/\/player.vimeo.com\/api\/player.js\"><\/script><\/p>\n","protected":false},"excerpt":{"rendered":"<p>Die Zauberlaterne ist ein Filmklub f\u00fcr Kinder im Alter von 6 bis 12 Jahren. Gemeinsam mit Gleichaltrigen und in Begleitung von verantwortungsbewussten Erwachsenen k\u00f6nnen sie das unvergleichliche Vergn\u00fcgen erleben, Filme im Kinosaal zu entdecken \u2013 und das ganz ohne ihre Eltern! 9 Filme Die Zauberlaterne pr\u00e4sentiert jedes Jahr von September bis Juni eine neue Auswahl [&hellip;]<\/p>\n","protected":false},"author":1,"featured_media":0,"parent":0,"menu_order":5,"comment_status":"closed","ping_status":"closed","template":"page-article.php","meta":{"_acf_changed":false,"_monsterinsights_skip_tracking":false,"_monsterinsights_sitenote_active":false,"_monsterinsights_sitenote_note":"","_monsterinsights_sitenote_category":0,"footnotes":""},"class_list":["post-34180","page","type-page","status-publish","hentry"],"acf":{"suptitle":"","intro":"der Filmklub f\u00fcr 6- bis 12-J\u00e4hrige","subtitle":"","bg_color":"saumon","sidebar_title":"","sidebar_content":"","sidebar_image":false},"_links":{"self":[{"href":"https:\/\/www.lanterne-magique.org\/de\/wp-json\/wp\/v2\/pages\/34180","targetHints":{"allow":["GET"]}}],"collection":[{"href":"https:\/\/www.lanterne-magique.org\/de\/wp-json\/wp\/v2\/pages"}],"about":[{"href":"https:\/\/www.lanterne-magique.org\/de\/wp-json\/wp\/v2\/types\/page"}],"author":[{"embeddable":true,"href":"https:\/\/www.lanterne-magique.org\/de\/wp-json\/wp\/v2\/users\/1"}],"replies":[{"embeddable":true,"href":"https:\/\/www.lanterne-magique.org\/de\/wp-json\/wp\/v2\/comments?post=34180"}],"version-history":[{"count":13,"href":"https:\/\/www.lanterne-magique.org\/de\/wp-json\/wp\/v2\/pages\/34180\/revisions"}],"predecessor-version":[{"id":90583,"href":"https:\/\/www.lanterne-magique.org\/de\/wp-json\/wp\/v2\/pages\/34180\/revisions\/90583"}],"wp:attachment":[{"href":"https:\/\/www.lanterne-magique.org\/de\/wp-json\/wp\/v2\/media?parent=34180"}],"curies":[{"name":"wp","href":"https:\/\/api.w.org\/{rel}","templated":true}]}}