{"id":33878,"date":"2017-11-29T14:07:28","date_gmt":"2017-11-29T14:07:28","guid":{"rendered":"https:\/\/2018.lanterne.ch\/accueil\/?lang=de"},"modified":"2024-03-21T16:54:59","modified_gmt":"2024-03-21T16:54:59","slug":"accueil","status":"publish","type":"page","link":"https:\/\/www.lanterne-magique.org\/de\/","title":{"rendered":"Accueil"},"content":{"rendered":"","protected":false},"excerpt":{"rendered":"","protected":false},"author":1,"featured_media":0,"parent":0,"menu_order":1,"comment_status":"closed","ping_status":"closed","template":"","meta":{"_acf_changed":false,"_monsterinsights_skip_tracking":false,"_monsterinsights_sitenote_active":false,"_monsterinsights_sitenote_note":"","_monsterinsights_sitenote_category":0,"footnotes":""},"class_list":["post-33878","page","type-page","status-publish","hentry"],"acf":{"page_sections":[{"acf_fc_layout":"simple_section","section_title":"Events","section_subtitle":"Magische Events fur die ganze Familie","section_suptitle":"","section_content":"    <div class=\" w-row\">\n        <div class=\"colonne_vide w-col w-col-1 w-col-stack\"><\/div>\n        <div class=\"js-grid w-col w-col-10 w-col-stack\">\n                        <div class=\"js-grid-item w-container\">\n                                <a href=\"https:\/\/www.lanterne-magique.org\/de\/events\/die-legende-des-wuestenkindes-26\/\" class=\"container_event fond_blanc \">\n                    <img src=\"https:\/\/www.lanterne-magique.org\/wp-content\/themes\/lanterne-magique\/static\/images\/bande-noire.svg\" class=\"separateur_noir\">\n                                        <h4 class=\"titre_event_lieu\">\n                                                    Ab Donnerstag, 21. Mai\n                                                                            \/ in den Deutschschweizer Kinos\n                                            <\/h4>\n                                        <h3 class=\"titre_de_evenement\">\u00abDie Legende des W\u00fcstenkindes\u00bb<\/h3>\n                    <img src=\"https:\/\/www.lanterne-magique.org\/wp-content\/themes\/lanterne-magique\/static\/images\/bande-noire.svg\" class=\"separateur_noir_reverse\">\n                    <div class=\"rangee_image_paragraphe w-row\">\n                                                    <div class=\"colonne_image_event w-col w-col-5\">\n                                <img width=\"600\" height=\"406\" src=\"https:\/\/www.lanterne-magique.org\/wp-content\/uploads\/2026\/03\/l-enfant-du-desert-600x406.png\" class=\"image_event wp-post-image\" alt=\"\" decoding=\"async\" loading=\"lazy\" srcset=\"https:\/\/www.lanterne-magique.org\/wp-content\/uploads\/2026\/03\/l-enfant-du-desert-600x406.png 600w, https:\/\/www.lanterne-magique.org\/wp-content\/uploads\/2026\/03\/l-enfant-du-desert-1400x946.png 1400w, https:\/\/www.lanterne-magique.org\/wp-content\/uploads\/2026\/03\/l-enfant-du-desert-768x519.png 768w, https:\/\/www.lanterne-magique.org\/wp-content\/uploads\/2026\/03\/l-enfant-du-desert-1536x1038.png 1536w, https:\/\/www.lanterne-magique.org\/wp-content\/uploads\/2026\/03\/l-enfant-du-desert.png 1608w\" sizes=\"auto, (max-width: 600px) 100vw, 600px\" \/>\n                            <\/div>\n                            <div class=\"colonne_paragraphe_event w-col w-col-7\">\n                                <p>\n                                                                            Entdecke im Kino \u00abDie Legende des W\u00fcstenkindes\u00bb, den neuen Abenteuerfilm vom franz\u00f6sischen Filmemacher Gilles de Maistre, von dem du vielleicht bereits \u00abMoon, der Panda\u00bb, \u00abElla und der schwarze Jaguar\u00bb oder \u00abMia und der weisse L\u00f6we\u00bb gesehen hast!\n                                                                    <\/p>\n                            <\/div>\n                                            <\/div>\n                <\/a>\n                <a href=\"https:\/\/www.lanterne-magique.org\/de\/events\/die-legende-des-wuestenkindes-26\/\" class=\"bouton alignement_droite w-button\">Entdecken<\/a>\n            <\/div>\n            \n            \n            <div class=\"js-grid-gutter\"><\/div>\n\n        <\/div>\n\n    <\/div>\n\n    \n","cta_button_title":"Alle Events sehen","cta_button_link":"\/de\/evenements","bg_color":"bleu"},{"acf_fc_layout":"simple_section","section_title":"In den Schlagzeilen","section_subtitle":"","section_suptitle":"Aktuell","section_content":"\n    \n                    <div class=\"rangee_simple w-row\">\n                <div class=\"colonne_vide w-col w-col-1 w-col-stack\"><\/div>\n                <a href=\"https:\/\/www.lanterne-magique.org\/de\/filmklub-sucht-leitung-26\/\" class=\"hide-mobile colonne_gauche_image w-col w-col-5 w-col-stack\">\n                    <img width=\"424\" height=\"600\" src=\"https:\/\/www.lanterne-magique.org\/wp-content\/uploads\/2026\/03\/260319_Aargauer-Zeitung-424x600.jpg\" class=\"image-2 wp-post-image\" alt=\"\" decoding=\"async\" loading=\"lazy\" srcset=\"https:\/\/www.lanterne-magique.org\/wp-content\/uploads\/2026\/03\/260319_Aargauer-Zeitung-424x600.jpg 424w, https:\/\/www.lanterne-magique.org\/wp-content\/uploads\/2026\/03\/260319_Aargauer-Zeitung.jpg 587w\" sizes=\"auto, (max-width: 424px) 100vw, 424px\" \/>\n                <\/a>\n                <div class=\"colonne_droite w-clearfix w-col w-col-5 w-col-stack\">\n                    <a href=\"https:\/\/www.lanterne-magique.org\/de\/filmklub-sucht-leitung-26\/\" class=\"basic-link\">\n                        <h2 class=\"titre_paragraphe_une\"><span class=\"text_span_surlignage_blanc\">Filmklub Zauberlaterne sucht Leitung<\/span><\/h2>\n                    <\/a>\n                                        <a href=\"https:\/\/www.lanterne-magique.org\/de\/filmklub-sucht-leitung-26\/\" class=\"hide-desktop colonne_gauche_image w-col w-col-5 w-col-stack\">\n                        <img width=\"424\" height=\"600\" src=\"https:\/\/www.lanterne-magique.org\/wp-content\/uploads\/2026\/03\/260319_Aargauer-Zeitung-424x600.jpg\" class=\"image-2 wp-post-image\" alt=\"\" decoding=\"async\" loading=\"lazy\" srcset=\"https:\/\/www.lanterne-magique.org\/wp-content\/uploads\/2026\/03\/260319_Aargauer-Zeitung-424x600.jpg 424w, https:\/\/www.lanterne-magique.org\/wp-content\/uploads\/2026\/03\/260319_Aargauer-Zeitung.jpg 587w\" sizes=\"auto, (max-width: 424px) 100vw, 424px\" \/>\n                    <\/a>\n                    <img src=\"https:\/\/www.lanterne-magique.org\/wp-content\/themes\/lanterne-magique\/static\/images\/bande_noire_longue.svg\" class=\"separateur_noir\">\n                    <p class=\"paragraphes\">\n                        Leiterin Christina Biland tritt zur\u00fcck. Wer f\u00fchrt das Angebot f\u00fcr Kinder nun weiter?...\n                    <\/p>\n                    <img src=\"https:\/\/www.lanterne-magique.org\/wp-content\/themes\/lanterne-magique\/static\/images\/bande_noire_longue.svg\" class=\"separateur_noir_reverse\">\n                    <br><br>\n                    <a href=\"https:\/\/www.lanterne-magique.org\/de\/filmklub-sucht-leitung-26\/\" class=\"bouton alignement_droite w-button\">Entdecken<\/a>\n                <\/div>\n                <div class=\"colonne_vide w-col w-col-1 w-col-stack\"><\/div>\n            <\/div>\n        \n    \n\n","cta_button_title":"Alle Aktuell sehen","cta_button_link":"\/de\/actualites\/","bg_color":"vert"},{"acf_fc_layout":"simple_section","section_title":"Online-Angebote","section_subtitle":"","section_suptitle":"Viel Spass mit der Zauberlaterne","section_content":"<div class=\"game-list rangee_4_col w-row\">\n            <div class=\"colonne_quart w-col w-col-3 w-col-medium-6\">\n            <a href=\"https:\/\/www.lanterne-magique.org\/de\/games\/videos-fffh-23\/\">\n                                    <h1 class=\"titres_liste\">\u00abDie Tiere ergreifen das Wort\u00bb<\/h1>\n                                    <img width=\"933\" height=\"1400\" src=\"https:\/\/www.lanterne-magique.org\/wp-content\/uploads\/2023\/08\/animaux-prennent-la-parole_FFFH_23.png\" class=\" wp-post-image\" alt=\"\" decoding=\"async\" loading=\"lazy\" srcset=\"https:\/\/www.lanterne-magique.org\/wp-content\/uploads\/2023\/08\/animaux-prennent-la-parole_FFFH_23.png 933w, https:\/\/www.lanterne-magique.org\/wp-content\/uploads\/2023\/08\/animaux-prennent-la-parole_FFFH_23-400x600.png 400w, https:\/\/www.lanterne-magique.org\/wp-content\/uploads\/2023\/08\/animaux-prennent-la-parole_FFFH_23-768x1152.png 768w, https:\/\/www.lanterne-magique.org\/wp-content\/uploads\/2023\/08\/animaux-prennent-la-parole_FFFH_23-300x450.png 300w\" sizes=\"auto, (max-width: 933px) 100vw, 933px\" \/>\n                            <\/a>\n        <\/div>\n            <div class=\"colonne_quart w-col w-col-3 w-col-medium-6\">\n            <a href=\"https:\/\/www.lanterne-magique.org\/de\/games\/videos-fffh-22\/\">\n                                    <img width=\"1354\" height=\"1400\" src=\"https:\/\/www.lanterne-magique.org\/wp-content\/uploads\/2022\/08\/bruitage.png\" class=\" wp-post-image\" alt=\"\" decoding=\"async\" loading=\"lazy\" srcset=\"https:\/\/www.lanterne-magique.org\/wp-content\/uploads\/2022\/08\/bruitage.png 1354w, https:\/\/www.lanterne-magique.org\/wp-content\/uploads\/2022\/08\/bruitage-580x600.png 580w, https:\/\/www.lanterne-magique.org\/wp-content\/uploads\/2022\/08\/bruitage-768x794.png 768w, https:\/\/www.lanterne-magique.org\/wp-content\/uploads\/2022\/08\/bruitage-300x310.png 300w\" sizes=\"auto, (max-width: 1354px) 100vw, 1354px\" \/>\n                                    <h1 class=\"titres_liste\">\u00abMagische Kl\u00e4nge\u00bb<\/h1>\n                            <\/a>\n        <\/div>\n            <div class=\"colonne_quart w-col w-col-3 w-col-medium-6\">\n            <a href=\"https:\/\/www.lanterne-magique.org\/de\/games\/die-katze-die-einen-film-machen-wollte\/\">\n                                    <h1 class=\"titres_liste\">Die Katze, die einen Film machen wollte<\/h1>\n                                    <img width=\"600\" height=\"421\" src=\"https:\/\/www.lanterne-magique.org\/wp-content\/uploads\/2018\/05\/NOUVEAU_Chat_FT.png\" class=\" wp-post-image\" alt=\"\" decoding=\"async\" loading=\"lazy\" \/>\n                            <\/a>\n        <\/div>\n            <div class=\"colonne_quart w-col w-col-3 w-col-medium-6\">\n            <a href=\"https:\/\/www.lanterne-magique.org\/de\/games\/sweet-home-cinema\/\">\n                                    <img width=\"1393\" height=\"1400\" src=\"https:\/\/www.lanterne-magique.org\/wp-content\/uploads\/2020\/04\/sweet-home-cinema.png\" class=\" wp-post-image\" alt=\"\" decoding=\"async\" loading=\"lazy\" srcset=\"https:\/\/www.lanterne-magique.org\/wp-content\/uploads\/2020\/04\/sweet-home-cinema.png 1393w, https:\/\/www.lanterne-magique.org\/wp-content\/uploads\/2020\/04\/sweet-home-cinema-597x600.png 597w, https:\/\/www.lanterne-magique.org\/wp-content\/uploads\/2020\/04\/sweet-home-cinema-768x772.png 768w\" sizes=\"auto, (max-width: 1393px) 100vw, 1393px\" \/>\n                                    <h1 class=\"titres_liste\">Sweet home cinema<\/h1>\n                            <\/a>\n        <\/div>\n    <\/div>\n","cta_button_title":"","cta_button_link":"","bg_color":"jaune"}],"hero_teaser_video":"457724844","hero_full_video":"478955782","hero_image":{"ID":74867,"id":74867,"title":"Teaser-original-8","filename":"Teaser-original-8.jpg","filesize":2333240,"url":"https:\/\/www.lanterne-magique.org\/wp-content\/uploads\/2021\/08\/Teaser-original-8.jpg","link":"https:\/\/www.lanterne-magique.org\/de\/accueil\/teaser-original-8-2\/","alt":"","author":"2","description":"","caption":"","name":"teaser-original-8-2","status":"inherit","uploaded_to":33878,"date":"2021-08-30 19:27:00","modified":"2021-08-30 20:41:47","menu_order":0,"mime_type":"image\/jpeg","type":"image","subtype":"jpeg","icon":"https:\/\/www.lanterne-magique.org\/wp-includes\/images\/media\/default.png","width":1873,"height":1009,"sizes":{"thumbnail":"https:\/\/www.lanterne-magique.org\/wp-content\/uploads\/2021\/08\/Teaser-original-8-300x300.jpg","thumbnail-width":300,"thumbnail-height":300,"medium":"https:\/\/www.lanterne-magique.org\/wp-content\/uploads\/2021\/08\/Teaser-original-8-600x323.jpg","medium-width":600,"medium-height":323,"medium_large":"https:\/\/www.lanterne-magique.org\/wp-content\/uploads\/2021\/08\/Teaser-original-8-768x414.jpg","medium_large-width":768,"medium_large-height":414,"large":"https:\/\/www.lanterne-magique.org\/wp-content\/uploads\/2021\/08\/Teaser-original-8-1400x754.jpg","large-width":1400,"large-height":754,"1536x1536":"https:\/\/www.lanterne-magique.org\/wp-content\/uploads\/2021\/08\/Teaser-original-8-1536x827.jpg","1536x1536-width":1536,"1536x1536-height":827,"2048x2048":"https:\/\/www.lanterne-magique.org\/wp-content\/uploads\/2021\/08\/Teaser-original-8.jpg","2048x2048-width":1873,"2048x2048-height":1009,"gform-image-choice-sm":"https:\/\/www.lanterne-magique.org\/wp-content\/uploads\/2021\/08\/Teaser-original-8.jpg","gform-image-choice-sm-width":300,"gform-image-choice-sm-height":162,"gform-image-choice-md":"https:\/\/www.lanterne-magique.org\/wp-content\/uploads\/2021\/08\/Teaser-original-8.jpg","gform-image-choice-md-width":400,"gform-image-choice-md-height":215,"gform-image-choice-lg":"https:\/\/www.lanterne-magique.org\/wp-content\/uploads\/2021\/08\/Teaser-original-8.jpg","gform-image-choice-lg-width":600,"gform-image-choice-lg-height":323}},"custom_hero":{"hero_teaser_video":"457724844","hero_full_video":"478955782","hero_image":{"ID":74867,"id":74867,"title":"Teaser-original-8","filename":"Teaser-original-8.jpg","filesize":2333240,"url":"https:\/\/www.lanterne-magique.org\/wp-content\/uploads\/2021\/08\/Teaser-original-8.jpg","link":"https:\/\/www.lanterne-magique.org\/de\/accueil\/teaser-original-8-2\/","alt":"","author":"2","description":"","caption":"","name":"teaser-original-8-2","status":"inherit","uploaded_to":33878,"date":"2021-08-30 19:27:00","modified":"2021-08-30 20:41:47","menu_order":0,"mime_type":"image\/jpeg","type":"image","subtype":"jpeg","icon":"https:\/\/www.lanterne-magique.org\/wp-includes\/images\/media\/default.png","width":1873,"height":1009,"sizes":{"thumbnail":"https:\/\/www.lanterne-magique.org\/wp-content\/uploads\/2021\/08\/Teaser-original-8-300x300.jpg","thumbnail-width":300,"thumbnail-height":300,"medium":"https:\/\/www.lanterne-magique.org\/wp-content\/uploads\/2021\/08\/Teaser-original-8-600x323.jpg","medium-width":600,"medium-height":323,"medium_large":"https:\/\/www.lanterne-magique.org\/wp-content\/uploads\/2021\/08\/Teaser-original-8-768x414.jpg","medium_large-width":768,"medium_large-height":414,"large":"https:\/\/www.lanterne-magique.org\/wp-content\/uploads\/2021\/08\/Teaser-original-8-1400x754.jpg","large-width":1400,"large-height":754,"1536x1536":"https:\/\/www.lanterne-magique.org\/wp-content\/uploads\/2021\/08\/Teaser-original-8-1536x827.jpg","1536x1536-width":1536,"1536x1536-height":827,"2048x2048":"https:\/\/www.lanterne-magique.org\/wp-content\/uploads\/2021\/08\/Teaser-original-8.jpg","2048x2048-width":1873,"2048x2048-height":1009,"gform-image-choice-sm":"https:\/\/www.lanterne-magique.org\/wp-content\/uploads\/2021\/08\/Teaser-original-8.jpg","gform-image-choice-sm-width":300,"gform-image-choice-sm-height":162,"gform-image-choice-md":"https:\/\/www.lanterne-magique.org\/wp-content\/uploads\/2021\/08\/Teaser-original-8.jpg","gform-image-choice-md-width":400,"gform-image-choice-md-height":215,"gform-image-choice-lg":"https:\/\/www.lanterne-magique.org\/wp-content\/uploads\/2021\/08\/Teaser-original-8.jpg","gform-image-choice-lg-width":600,"gform-image-choice-lg-height":323}}},"hero_image_desktop":false},"_links":{"self":[{"href":"https:\/\/www.lanterne-magique.org\/de\/wp-json\/wp\/v2\/pages\/33878","targetHints":{"allow":["GET"]}}],"collection":[{"href":"https:\/\/www.lanterne-magique.org\/de\/wp-json\/wp\/v2\/pages"}],"about":[{"href":"https:\/\/www.lanterne-magique.org\/de\/wp-json\/wp\/v2\/types\/page"}],"author":[{"embeddable":true,"href":"https:\/\/www.lanterne-magique.org\/de\/wp-json\/wp\/v2\/users\/1"}],"replies":[{"embeddable":true,"href":"https:\/\/www.lanterne-magique.org\/de\/wp-json\/wp\/v2\/comments?post=33878"}],"version-history":[{"count":24,"href":"https:\/\/www.lanterne-magique.org\/de\/wp-json\/wp\/v2\/pages\/33878\/revisions"}],"predecessor-version":[{"id":83692,"href":"https:\/\/www.lanterne-magique.org\/de\/wp-json\/wp\/v2\/pages\/33878\/revisions\/83692"}],"wp:attachment":[{"href":"https:\/\/www.lanterne-magique.org\/de\/wp-json\/wp\/v2\/media?parent=33878"}],"curies":[{"name":"wp","href":"https:\/\/api.w.org\/{rel}","templated":true}]}}