{"id":34239,"date":"2017-11-29T14:07:28","date_gmt":"2017-11-29T14:07:28","guid":{"rendered":"https:\/\/2018.lanterne.ch\/a-propos\/la-lanterne-magique\/?lang=ar"},"modified":"2025-12-15T08:46:39","modified_gmt":"2025-12-15T08:46:39","slug":"association","status":"publish","type":"page","link":"https:\/\/www.lanterne-magique.org\/ar\/a-propos\/association\/","title":{"rendered":"Association Suisse La\u00a0Lanterne\u00a0Magique"},"content":{"rendered":"<p><strong>Fond\u00e9e en 1993 \u00e0 Neuch\u00e2tel, l\u2019Association Suisse La Lanterne Magique (ASLM) est l\u2019organe fa\u00eetier regroupant tous les clubs de La Lanterne Magique. Elle compte actuellement 80 clubs en Suisse qui organisent chaque ann\u00e9e pr\u00e8s d\u2019un millier de s\u00e9ances. En outre, La Lanterne Magique est \u00e9galement pr\u00e9sente \u00e0 l\u2019international dans une dizaine de pays.<\/strong><\/p>\n<p>L\u2019ASLM est garante des concepts de La Lanterne Magique et de La Petite Lanterne et veille \u00e0 leur application. Elle assure notamment la r\u00e9alisation de la programmation, la conception du mat\u00e9riel p\u00e9dagogique et le d\u00e9veloppement de l\u2019identit\u00e9 visuelle. Pour mener \u00e0 bien ses t\u00e2ches, l\u2019ASLM travaille en \u00e9troite collaboration avec les clubs. Elle d\u00e9fend leurs int\u00e9r\u00eats, coordonne leurs activit\u00e9s, leur fournit les supports et l\u2019aide n\u00e9cessaire \u00e0 leur fonctionnement, et d\u00e9veloppe \u00e0 leur intention des outils structurels, logistiques, techniques et promotionnels.<\/p>\n<p>L\u2019ASLM travaille avec de nombreux partenaires culturels et propose chaque ann\u00e9e, en plus des s\u00e9ances r\u00e9guli\u00e8res de ses clubs, un grand nombre d\u2019\u00e9v\u00e9nements, notamment dans le cadre des festivals de cin\u00e9ma. Du fait de son rayonnement international, l\u2019ASLM est invit\u00e9e \u00e0 de nombreux congr\u00e8s, ateliers ou festivals, o\u00f9 elle fait b\u00e9n\u00e9ficier des professionnel\u00b7les du monde entier de son expertise en mati\u00e8re de cin\u00e9ma jeune public.<\/p>\n<p>\u00c9galement pr\u00e9sente dans les \u00e9coles, elle collabore avec la Conf\u00e9rence intercantonale de l\u2019instruction publique de la Suisse romande et du Tessin (CIIP) et son \u00e9quivalent al\u00e9manique (KBK).<\/p>\n<p><strong>Association Suisse La Lanterne Magique<\/strong><br \/>\nRue des Terreaux 7, CH-2000 Neuch\u00e2tel<br \/>\n<a href=\"tel:0041327237700\">+41 (0)32 723 77 00<\/a><br \/>\n<a href=\"mailto:box@lanterne.ch\">box@lanterne.ch<\/a><br \/>\n<a href=\"https:\/\/www.lanterne-magique.org\/ar\/\">www.lanterne-magique.org<\/a><\/p>\n<p>&nbsp;<\/p>\n<table class=\"alignleft\" style=\"height: auto; width: 100%;\" border=\"0\" cellspacing=\"20\" cellpadding=\"0\">\n<tbody>\n<tr>\n<td style=\"width: 33.3333%;\"><a href=\"http:\/\/www.bak.admin.ch\/index.html?lang=fr\" target=\"_blank\" rel=\"noopener noreferrer\"><img decoding=\"async\" class=\"alignnone wp-image-20597 size-full\" src=\"https:\/\/www.lanterne-magique.org\/wp-content\/uploads\/2018\/05\/ofc_fr.png\" alt=\"Office f\u00e9d\u00e9ral de la culture\" width=\"80%\" height=\"auto\" \/><\/a><\/td>\n<td style=\"width: 33.3333%; text-align: center;\"><a href=\"https:\/\/www.loro.ch\/fr\" target=\"_blank\" rel=\"noopener noreferrer\"><img decoding=\"async\" class=\"alignnone wp-image-17039\" src=\"https:\/\/www.lanterne-magique.org\/wp-content\/uploads\/2018\/05\/loterie_romande.png\" alt=\"Loterie romande\" width=\"80%\" height=\"auto\" \/><\/a><\/td>\n<td style=\"width: 33.3333%; text-align: right;\"><a href=\"http:\/\/www.procinema.ch\/fr\/\" target=\"_blank\" rel=\"noopener noreferrer\"><img decoding=\"async\" class=\" wp-image-24365 alignnone\" src=\"https:\/\/www.lanterne-magique.org\/wp-content\/uploads\/2018\/05\/procinema.png\" alt=\"Procinema\" width=\"80%\" height=\"auto\" \/><\/a><\/td>\n<\/tr>\n<tr>\n<td style=\"width: 33.3333%;\"><a href=\"http:\/\/www.ne.ch\" target=\"_blank\" rel=\"noopener noreferrer\"><img decoding=\"async\" class=\"alignnone wp-image-20614 size-full\" src=\"https:\/\/www.lanterne-magique.org\/wp-content\/uploads\/2018\/05\/neuchatel_canton.png\" alt=\"Canton de Neuch\u00e2tel\" width=\"80%\" height=\"auto\" \/><\/a><\/td>\n<td style=\"width: 33.3333%; text-align: center;\"><a href=\"http:\/\/www.neuchatelville.ch\/\" target=\"_blank\" rel=\"noopener noreferrer\"><img decoding=\"async\" class=\"alignnone wp-image-20615 size-full\" src=\"https:\/\/www.lanterne-magique.org\/wp-content\/uploads\/2021\/01\/neuchatel_ville.png\" alt=\"Ville de Neuch\u00e2tel\" width=\"80%\" height=\"auto\" \/><\/a><\/td>\n<td style=\"width: 33.3333%; text-align: right;\"><strong>Partenaire solutions Internet<\/strong><a href=\"http:\/\/www.sysco.ch\/\" target=\"_blank\" rel=\"noopener noreferrer\"><img decoding=\"async\" class=\"alignnone size-full wp-image-43095\" src=\"https:\/\/www.lanterne-magique.org\/wp-content\/uploads\/2018\/09\/sysco.png\" alt=\"\" width=\"80%\" height=\"auto\" \/><\/a><\/td>\n<\/tr>\n<\/tbody>\n<\/table>\n<p>&nbsp;<\/p>\n<p>&nbsp;<\/p>\n<table class=\"alignleft\" style=\"height: auto; width: 100%;\" border=\"0\" cellspacing=\"20\" cellpadding=\"0\">\n<tbody>\n<tr>\n<td style=\"width: 33.3333%;\"><strong>Partenaire RespectCopyright<\/strong><a href=\"http:\/\/www.swisscopyright.ch\/fr\" target=\"_blank\" rel=\"noopener noreferrer\"><img decoding=\"async\" class=\"alignnone size-full wp-image-43063\" src=\"https:\/\/www.lanterne-magique.org\/wp-content\/uploads\/2018\/09\/swisscopyright.png\" alt=\"\" width=\"80%\" height=\"auto\" \/><\/a><\/td>\n<td style=\"width: 33.3333%; text-align: center;\"><\/td>\n<td style=\"width: 33.3333%; text-align: right;\"><\/td>\n<\/tr>\n<\/tbody>\n<\/table>\n<p>&nbsp;<\/p>\n","protected":false},"excerpt":{"rendered":"<p>Fond\u00e9e en 1993 \u00e0 Neuch\u00e2tel, l\u2019Association Suisse La Lanterne Magique (ASLM) est l\u2019organe fa\u00eetier regroupant tous les clubs de La Lanterne Magique. Elle compte actuellement 80 clubs en Suisse qui organisent chaque ann\u00e9e pr\u00e8s d\u2019un millier de s\u00e9ances. En outre, La Lanterne Magique est \u00e9galement pr\u00e9sente \u00e0 l\u2019international dans une dizaine de pays. L\u2019ASLM est [&hellip;]<\/p>\n","protected":false},"author":1,"featured_media":0,"parent":34231,"menu_order":3,"comment_status":"closed","ping_status":"closed","template":"page-article.php","meta":{"_acf_changed":false,"_monsterinsights_skip_tracking":false,"_monsterinsights_sitenote_active":false,"_monsterinsights_sitenote_note":"","_monsterinsights_sitenote_category":0,"footnotes":""},"class_list":["post-34239","page","type-page","status-publish","hentry"],"acf":{"page_sections":[{"acf_fc_layout":"simple_section","section_title":".","section_subtitle":"","section_suptitle":"","section_content":"<p>.<\/p>\n","cta_button_title":"","cta_button_link":"","bg_color":"bleu"}],"suptitle":"","intro":"","subtitle":"","bg_color":"bleu","sidebar_title":"T\u00e9l\u00e9chargements","sidebar_content":"<p><a href=\"https:\/\/www.lanterne-magique.org\/wp-content\/uploads\/2023\/08\/Statuts-ASLM.pdf\" target=\"_blank\" rel=\"noopener\">Statuts<\/a><br \/>\n<a href=\"https:\/\/www.lanterne-magique.org\/wp-content\/uploads\/2026\/03\/Organisation_26_F.pdf\" target=\"_blank\" rel=\"noopener\">Organisation<\/a><br \/>\n<a href=\"https:\/\/www.lanterne-magique.org\/wp-content\/uploads\/2024\/06\/DP_La-Lanterne-Magique.pdf\" target=\"_blank\" rel=\"noopener\">Dossier de pr\u00e9sentation &#8211; La Lanterne Magique<\/a><br \/>\n<a href=\"https:\/\/www.lanterne-magique.org\/wp-content\/uploads\/2024\/07\/DP_La-Petite-Lanterne.pdf\" target=\"_blank\" rel=\"noopener\">Dossier de pr\u00e9sentation &#8211; La Petite Lanterne<\/a><br \/>\n<a href=\"https:\/\/www.lanterne-magique.org\/wp-content\/uploads\/2025\/10\/RA_ASLM_24-25_F-1.pdf\" target=\"_blank\" rel=\"noopener\">Rapport d&#8217;activit\u00e9s 2024-2025<\/a><br \/>\n<a href=\"https:\/\/www.lanterne-magique.org\/wp-content\/uploads\/2025\/11\/Rapport-financier_24-25_F.pdf\" target=\"_blank\" rel=\"noopener\">Rapport financier 2024-2025<\/a><\/p>\n","sidebar_image":false},"_links":{"self":[{"href":"https:\/\/www.lanterne-magique.org\/ar\/wp-json\/wp\/v2\/pages\/34239","targetHints":{"allow":["GET"]}}],"collection":[{"href":"https:\/\/www.lanterne-magique.org\/ar\/wp-json\/wp\/v2\/pages"}],"about":[{"href":"https:\/\/www.lanterne-magique.org\/ar\/wp-json\/wp\/v2\/types\/page"}],"author":[{"embeddable":true,"href":"https:\/\/www.lanterne-magique.org\/ar\/wp-json\/wp\/v2\/users\/1"}],"replies":[{"embeddable":true,"href":"https:\/\/www.lanterne-magique.org\/ar\/wp-json\/wp\/v2\/comments?post=34239"}],"version-history":[{"count":67,"href":"https:\/\/www.lanterne-magique.org\/ar\/wp-json\/wp\/v2\/pages\/34239\/revisions"}],"predecessor-version":[{"id":90761,"href":"https:\/\/www.lanterne-magique.org\/ar\/wp-json\/wp\/v2\/pages\/34239\/revisions\/90761"}],"up":[{"embeddable":true,"href":"https:\/\/www.lanterne-magique.org\/ar\/wp-json\/wp\/v2\/pages\/34231"}],"wp:attachment":[{"href":"https:\/\/www.lanterne-magique.org\/ar\/wp-json\/wp\/v2\/media?parent=34239"}],"curies":[{"name":"wp","href":"https:\/\/api.w.org\/{rel}","templated":true}]}}